{"id":7099,"date":"2022-09-12T09:13:01","date_gmt":"2022-09-12T09:13:01","guid":{"rendered":"https:\/\/hyd.ee\/meie-tood-ja-tegevused\/"},"modified":"2023-02-28T14:41:44","modified_gmt":"2023-02-28T14:41:44","slug":"meie-tood-ja-tegevused","status":"publish","type":"page","link":"https:\/\/hyd.ee\/fi\/meie-tood-ja-tegevused\/","title":{"rendered":"Referenssit"},"content":{"rendered":"<p>T\u00e4h\u00e4n osioon ker\u00e4\u00e4mme j\u00e4nnitt\u00e4v\u00e4mpi\u00e4, \u00f6ljyisempi\u00e4 ja isompia t\u00f6it\u00e4, jotta saatte my\u00f6s k\u00e4sityksen siit\u00e4, mit\u00e4 ty\u00f6pajassamme tehd\u00e4\u00e4n p\u00e4ivitt\u00e4in.<\/p>\n<p>P\u00f6ydill\u00e4mme on tasaisesti eri vaikeusasteisia t\u00f6it\u00e4 ja olemme ylpeit\u00e4 siit\u00e4, ett\u00e4 kaikki asiakkaamme saavat tilauksensa takaisin parhaassa mahdollisessa kunnossa, neuvojen ja suositusten kera.<\/p>\n<p>&nbsp;<\/p>\n<p>Lis\u00e4\u00e4mme t\u00e4lle sivulle jatkuvasti tehtyj\u00e4 t\u00f6it\u00e4, joten k\u00e4y v\u00e4lill\u00e4 kurkkaamassa mit\u00e4 olemme t\u00e4ll\u00e4 v\u00e4lin tehneet.<\/p>\n<p><a href=\"https:\/\/hyd.ee\/wp-content\/uploads\/2023\/01\/Jaam-3.jpg\"><img decoding=\"async\" loading=\"lazy\" class=\"alignleft wp-image-6761 size-thumbnail\" src=\"https:\/\/hyd.ee\/wp-content\/uploads\/2023\/01\/Jaam-3-150x150.jpg\" alt=\"Hydroasema ennen ja j\u00e4lkeen\" width=\"150\" height=\"150\"><\/a><\/p>\n<p><a href=\"https:\/\/hyd.ee\/wp-content\/uploads\/2022\/05\/IMG_20200423_081406-scaled.jpg\"><img decoding=\"async\" loading=\"lazy\" class=\"alignleft wp-image-2811 size-thumbnail\" src=\"https:\/\/hyd.ee\/wp-content\/uploads\/2022\/05\/IMG_20200423_081406-150x150.jpg\" alt=\"Uudet putket vanhojen putkien pohjalta\" width=\"150\" height=\"150\"><\/a> <a href=\"https:\/\/hyd.ee\/wp-content\/uploads\/2022\/05\/IMG_20200423_081250-scaled.jpg\"><img decoding=\"async\" loading=\"lazy\" class=\"alignleft wp-image-2805 size-thumbnail\" src=\"https:\/\/hyd.ee\/wp-content\/uploads\/2022\/05\/IMG_20200423_081250-150x150.jpg\" alt=\"Uudet putket vanhojen putkien pohjalta\" width=\"150\" height=\"150\"><\/a><a href=\"https:\/\/hyd.ee\/wp-content\/uploads\/2023\/02\/silindri-remont-1-scaled.jpg\"><img decoding=\"async\" loading=\"lazy\" class=\"alignleft wp-image-7049 size-thumbnail\" src=\"https:\/\/hyd.ee\/wp-content\/uploads\/2023\/02\/silindri-remont-1-150x150.jpg\" alt=\"Sylinterin korjaus\" width=\"150\" height=\"150\"><\/a><a href=\"https:\/\/hyd.ee\/wp-content\/uploads\/2023\/02\/IMG_20210915_224157-scaled.jpg\"><img decoding=\"async\" loading=\"lazy\" class=\"alignleft wp-image-7059 size-thumbnail\" src=\"https:\/\/hyd.ee\/wp-content\/uploads\/2023\/02\/IMG_20210915_224157-150x150.jpg\" alt=\"Esimerkkej\u00e4 putken taivutuksesta\" width=\"150\" height=\"150\"><\/a><a href=\"https:\/\/hyd.ee\/wp-content\/uploads\/2023\/02\/IMG_20220207_150438-scaled.jpg\"><img decoding=\"async\" loading=\"lazy\" class=\"size-thumbnail wp-image-7062 alignleft\" src=\"https:\/\/hyd.ee\/wp-content\/uploads\/2023\/02\/IMG_20220207_150438-150x150.jpg\" alt=\"\" width=\"150\" height=\"150\"><\/a><\/p>\n<p>&nbsp;<\/p>\n<p>&nbsp;<\/p>\n<p>&nbsp;<\/p>\n<p>&nbsp;<\/p>\n<p><a href=\"https:\/\/hyd.ee\/wp-content\/uploads\/2023\/02\/IMG20220401115651.jpg\"><img decoding=\"async\" loading=\"lazy\" class=\"size-thumbnail wp-image-7068 alignleft\" src=\"https:\/\/hyd.ee\/wp-content\/uploads\/2023\/02\/IMG20220401115651-150x150.jpg\" alt=\"\" width=\"150\" height=\"150\"><\/a><a href=\"https:\/\/hyd.ee\/wp-content\/uploads\/2023\/02\/IMG_20210614_145230-1.jpg\"><img decoding=\"async\" loading=\"lazy\" class=\"size-thumbnail wp-image-7083 alignleft\" src=\"https:\/\/hyd.ee\/wp-content\/uploads\/2023\/02\/IMG_20210614_145230-1-150x150.jpg\" alt=\"\" width=\"150\" height=\"150\"><\/a><a href=\"https:\/\/hyd.ee\/wp-content\/uploads\/2022\/11\/IMG_20220505_171617-scaled.jpg\"><img decoding=\"async\" loading=\"lazy\" class=\"alignleft wp-image-6576 size-thumbnail\" src=\"https:\/\/hyd.ee\/wp-content\/uploads\/2022\/11\/IMG_20220505_171617-150x150.jpg\" alt=\"Hydroasema\" width=\"150\" height=\"150\"><\/a><a href=\"https:\/\/hyd.ee\/wp-content\/uploads\/2023\/02\/mootori-remont-scaled.jpg\"><img decoding=\"async\" loading=\"lazy\" class=\"alignleft wp-image-7080 size-thumbnail\" src=\"https:\/\/hyd.ee\/wp-content\/uploads\/2023\/02\/mootori-remont-150x150.jpg\" alt=\"Moottorin korjaus\" width=\"150\" height=\"150\"><\/a><a href=\"https:\/\/hyd.ee\/wp-content\/uploads\/2023\/02\/IMG_20220728_143322-scaled.jpg\"><img decoding=\"async\" loading=\"lazy\" class=\"alignleft wp-image-7065 size-thumbnail\" src=\"https:\/\/hyd.ee\/wp-content\/uploads\/2023\/02\/IMG_20220728_143322-150x150.jpg\" alt=\"Taivutetut kupariputket\" width=\"150\" height=\"150\"><\/a><a href=\"https:\/\/hyd.ee\/wp-content\/uploads\/2023\/02\/IMG_20211229_124225-scaled.jpg\"><img decoding=\"async\" loading=\"lazy\" class=\"size-thumbnail wp-image-7092 alignleft\" src=\"https:\/\/hyd.ee\/wp-content\/uploads\/2023\/02\/IMG_20211229_124225-150x150.jpg\" alt=\"\" width=\"150\" height=\"150\"><\/a><\/p>\n<p>&nbsp;<\/p>\n","protected":false},"excerpt":{"rendered":"<p>T\u00e4h\u00e4n osioon ker\u00e4\u00e4mme j\u00e4nnitt\u00e4v\u00e4mpi\u00e4, \u00f6ljyisempi\u00e4 ja isompia t\u00f6it\u00e4, jotta saatte my\u00f6s k\u00e4sityksen siit\u00e4, mit\u00e4 ty\u00f6pajassamme tehd\u00e4\u00e4n p\u00e4ivitt\u00e4in. P\u00f6ydill\u00e4mme on tasaisesti eri vaikeusasteisia t\u00f6it\u00e4 ja olemme ylpeit\u00e4 siit\u00e4, ett\u00e4 kaikki asiakkaamme saavat tilauksensa takaisin parhaassa mahdollisessa kunnossa, neuvojen ja suositusten kera. &nbsp; Lis\u00e4\u00e4mme t\u00e4lle sivulle jatkuvasti tehtyj\u00e4 t\u00f6it\u00e4, joten k\u00e4y v\u00e4lill\u00e4 kurkkaamassa mit\u00e4 olemme t\u00e4ll\u00e4 v\u00e4lin [&#8230;]\n","protected":false},"author":1,"featured_media":0,"parent":0,"menu_order":0,"comment_status":"closed","ping_status":"closed","template":"","meta":{"_exactmetrics_skip_tracking":false,"_exactmetrics_sitenote_active":false,"_exactmetrics_sitenote_note":"","_exactmetrics_sitenote_category":0,"_wp_rev_ctl_limit":""},"acf":[],"yoast_head":"<!-- This site is optimized with the Yoast SEO plugin v20.8 - https:\/\/yoast.com\/wordpress\/plugins\/seo\/ -->\n<title>Referenssit - HYD koduleht<\/title>\n<meta name=\"robots\" content=\"index, follow, max-snippet:-1, max-image-preview:large, max-video-preview:-1\" \/>\n<link rel=\"canonical\" href=\"https:\/\/hyd.ee\/fi\/meie-tood-ja-tegevused\/\" \/>\n<meta name=\"twitter:label1\" content=\"Arvioitu lukuaika\" \/>\n\t<meta name=\"twitter:data1\" content=\"3 minuuttia\" \/>\n<script type=\"application\/ld+json\" class=\"yoast-schema-graph\">{\"@context\":\"https:\/\/schema.org\",\"@graph\":[{\"@type\":\"WebPage\",\"@id\":\"https:\/\/hyd.ee\/fi\/meie-tood-ja-tegevused\/\",\"url\":\"https:\/\/hyd.ee\/fi\/meie-tood-ja-tegevused\/\",\"name\":\"Referenssit - HYD koduleht\",\"isPartOf\":{\"@id\":\"https:\/\/hyd.ee\/#website\"},\"datePublished\":\"2022-09-12T09:13:01+00:00\",\"dateModified\":\"2023-02-28T14:41:44+00:00\",\"breadcrumb\":{\"@id\":\"https:\/\/hyd.ee\/fi\/meie-tood-ja-tegevused\/#breadcrumb\"},\"inLanguage\":\"fi\",\"potentialAction\":[{\"@type\":\"ReadAction\",\"target\":[\"https:\/\/hyd.ee\/fi\/meie-tood-ja-tegevused\/\"]}]},{\"@type\":\"BreadcrumbList\",\"@id\":\"https:\/\/hyd.ee\/fi\/meie-tood-ja-tegevused\/#breadcrumb\",\"itemListElement\":[{\"@type\":\"ListItem\",\"position\":1,\"name\":\"Avaleht\",\"item\":\"https:\/\/hyd.ee\/fi\/\"},{\"@type\":\"ListItem\",\"position\":2,\"name\":\"Referenssit\"}]},{\"@type\":\"WebSite\",\"@id\":\"https:\/\/hyd.ee\/#website\",\"url\":\"https:\/\/hyd.ee\/\",\"name\":\"HYD koduleht\",\"description\":\"H\u00fcdraulika abi\",\"publisher\":{\"@id\":\"https:\/\/hyd.ee\/#organization\"},\"potentialAction\":[{\"@type\":\"SearchAction\",\"target\":{\"@type\":\"EntryPoint\",\"urlTemplate\":\"https:\/\/hyd.ee\/?s={search_term_string}\"},\"query-input\":\"required name=search_term_string\"}],\"inLanguage\":\"fi\"},{\"@type\":\"Organization\",\"@id\":\"https:\/\/hyd.ee\/#organization\",\"name\":\"HYD Solutions O\u00dc\",\"url\":\"https:\/\/hyd.ee\/\",\"logo\":{\"@type\":\"ImageObject\",\"inLanguage\":\"fi\",\"@id\":\"https:\/\/hyd.ee\/#\/schema\/logo\/image\/\",\"url\":\"https:\/\/hyd.ee\/wp-content\/uploads\/2019\/11\/hyd-logo.png\",\"contentUrl\":\"https:\/\/hyd.ee\/wp-content\/uploads\/2019\/11\/hyd-logo.png\",\"width\":898,\"height\":278,\"caption\":\"HYD Solutions O\u00dc\"},\"image\":{\"@id\":\"https:\/\/hyd.ee\/#\/schema\/logo\/image\/\"},\"sameAs\":[\"https:\/\/www.facebook.com\/Hydraulikalahendused\",\"https:\/\/www.linkedin.com\/company\/hydraulicsestonia\/?viewAsMember=true\"]}]}<\/script>\n<!-- \/ Yoast SEO plugin. -->","yoast_head_json":{"title":"Referenssit - HYD koduleht","robots":{"index":"index","follow":"follow","max-snippet":"max-snippet:-1","max-image-preview":"max-image-preview:large","max-video-preview":"max-video-preview:-1"},"canonical":"https:\/\/hyd.ee\/fi\/meie-tood-ja-tegevused\/","twitter_misc":{"Arvioitu lukuaika":"3 minuuttia"},"schema":{"@context":"https:\/\/schema.org","@graph":[{"@type":"WebPage","@id":"https:\/\/hyd.ee\/fi\/meie-tood-ja-tegevused\/","url":"https:\/\/hyd.ee\/fi\/meie-tood-ja-tegevused\/","name":"Referenssit - HYD koduleht","isPartOf":{"@id":"https:\/\/hyd.ee\/#website"},"datePublished":"2022-09-12T09:13:01+00:00","dateModified":"2023-02-28T14:41:44+00:00","breadcrumb":{"@id":"https:\/\/hyd.ee\/fi\/meie-tood-ja-tegevused\/#breadcrumb"},"inLanguage":"fi","potentialAction":[{"@type":"ReadAction","target":["https:\/\/hyd.ee\/fi\/meie-tood-ja-tegevused\/"]}]},{"@type":"BreadcrumbList","@id":"https:\/\/hyd.ee\/fi\/meie-tood-ja-tegevused\/#breadcrumb","itemListElement":[{"@type":"ListItem","position":1,"name":"Avaleht","item":"https:\/\/hyd.ee\/fi\/"},{"@type":"ListItem","position":2,"name":"Referenssit"}]},{"@type":"WebSite","@id":"https:\/\/hyd.ee\/#website","url":"https:\/\/hyd.ee\/","name":"HYD koduleht","description":"H\u00fcdraulika abi","publisher":{"@id":"https:\/\/hyd.ee\/#organization"},"potentialAction":[{"@type":"SearchAction","target":{"@type":"EntryPoint","urlTemplate":"https:\/\/hyd.ee\/?s={search_term_string}"},"query-input":"required name=search_term_string"}],"inLanguage":"fi"},{"@type":"Organization","@id":"https:\/\/hyd.ee\/#organization","name":"HYD Solutions O\u00dc","url":"https:\/\/hyd.ee\/","logo":{"@type":"ImageObject","inLanguage":"fi","@id":"https:\/\/hyd.ee\/#\/schema\/logo\/image\/","url":"https:\/\/hyd.ee\/wp-content\/uploads\/2019\/11\/hyd-logo.png","contentUrl":"https:\/\/hyd.ee\/wp-content\/uploads\/2019\/11\/hyd-logo.png","width":898,"height":278,"caption":"HYD Solutions O\u00dc"},"image":{"@id":"https:\/\/hyd.ee\/#\/schema\/logo\/image\/"},"sameAs":["https:\/\/www.facebook.com\/Hydraulikalahendused","https:\/\/www.linkedin.com\/company\/hydraulicsestonia\/?viewAsMember=true"]}]}},"_links":{"self":[{"href":"https:\/\/hyd.ee\/fi\/wp-json\/wp\/v2\/pages\/7099"}],"collection":[{"href":"https:\/\/hyd.ee\/fi\/wp-json\/wp\/v2\/pages"}],"about":[{"href":"https:\/\/hyd.ee\/fi\/wp-json\/wp\/v2\/types\/page"}],"author":[{"embeddable":true,"href":"https:\/\/hyd.ee\/fi\/wp-json\/wp\/v2\/users\/1"}],"replies":[{"embeddable":true,"href":"https:\/\/hyd.ee\/fi\/wp-json\/wp\/v2\/comments?post=7099"}],"version-history":[{"count":2,"href":"https:\/\/hyd.ee\/fi\/wp-json\/wp\/v2\/pages\/7099\/revisions"}],"predecessor-version":[{"id":7107,"href":"https:\/\/hyd.ee\/fi\/wp-json\/wp\/v2\/pages\/7099\/revisions\/7107"}],"wp:attachment":[{"href":"https:\/\/hyd.ee\/fi\/wp-json\/wp\/v2\/media?parent=7099"}],"curies":[{"name":"wp","href":"https:\/\/api.w.org\/{rel}","templated":true}]}}