{"id":2617,"date":"2019-11-14T09:30:13","date_gmt":"2019-11-14T09:30:13","guid":{"rendered":"https:\/\/hyd.ee\/kontakt\/"},"modified":"2025-01-08T14:18:42","modified_gmt":"2025-01-08T14:18:42","slug":"kontakt","status":"publish","type":"page","link":"https:\/\/hyd.ee\/fi\/kontakt\/","title":{"rendered":"Ota yhteytt\u00e4"},"content":{"rendered":"\t<section class=\"section\" id=\"section_1634339624\">\n\t\t<div class=\"bg section-bg fill bg-fill  bg-loaded\" >\n\n\t\t\t\n\t\t\t<div class=\"section-bg-overlay absolute fill\"><\/div>\n\t\t\t\n\n\t\t<\/div><!-- .section-bg -->\n\n\t\t<div class=\"section-content relative\">\n\t\t\t\n<div class=\"row row-collapse row-full-width align-equal\"  id=\"row-665683851\">\n<div class=\"col medium-6 small-12 large-6\"  ><div class=\"col-inner text-left\" style=\"max-width:520px;padding:0px 43px 0px 0px;\" >\n<h2><span style=\"font-size: 100%;\">HYD Solutions O\u00dc<\/span><\/h2>\n<p><a href=\"https:\/\/www.google.com\/maps\/place\/HYD+Solutions+O%C3%9C\/@59.4270804,24.8274218,18.5z\/data=!4m5!3m4!1s0x4692ed55c3f687e7:0x6f3b9626d0b4d1ec!8m2!3d59.4274428!4d24.8278488?hl=et\">Kriidi 4, 11415 Tallinn, Eesti<\/a><br \/>\nPuhelin:\u00a0 \u00a0 +372 600 1343<br \/>\nE-mail:\u00a0 \u00a0 \u00a0 \u00a0 <a href=\"mailto:info@hyd.ee\">info@hyd.ee<\/a><br \/>\nOlemme avoinna:\u00a0 M-P 8:00-17:00<\/p>\n<h3>Meid\u00e4n ihmiset:<\/h3>\n<p>Jaanus Arum\u00e4gi +372 51 57 996\u00a0 \u00a0 <a href=\"mailto:Jaanus.arumagi@hyd.ee\">jaanus.arumagi@hyd.ee<\/a><br \/>\n<img decoding=\"async\" loading=\"lazy\" class=\"wp-image-1913 alignnone\" style=\"font-size: 14.4px;\" src=\"https:\/\/hyd.ee\/wp-content\/uploads\/2020\/03\/EE-EN-RU.jpg\" alt=\"\" width=\"62\" height=\"15\" \/><\/p>\n<p>Jarno M\u00f6\u00f6l\u00a0 \u00a0 \u00a0 \u00a0 \u00a0 +372 50 38 686\u00a0 \u00a0 <a href=\"mailto:jarno.mool@hyd.ee\">jarno.mool@hyd.ee<\/a><br \/>\n<img decoding=\"async\" loading=\"lazy\" class=\"wp-image-1913 alignnone\" style=\"font-size: 14.4px;\" src=\"https:\/\/hyd.ee\/wp-content\/uploads\/2020\/03\/EE-EN-RU.jpg\" alt=\"\" width=\"62\" height=\"15\" \/><\/p>\n<p>Myynti:\u00a0 \u00a0 <a href=\"mailto:myyk@hyd.ee\">myyk@hyd.ee<\/a><\/p>\n<p>&nbsp;<\/p>\n<p style=\"text-align: left;\">Jos et l\u00f6yt\u00e4nyt\u00a0 etsim\u00e4\u00e4si tietoa tai sinulla on kysytt\u00e4v\u00e4\u00e4, t\u00e4yt\u00e4 yhteydenottolomake, niin otamme sinuun yhteytt\u00e4 mahdollisimman pian.<\/p>\n\n<div class=\"wpcf7 no-js\" id=\"wpcf7-f7-o1\" lang=\"en-US\" dir=\"ltr\">\n<div class=\"screen-reader-response\"><p role=\"status\" aria-live=\"polite\" aria-atomic=\"true\"><\/p> <ul><\/ul><\/div>\n<form action=\"\/fi\/wp-json\/wp\/v2\/pages\/2617#wpcf7-f7-o1\" method=\"post\" class=\"wpcf7-form init\" aria-label=\"Contact form\" novalidate=\"novalidate\" data-status=\"init\">\n<div style=\"display: none;\">\n<input type=\"hidden\" name=\"_wpcf7\" value=\"7\" \/>\n<input type=\"hidden\" name=\"_wpcf7_version\" value=\"5.7.6\" \/>\n<input type=\"hidden\" name=\"_wpcf7_locale\" value=\"en_US\" \/>\n<input type=\"hidden\" name=\"_wpcf7_unit_tag\" value=\"wpcf7-f7-o1\" \/>\n<input type=\"hidden\" name=\"_wpcf7_container_post\" value=\"0\" \/>\n<input type=\"hidden\" name=\"_wpcf7_posted_data_hash\" value=\"\" \/>\n<\/div>\n<p><label> Nimi*<br \/>\n<span class=\"wpcf7-form-control-wrap\" data-name=\"your-name\"><input size=\"40\" class=\"wpcf7-form-control wpcf7-text wpcf7-validates-as-required\" aria-required=\"true\" aria-invalid=\"false\" value=\"\" type=\"text\" name=\"your-name\" \/><\/span> <\/label>\n<\/p>\n<p><label> E-mail*<br \/>\n<span class=\"wpcf7-form-control-wrap\" data-name=\"your-email\"><input size=\"40\" class=\"wpcf7-form-control wpcf7-text wpcf7-email wpcf7-validates-as-required wpcf7-validates-as-email\" aria-required=\"true\" aria-invalid=\"false\" value=\"\" type=\"email\" name=\"your-email\" \/><\/span> <\/label>\n<\/p>\n<p><label> S\u00f5num<br \/>\n<span class=\"wpcf7-form-control-wrap\" data-name=\"your-message\"><textarea cols=\"40\" rows=\"10\" class=\"wpcf7-form-control wpcf7-textarea\" aria-invalid=\"false\" name=\"your-message\"><\/textarea><\/span> <\/label>\n<\/p>\n<p><input class=\"wpcf7-form-control has-spinner wpcf7-submit\" type=\"submit\" value=\"Saada\" \/>\n<\/p><div class=\"wpcf7-response-output\" aria-hidden=\"true\"><\/div>\n<\/form>\n<\/div>\n\n<\/div><\/div>\n<div class=\"col medium-6 small-12 large-6\"  ><div class=\"col-inner\"  >\n<p><iframe loading=\"lazy\" style=\"border: 0;\" src=\"https:\/\/www.google.com\/maps\/embed?pb=!1m18!1m12!1m3!1d2029.3374997123553!2d24.825654751954524!3d59.42744551010358!2m3!1f0!2f0!3f0!3m2!1i1024!2i768!4f13.1!3m3!1m2!1s0x4692eca471b36f57%3A0xa9c30d8b615bcc60!2sKriidi%204%2C%20Lasnam%C3%A4e%20linnaosa%2C%20Lasnam%C3%A4e%2C%2011415%20Harju%20maakond!5e0!3m2!1set!2see!4v1573736237921!5m2!1set!2see\" width=\"600\" height=\"450\" frameborder=\"0\" allowfullscreen=\"allowfullscreen\"><\/iframe><\/p>\n<\/div><\/div>\n\n<style scope=\"scope\">\n\n<\/style>\n<\/div>\n\t\t<\/div><!-- .section-content -->\n\n\t\t\n<style scope=\"scope\">\n\n#section_1634339624 {\n  padding-top: 0px;\n  padding-bottom: 0px;\n  background-color: rgb(247, 247, 247);\n}\n#section_1634339624 .section-bg-overlay {\n  background-color: rgba(255, 255, 255, 0.85);\n}\n<\/style>\n\t<\/section>\n\t\n","protected":false},"excerpt":{"rendered":"","protected":false},"author":1,"featured_media":0,"parent":0,"menu_order":0,"comment_status":"closed","ping_status":"closed","template":"","meta":{"_exactmetrics_skip_tracking":false,"_exactmetrics_sitenote_active":false,"_exactmetrics_sitenote_note":"","_exactmetrics_sitenote_category":0,"_wp_rev_ctl_limit":""},"acf":[],"yoast_head":"<!-- This site is optimized with the Yoast SEO plugin v20.8 - https:\/\/yoast.com\/wordpress\/plugins\/seo\/ -->\n<title>Ota yhteytt\u00e4 - HYD koduleht<\/title>\n<meta name=\"robots\" content=\"index, follow, max-snippet:-1, max-image-preview:large, max-video-preview:-1\" \/>\n<link rel=\"canonical\" href=\"https:\/\/hyd.ee\/fi\/kontakt\/\" \/>\n<meta name=\"twitter:label1\" content=\"Arvioitu lukuaika\" \/>\n\t<meta name=\"twitter:data1\" content=\"1 minuutti\" \/>\n<script type=\"application\/ld+json\" class=\"yoast-schema-graph\">{\"@context\":\"https:\/\/schema.org\",\"@graph\":[{\"@type\":\"WebPage\",\"@id\":\"https:\/\/hyd.ee\/fi\/kontakt\/\",\"url\":\"https:\/\/hyd.ee\/fi\/kontakt\/\",\"name\":\"Ota yhteytt\u00e4 - HYD koduleht\",\"isPartOf\":{\"@id\":\"https:\/\/hyd.ee\/#website\"},\"datePublished\":\"2019-11-14T09:30:13+00:00\",\"dateModified\":\"2025-01-08T14:18:42+00:00\",\"breadcrumb\":{\"@id\":\"https:\/\/hyd.ee\/fi\/kontakt\/#breadcrumb\"},\"inLanguage\":\"fi\",\"potentialAction\":[{\"@type\":\"ReadAction\",\"target\":[\"https:\/\/hyd.ee\/fi\/kontakt\/\"]}]},{\"@type\":\"BreadcrumbList\",\"@id\":\"https:\/\/hyd.ee\/fi\/kontakt\/#breadcrumb\",\"itemListElement\":[{\"@type\":\"ListItem\",\"position\":1,\"name\":\"Avaleht\",\"item\":\"https:\/\/hyd.ee\/fi\/\"},{\"@type\":\"ListItem\",\"position\":2,\"name\":\"Ota yhteytt\u00e4\"}]},{\"@type\":\"WebSite\",\"@id\":\"https:\/\/hyd.ee\/#website\",\"url\":\"https:\/\/hyd.ee\/\",\"name\":\"HYD koduleht\",\"description\":\"H\u00fcdraulika abi\",\"publisher\":{\"@id\":\"https:\/\/hyd.ee\/#organization\"},\"potentialAction\":[{\"@type\":\"SearchAction\",\"target\":{\"@type\":\"EntryPoint\",\"urlTemplate\":\"https:\/\/hyd.ee\/?s={search_term_string}\"},\"query-input\":\"required name=search_term_string\"}],\"inLanguage\":\"fi\"},{\"@type\":\"Organization\",\"@id\":\"https:\/\/hyd.ee\/#organization\",\"name\":\"HYD Solutions O\u00dc\",\"url\":\"https:\/\/hyd.ee\/\",\"logo\":{\"@type\":\"ImageObject\",\"inLanguage\":\"fi\",\"@id\":\"https:\/\/hyd.ee\/#\/schema\/logo\/image\/\",\"url\":\"https:\/\/hyd.ee\/wp-content\/uploads\/2019\/11\/hyd-logo.png\",\"contentUrl\":\"https:\/\/hyd.ee\/wp-content\/uploads\/2019\/11\/hyd-logo.png\",\"width\":898,\"height\":278,\"caption\":\"HYD Solutions O\u00dc\"},\"image\":{\"@id\":\"https:\/\/hyd.ee\/#\/schema\/logo\/image\/\"},\"sameAs\":[\"https:\/\/www.facebook.com\/Hydraulikalahendused\",\"https:\/\/www.linkedin.com\/company\/hydraulicsestonia\/?viewAsMember=true\"]}]}<\/script>\n<!-- \/ Yoast SEO plugin. -->","yoast_head_json":{"title":"Ota yhteytt\u00e4 - HYD koduleht","robots":{"index":"index","follow":"follow","max-snippet":"max-snippet:-1","max-image-preview":"max-image-preview:large","max-video-preview":"max-video-preview:-1"},"canonical":"https:\/\/hyd.ee\/fi\/kontakt\/","twitter_misc":{"Arvioitu lukuaika":"1 minuutti"},"schema":{"@context":"https:\/\/schema.org","@graph":[{"@type":"WebPage","@id":"https:\/\/hyd.ee\/fi\/kontakt\/","url":"https:\/\/hyd.ee\/fi\/kontakt\/","name":"Ota yhteytt\u00e4 - HYD koduleht","isPartOf":{"@id":"https:\/\/hyd.ee\/#website"},"datePublished":"2019-11-14T09:30:13+00:00","dateModified":"2025-01-08T14:18:42+00:00","breadcrumb":{"@id":"https:\/\/hyd.ee\/fi\/kontakt\/#breadcrumb"},"inLanguage":"fi","potentialAction":[{"@type":"ReadAction","target":["https:\/\/hyd.ee\/fi\/kontakt\/"]}]},{"@type":"BreadcrumbList","@id":"https:\/\/hyd.ee\/fi\/kontakt\/#breadcrumb","itemListElement":[{"@type":"ListItem","position":1,"name":"Avaleht","item":"https:\/\/hyd.ee\/fi\/"},{"@type":"ListItem","position":2,"name":"Ota yhteytt\u00e4"}]},{"@type":"WebSite","@id":"https:\/\/hyd.ee\/#website","url":"https:\/\/hyd.ee\/","name":"HYD koduleht","description":"H\u00fcdraulika abi","publisher":{"@id":"https:\/\/hyd.ee\/#organization"},"potentialAction":[{"@type":"SearchAction","target":{"@type":"EntryPoint","urlTemplate":"https:\/\/hyd.ee\/?s={search_term_string}"},"query-input":"required name=search_term_string"}],"inLanguage":"fi"},{"@type":"Organization","@id":"https:\/\/hyd.ee\/#organization","name":"HYD Solutions O\u00dc","url":"https:\/\/hyd.ee\/","logo":{"@type":"ImageObject","inLanguage":"fi","@id":"https:\/\/hyd.ee\/#\/schema\/logo\/image\/","url":"https:\/\/hyd.ee\/wp-content\/uploads\/2019\/11\/hyd-logo.png","contentUrl":"https:\/\/hyd.ee\/wp-content\/uploads\/2019\/11\/hyd-logo.png","width":898,"height":278,"caption":"HYD Solutions O\u00dc"},"image":{"@id":"https:\/\/hyd.ee\/#\/schema\/logo\/image\/"},"sameAs":["https:\/\/www.facebook.com\/Hydraulikalahendused","https:\/\/www.linkedin.com\/company\/hydraulicsestonia\/?viewAsMember=true"]}]}},"_links":{"self":[{"href":"https:\/\/hyd.ee\/fi\/wp-json\/wp\/v2\/pages\/2617"}],"collection":[{"href":"https:\/\/hyd.ee\/fi\/wp-json\/wp\/v2\/pages"}],"about":[{"href":"https:\/\/hyd.ee\/fi\/wp-json\/wp\/v2\/types\/page"}],"author":[{"embeddable":true,"href":"https:\/\/hyd.ee\/fi\/wp-json\/wp\/v2\/users\/1"}],"replies":[{"embeddable":true,"href":"https:\/\/hyd.ee\/fi\/wp-json\/wp\/v2\/comments?post=2617"}],"version-history":[{"count":17,"href":"https:\/\/hyd.ee\/fi\/wp-json\/wp\/v2\/pages\/2617\/revisions"}],"predecessor-version":[{"id":8527,"href":"https:\/\/hyd.ee\/fi\/wp-json\/wp\/v2\/pages\/2617\/revisions\/8527"}],"wp:attachment":[{"href":"https:\/\/hyd.ee\/fi\/wp-json\/wp\/v2\/media?parent=2617"}],"curies":[{"name":"wp","href":"https:\/\/api.w.org\/{rel}","templated":true}]}}