{"id":2615,"date":"2019-11-14T09:30:19","date_gmt":"2019-11-14T09:30:19","guid":{"rendered":"https:\/\/hyd.ee\/meist\/"},"modified":"2023-03-02T14:55:37","modified_gmt":"2023-03-02T14:55:37","slug":"meist","status":"publish","type":"page","link":"https:\/\/hyd.ee\/fi\/meist\/","title":{"rendered":"Meist\u00e4"},"content":{"rendered":"<p>HYD Solutions O\u00dc on 100% virolaiseen p\u00e4\u00e4omaan perustuva yritys ja tavoitteemme on olla asiakkaillemme kumppani hydrauliikka-alalla. Tiimill\u00e4mme on yli 20 vuoden kokemus hydraulialalta ja olemme valmiita auttamaan kaikissa hydrauliikkakysymyksiss\u00e4. L\u00f6yd\u00e4mme ratkaisun monimutkaisimpiin haasteisiin yhteisty\u00f6ss\u00e4 kumppaneiden kanssa.<\/p>\n<p>Olemme <a href=\"https:\/\/www.parker.com\/portal\/site\/PARKER\/menuitem.223a4a3cce02eb6315731910237ad1ca\/?vgnextoid=80b7c3acbc65e210VgnVCM10000048021dacRCRD&amp;vgnextfmt=FI\">Parker Hannifinin<\/a> virallinen j\u00e4lleenmyyj\u00e4 Virossa ja kauttamme saat laajan valikoiman heid\u00e4n tuotteitaan.<\/p>\n<p>Tarjoamme laajan valikoiman hydraulij\u00e4rjestelmiss\u00e4 k\u00e4ytett\u00e4vi\u00e4 komponentteja. Hydrauliletkut, hydrauliputket ja erilaiset siirtym\u00e4t ja pikaliittimet niiden liitt\u00e4miseen. Lis\u00e4ksi sylintereiden ja laitteiden tiivisteet (O-renkaat, jousitiivisteet ym.), suodattimet, paineakut sek\u00e4 apu- ja suuntaventtiilit.<\/p>\n<p>Asiakkaitamme ovat konepajateollisuuden, mets\u00e4talouden, kemianteollisuuden, maatalouden sek\u00e4 rakentamisen ja kuljetuksen alalla toimivat yritykset. Hydrauliikassa olemme aina valmiita neuvomaan ja tarjoamaan parhaat ratkaisut.<\/p>\n<p>Olette aina tervetullut myym\u00e4l\u00e4\u00e4mme, joka on avoinna arkisin klo 8.00-17.00 ja sijaitsee osoitteessa Kriidi 4, Tallinna.<\/p>\n<p>&nbsp;<\/p>\n<p>Voit ottaa meihin yhteytt\u00e4 osoitteessa <a href=\"mailto:info@hyd.ee\">info@hyd.ee<\/a> tai t\u00e4ytt\u00e4m\u00e4ll\u00e4 yhteydenottolomakkeen.<\/p>\n<p>&nbsp;<\/p>\n\n<div class=\"wpcf7 no-js\" id=\"wpcf7-f7-o1\" lang=\"en-US\" dir=\"ltr\">\n<div class=\"screen-reader-response\"><p role=\"status\" aria-live=\"polite\" aria-atomic=\"true\"><\/p> <ul><\/ul><\/div>\n<form action=\"\/fi\/wp-json\/wp\/v2\/pages\/2615#wpcf7-f7-o1\" method=\"post\" class=\"wpcf7-form init\" aria-label=\"Contact form\" novalidate=\"novalidate\" data-status=\"init\">\n<div style=\"display: none;\">\n<input type=\"hidden\" name=\"_wpcf7\" value=\"7\" \/>\n<input type=\"hidden\" name=\"_wpcf7_version\" value=\"5.7.6\" \/>\n<input type=\"hidden\" name=\"_wpcf7_locale\" value=\"en_US\" \/>\n<input type=\"hidden\" name=\"_wpcf7_unit_tag\" value=\"wpcf7-f7-o1\" \/>\n<input type=\"hidden\" name=\"_wpcf7_container_post\" value=\"0\" \/>\n<input type=\"hidden\" name=\"_wpcf7_posted_data_hash\" value=\"\" \/>\n<\/div>\n<p><label> Nimi*<br \/>\n<span class=\"wpcf7-form-control-wrap\" data-name=\"your-name\"><input size=\"40\" class=\"wpcf7-form-control wpcf7-text wpcf7-validates-as-required\" aria-required=\"true\" aria-invalid=\"false\" value=\"\" type=\"text\" name=\"your-name\" \/><\/span> <\/label>\n<\/p>\n<p><label> E-mail*<br \/>\n<span class=\"wpcf7-form-control-wrap\" data-name=\"your-email\"><input size=\"40\" class=\"wpcf7-form-control wpcf7-text wpcf7-email wpcf7-validates-as-required wpcf7-validates-as-email\" aria-required=\"true\" aria-invalid=\"false\" value=\"\" type=\"email\" name=\"your-email\" \/><\/span> <\/label>\n<\/p>\n<p><label> S\u00f5num<br \/>\n<span class=\"wpcf7-form-control-wrap\" data-name=\"your-message\"><textarea cols=\"40\" rows=\"10\" class=\"wpcf7-form-control wpcf7-textarea\" aria-invalid=\"false\" name=\"your-message\"><\/textarea><\/span> <\/label>\n<\/p>\n<p><input class=\"wpcf7-form-control has-spinner wpcf7-submit\" type=\"submit\" value=\"Saada\" \/>\n<\/p><div class=\"wpcf7-response-output\" aria-hidden=\"true\"><\/div>\n<\/form>\n<\/div>\n\n","protected":false},"excerpt":{"rendered":"<p>HYD Solutions O\u00dc on 100% virolaiseen p\u00e4\u00e4omaan perustuva yritys ja tavoitteemme on olla asiakkaillemme kumppani hydrauliikka-alalla. Tiimill\u00e4mme on yli 20 vuoden kokemus hydraulialalta ja olemme valmiita auttamaan kaikissa hydrauliikkakysymyksiss\u00e4. L\u00f6yd\u00e4mme ratkaisun monimutkaisimpiin haasteisiin yhteisty\u00f6ss\u00e4 kumppaneiden kanssa. Olemme Parker Hannifinin virallinen j\u00e4lleenmyyj\u00e4 Virossa ja kauttamme saat laajan valikoiman heid\u00e4n tuotteitaan. Tarjoamme laajan valikoiman hydraulij\u00e4rjestelmiss\u00e4 k\u00e4ytett\u00e4vi\u00e4 komponentteja. [&#8230;]\n","protected":false},"author":1,"featured_media":0,"parent":0,"menu_order":0,"comment_status":"closed","ping_status":"closed","template":"","meta":{"_exactmetrics_skip_tracking":false,"_exactmetrics_sitenote_active":false,"_exactmetrics_sitenote_note":"","_exactmetrics_sitenote_category":0,"_wp_rev_ctl_limit":""},"acf":[],"yoast_head":"<!-- This site is optimized with the Yoast SEO plugin v20.8 - https:\/\/yoast.com\/wordpress\/plugins\/seo\/ -->\n<title>Meist\u00e4 - HYD koduleht<\/title>\n<meta name=\"robots\" content=\"index, follow, max-snippet:-1, max-image-preview:large, max-video-preview:-1\" \/>\n<link rel=\"canonical\" href=\"https:\/\/hyd.ee\/fi\/meist\/\" \/>\n<meta name=\"twitter:label1\" content=\"Arvioitu lukuaika\" \/>\n\t<meta name=\"twitter:data1\" content=\"1 minuutti\" \/>\n<script type=\"application\/ld+json\" class=\"yoast-schema-graph\">{\"@context\":\"https:\/\/schema.org\",\"@graph\":[{\"@type\":\"WebPage\",\"@id\":\"https:\/\/hyd.ee\/fi\/meist\/\",\"url\":\"https:\/\/hyd.ee\/fi\/meist\/\",\"name\":\"Meist\u00e4 - HYD koduleht\",\"isPartOf\":{\"@id\":\"https:\/\/hyd.ee\/#website\"},\"datePublished\":\"2019-11-14T09:30:19+00:00\",\"dateModified\":\"2023-03-02T14:55:37+00:00\",\"breadcrumb\":{\"@id\":\"https:\/\/hyd.ee\/fi\/meist\/#breadcrumb\"},\"inLanguage\":\"fi\",\"potentialAction\":[{\"@type\":\"ReadAction\",\"target\":[\"https:\/\/hyd.ee\/fi\/meist\/\"]}]},{\"@type\":\"BreadcrumbList\",\"@id\":\"https:\/\/hyd.ee\/fi\/meist\/#breadcrumb\",\"itemListElement\":[{\"@type\":\"ListItem\",\"position\":1,\"name\":\"Avaleht\",\"item\":\"https:\/\/hyd.ee\/fi\/\"},{\"@type\":\"ListItem\",\"position\":2,\"name\":\"Meist\u00e4\"}]},{\"@type\":\"WebSite\",\"@id\":\"https:\/\/hyd.ee\/#website\",\"url\":\"https:\/\/hyd.ee\/\",\"name\":\"HYD koduleht\",\"description\":\"H\u00fcdraulika abi\",\"publisher\":{\"@id\":\"https:\/\/hyd.ee\/#organization\"},\"potentialAction\":[{\"@type\":\"SearchAction\",\"target\":{\"@type\":\"EntryPoint\",\"urlTemplate\":\"https:\/\/hyd.ee\/?s={search_term_string}\"},\"query-input\":\"required name=search_term_string\"}],\"inLanguage\":\"fi\"},{\"@type\":\"Organization\",\"@id\":\"https:\/\/hyd.ee\/#organization\",\"name\":\"HYD Solutions O\u00dc\",\"url\":\"https:\/\/hyd.ee\/\",\"logo\":{\"@type\":\"ImageObject\",\"inLanguage\":\"fi\",\"@id\":\"https:\/\/hyd.ee\/#\/schema\/logo\/image\/\",\"url\":\"https:\/\/hyd.ee\/wp-content\/uploads\/2019\/11\/hyd-logo.png\",\"contentUrl\":\"https:\/\/hyd.ee\/wp-content\/uploads\/2019\/11\/hyd-logo.png\",\"width\":898,\"height\":278,\"caption\":\"HYD Solutions O\u00dc\"},\"image\":{\"@id\":\"https:\/\/hyd.ee\/#\/schema\/logo\/image\/\"},\"sameAs\":[\"https:\/\/www.facebook.com\/Hydraulikalahendused\",\"https:\/\/www.linkedin.com\/company\/hydraulicsestonia\/?viewAsMember=true\"]}]}<\/script>\n<!-- \/ Yoast SEO plugin. -->","yoast_head_json":{"title":"Meist\u00e4 - HYD koduleht","robots":{"index":"index","follow":"follow","max-snippet":"max-snippet:-1","max-image-preview":"max-image-preview:large","max-video-preview":"max-video-preview:-1"},"canonical":"https:\/\/hyd.ee\/fi\/meist\/","twitter_misc":{"Arvioitu lukuaika":"1 minuutti"},"schema":{"@context":"https:\/\/schema.org","@graph":[{"@type":"WebPage","@id":"https:\/\/hyd.ee\/fi\/meist\/","url":"https:\/\/hyd.ee\/fi\/meist\/","name":"Meist\u00e4 - HYD koduleht","isPartOf":{"@id":"https:\/\/hyd.ee\/#website"},"datePublished":"2019-11-14T09:30:19+00:00","dateModified":"2023-03-02T14:55:37+00:00","breadcrumb":{"@id":"https:\/\/hyd.ee\/fi\/meist\/#breadcrumb"},"inLanguage":"fi","potentialAction":[{"@type":"ReadAction","target":["https:\/\/hyd.ee\/fi\/meist\/"]}]},{"@type":"BreadcrumbList","@id":"https:\/\/hyd.ee\/fi\/meist\/#breadcrumb","itemListElement":[{"@type":"ListItem","position":1,"name":"Avaleht","item":"https:\/\/hyd.ee\/fi\/"},{"@type":"ListItem","position":2,"name":"Meist\u00e4"}]},{"@type":"WebSite","@id":"https:\/\/hyd.ee\/#website","url":"https:\/\/hyd.ee\/","name":"HYD koduleht","description":"H\u00fcdraulika abi","publisher":{"@id":"https:\/\/hyd.ee\/#organization"},"potentialAction":[{"@type":"SearchAction","target":{"@type":"EntryPoint","urlTemplate":"https:\/\/hyd.ee\/?s={search_term_string}"},"query-input":"required name=search_term_string"}],"inLanguage":"fi"},{"@type":"Organization","@id":"https:\/\/hyd.ee\/#organization","name":"HYD Solutions O\u00dc","url":"https:\/\/hyd.ee\/","logo":{"@type":"ImageObject","inLanguage":"fi","@id":"https:\/\/hyd.ee\/#\/schema\/logo\/image\/","url":"https:\/\/hyd.ee\/wp-content\/uploads\/2019\/11\/hyd-logo.png","contentUrl":"https:\/\/hyd.ee\/wp-content\/uploads\/2019\/11\/hyd-logo.png","width":898,"height":278,"caption":"HYD Solutions O\u00dc"},"image":{"@id":"https:\/\/hyd.ee\/#\/schema\/logo\/image\/"},"sameAs":["https:\/\/www.facebook.com\/Hydraulikalahendused","https:\/\/www.linkedin.com\/company\/hydraulicsestonia\/?viewAsMember=true"]}]}},"_links":{"self":[{"href":"https:\/\/hyd.ee\/fi\/wp-json\/wp\/v2\/pages\/2615"}],"collection":[{"href":"https:\/\/hyd.ee\/fi\/wp-json\/wp\/v2\/pages"}],"about":[{"href":"https:\/\/hyd.ee\/fi\/wp-json\/wp\/v2\/types\/page"}],"author":[{"embeddable":true,"href":"https:\/\/hyd.ee\/fi\/wp-json\/wp\/v2\/users\/1"}],"replies":[{"embeddable":true,"href":"https:\/\/hyd.ee\/fi\/wp-json\/wp\/v2\/comments?post=2615"}],"version-history":[{"count":6,"href":"https:\/\/hyd.ee\/fi\/wp-json\/wp\/v2\/pages\/2615\/revisions"}],"predecessor-version":[{"id":7126,"href":"https:\/\/hyd.ee\/fi\/wp-json\/wp\/v2\/pages\/2615\/revisions\/7126"}],"wp:attachment":[{"href":"https:\/\/hyd.ee\/fi\/wp-json\/wp\/v2\/media?parent=2615"}],"curies":[{"name":"wp","href":"https:\/\/api.w.org\/{rel}","templated":true}]}}