{"id":2545,"date":"2020-02-18T08:19:54","date_gmt":"2020-02-18T08:19:54","guid":{"rendered":"https:\/\/hyd.ee\/bsp-otsik-sirge-vk\/"},"modified":"2023-05-08T07:06:59","modified_gmt":"2023-05-08T07:06:59","slug":"bsp-otsik-sirge-vk","status":"publish","type":"page","link":"https:\/\/hyd.ee\/fi\/tooted\/otsikud\/bsp-otsikud\/bsp-otsik-sirge-vk\/","title":{"rendered":"BSP ulkokierreliitin"},"content":{"rendered":"<h2>BSP ulkokierreliitin<\/h2>\n<p><a href=\"https:\/\/hyd.ee\/wp-content\/uploads\/2020\/02\/BSP-otsik-sirge-vk-40--scaled.jpg\"><img decoding=\"async\" loading=\"lazy\" class=\"size-medium wp-image-264 alignleft\" src=\"https:\/\/hyd.ee\/wp-content\/uploads\/2020\/02\/BSP-otsik-sirge-vk-40--300x200.jpg\" alt=\"\" width=\"300\" height=\"200\" srcset=\"https:\/\/hyd.ee\/wp-content\/uploads\/2020\/02\/BSP-otsik-sirge-vk-40--300x200.jpg 300w, https:\/\/hyd.ee\/wp-content\/uploads\/2020\/02\/BSP-otsik-sirge-vk-40--1024x683.jpg 1024w, https:\/\/hyd.ee\/wp-content\/uploads\/2020\/02\/BSP-otsik-sirge-vk-40--768x512.jpg 768w, https:\/\/hyd.ee\/wp-content\/uploads\/2020\/02\/BSP-otsik-sirge-vk-40--1536x1024.jpg 1536w, https:\/\/hyd.ee\/wp-content\/uploads\/2020\/02\/BSP-otsik-sirge-vk-40--2048x1366.jpg 2048w\" sizes=\"(max-width: 300px) 100vw, 300px\" \/><\/a><\/p>\n<table width=\"408\">\n<tbody>\n<tr>\n<td style=\"font-weight: 400;\" width=\"95\"><strong><span style=\"color: #f99b1c;\">KOOD<\/span><\/strong><\/td>\n<td style=\"font-weight: 400;\" width=\"313\"><strong><span style=\"color: #f99b1c;\">NIMETUS<\/span><\/strong><\/td>\n<\/tr>\n<tr>\n<td style=\"font-weight: 400;\">40-0404<\/td>\n<td style=\"font-weight: 400;\" width=\"313\">Otsik sirge 1\/4&#8243; vk-1\/4&#8243; voolik<\/td>\n<\/tr>\n<tr>\n<td style=\"font-weight: 400;\">40-0604<\/td>\n<td style=\"font-weight: 400;\" width=\"313\">Otsik sirge 3\/8&#8243; vk-1\/4&#8243; voolik<\/td>\n<\/tr>\n<tr>\n<td style=\"font-weight: 400;\">40-0605<\/td>\n<td style=\"font-weight: 400;\" width=\"313\">Otsik sirge 3\/8&#8243; vk-5\/16&#8243; voolik<\/td>\n<\/tr>\n<tr>\n<td style=\"font-weight: 400;\">40-0606<\/td>\n<td style=\"font-weight: 400;\" width=\"313\">Otsik sirge 3\/8&#8243; vk-3\/8&#8243; voolik<\/td>\n<\/tr>\n<tr>\n<td style=\"font-weight: 400;\">40-0608<\/td>\n<td style=\"font-weight: 400;\" width=\"313\">Otsik sirge 3\/8&#8243; vk-1\/2&#8243; voolik<\/td>\n<\/tr>\n<tr>\n<td style=\"font-weight: 400;\">40-0804<\/td>\n<td style=\"font-weight: 400;\" width=\"313\">Otsik sirge 1\/2&#8243; vk-1\/4&#8243; voolik<\/td>\n<\/tr>\n<tr>\n<td style=\"font-weight: 400;\">40-0806<\/td>\n<td style=\"font-weight: 400;\" width=\"313\">Otsik sirge 1\/2&#8243; vk-3\/8&#8243; voolik<\/td>\n<\/tr>\n<tr>\n<td style=\"font-weight: 400;\">40-0808<\/td>\n<td style=\"font-weight: 400;\" width=\"313\">Otsik sirge 1\/2&#8243; vk-1\/2&#8243; voolik<\/td>\n<\/tr>\n<tr>\n<td style=\"font-weight: 400;\">40-0810<\/td>\n<td style=\"font-weight: 400;\" width=\"313\">Otsik sirge 1\/2&#8243; vk-5\/8&#8243; voolik<\/td>\n<\/tr>\n<tr>\n<td style=\"font-weight: 400;\">40-1010<\/td>\n<td style=\"font-weight: 400;\" width=\"313\">Otsik sirge 5\/8&#8243; vk-5\/8&#8243; voolik<\/td>\n<\/tr>\n<tr>\n<td style=\"font-weight: 400;\">40-1208<\/td>\n<td style=\"font-weight: 400;\" width=\"313\">Otsik sirge 3\/4&#8243; vk-1\/2&#8243; voolik<\/td>\n<\/tr>\n<tr>\n<td style=\"font-weight: 400;\">40-1210<\/td>\n<td style=\"font-weight: 400;\" width=\"313\">Otsik sirge 3\/4&#8243; vk-5\/8&#8243; voolik<\/td>\n<\/tr>\n<tr>\n<td style=\"font-weight: 400;\">40-1212<\/td>\n<td style=\"font-weight: 400;\" width=\"313\">Otsik sirge 3\/4&#8243; vk-3\/4&#8243; voolik<\/td>\n<\/tr>\n<tr>\n<td style=\"font-weight: 400;\">40-1612<\/td>\n<td style=\"font-weight: 400;\" width=\"313\">Otsik sirge 1&#8243; vk-3\/4&#8243; voolik<\/td>\n<\/tr>\n<tr>\n<td style=\"font-weight: 400;\">40-1616<\/td>\n<td style=\"font-weight: 400;\" width=\"313\">Otsik sirge 1&#8243; vk-1&#8243; voolik<\/td>\n<\/tr>\n<tr>\n<td style=\"font-weight: 400;\">40-2020<\/td>\n<td style=\"font-weight: 400;\" width=\"313\">Otsik sirge 1 1\/4&#8243; vk-1 1\/4&#8243; voolik<\/td>\n<\/tr>\n<tr>\n<td style=\"font-weight: 400;\">40-2424<\/td>\n<td style=\"font-weight: 400;\" width=\"313\">Otsik sirge 1 1\/2&#8243; vk-1 1\/2&#8243; voolik<\/td>\n<\/tr>\n<tr>\n<td style=\"font-weight: 400;\">40-3232<\/td>\n<td style=\"font-weight: 400;\" width=\"313\">Otsik sirge 2&#8243; vk-2&#8243; voolik<\/td>\n<\/tr>\n<\/tbody>\n<\/table>\n","protected":false},"excerpt":{"rendered":"<p>BSP ulkokierreliitin KOOD NIMETUS 40-0404 Otsik sirge 1\/4&#8243; vk-1\/4&#8243; voolik 40-0604 Otsik sirge 3\/8&#8243; vk-1\/4&#8243; voolik 40-0605 Otsik sirge 3\/8&#8243; vk-5\/16&#8243; voolik 40-0606 Otsik sirge 3\/8&#8243; vk-3\/8&#8243; voolik 40-0608 Otsik sirge 3\/8&#8243; vk-1\/2&#8243; voolik 40-0804 Otsik sirge 1\/2&#8243; vk-1\/4&#8243; voolik 40-0806 Otsik sirge 1\/2&#8243; vk-3\/8&#8243; voolik 40-0808 Otsik sirge 1\/2&#8243; vk-1\/2&#8243; voolik 40-0810 Otsik sirge [&#8230;]\n","protected":false},"author":1,"featured_media":654,"parent":2555,"menu_order":3,"comment_status":"closed","ping_status":"closed","template":"page-left-sidebar-tooted.php","meta":{"_exactmetrics_skip_tracking":false,"_exactmetrics_sitenote_active":false,"_exactmetrics_sitenote_note":"","_exactmetrics_sitenote_category":0,"_wp_rev_ctl_limit":""},"acf":[],"yoast_head":"<!-- This site is optimized with the Yoast SEO plugin v20.8 - https:\/\/yoast.com\/wordpress\/plugins\/seo\/ -->\n<title>BSP ulkokierreliitin - HYD koduleht<\/title>\n<meta name=\"description\" content=\"BSP otsik sirge v\u00e4liskeere on meil saadaval erineva tollim\u00f5\u00f5duga voolikutele.Vaata meie kodulehelt j\u00e4rele. BSP ulkokierreliitin\" \/>\n<meta name=\"robots\" content=\"index, follow, max-snippet:-1, max-image-preview:large, max-video-preview:-1\" \/>\n<link rel=\"canonical\" href=\"https:\/\/hyd.ee\/fi\/tooted\/otsikud\/bsp-otsikud\/bsp-otsik-sirge-vk\/\" \/>\n<meta name=\"twitter:label1\" content=\"Arvioitu lukuaika\" \/>\n\t<meta name=\"twitter:data1\" content=\"1 minuutti\" \/>\n<script type=\"application\/ld+json\" class=\"yoast-schema-graph\">{\"@context\":\"https:\/\/schema.org\",\"@graph\":[{\"@type\":\"WebPage\",\"@id\":\"https:\/\/hyd.ee\/fi\/tooted\/otsikud\/bsp-otsikud\/bsp-otsik-sirge-vk\/\",\"url\":\"https:\/\/hyd.ee\/fi\/tooted\/otsikud\/bsp-otsikud\/bsp-otsik-sirge-vk\/\",\"name\":\"BSP ulkokierreliitin - HYD koduleht\",\"isPartOf\":{\"@id\":\"https:\/\/hyd.ee\/#website\"},\"datePublished\":\"2020-02-18T08:19:54+00:00\",\"dateModified\":\"2023-05-08T07:06:59+00:00\",\"description\":\"BSP otsik sirge v\u00e4liskeere on meil saadaval erineva tollim\u00f5\u00f5duga voolikutele.Vaata meie kodulehelt j\u00e4rele. BSP ulkokierreliitin\",\"breadcrumb\":{\"@id\":\"https:\/\/hyd.ee\/fi\/tooted\/otsikud\/bsp-otsikud\/bsp-otsik-sirge-vk\/#breadcrumb\"},\"inLanguage\":\"fi\",\"potentialAction\":[{\"@type\":\"ReadAction\",\"target\":[\"https:\/\/hyd.ee\/fi\/tooted\/otsikud\/bsp-otsikud\/bsp-otsik-sirge-vk\/\"]}]},{\"@type\":\"BreadcrumbList\",\"@id\":\"https:\/\/hyd.ee\/fi\/tooted\/otsikud\/bsp-otsikud\/bsp-otsik-sirge-vk\/#breadcrumb\",\"itemListElement\":[{\"@type\":\"ListItem\",\"position\":1,\"name\":\"Avaleht\",\"item\":\"https:\/\/hyd.ee\/fi\/\"},{\"@type\":\"ListItem\",\"position\":2,\"name\":\"Tuotteet\",\"item\":\"https:\/\/hyd.ee\/fi\/tooted\/\"},{\"@type\":\"ListItem\",\"position\":3,\"name\":\"Letkuliittimet\",\"item\":\"https:\/\/hyd.ee\/fi\/tooted\/otsikud\/\"},{\"@type\":\"ListItem\",\"position\":4,\"name\":\"BSP letkuliittimet\",\"item\":\"https:\/\/hyd.ee\/fi\/tooted\/otsikud\/bsp-otsikud\/\"},{\"@type\":\"ListItem\",\"position\":5,\"name\":\"BSP ulkokierreliitin\"}]},{\"@type\":\"WebSite\",\"@id\":\"https:\/\/hyd.ee\/#website\",\"url\":\"https:\/\/hyd.ee\/\",\"name\":\"HYD koduleht\",\"description\":\"H\u00fcdraulika abi\",\"publisher\":{\"@id\":\"https:\/\/hyd.ee\/#organization\"},\"potentialAction\":[{\"@type\":\"SearchAction\",\"target\":{\"@type\":\"EntryPoint\",\"urlTemplate\":\"https:\/\/hyd.ee\/?s={search_term_string}\"},\"query-input\":\"required name=search_term_string\"}],\"inLanguage\":\"fi\"},{\"@type\":\"Organization\",\"@id\":\"https:\/\/hyd.ee\/#organization\",\"name\":\"HYD Solutions O\u00dc\",\"url\":\"https:\/\/hyd.ee\/\",\"logo\":{\"@type\":\"ImageObject\",\"inLanguage\":\"fi\",\"@id\":\"https:\/\/hyd.ee\/#\/schema\/logo\/image\/\",\"url\":\"https:\/\/hyd.ee\/wp-content\/uploads\/2019\/11\/hyd-logo.png\",\"contentUrl\":\"https:\/\/hyd.ee\/wp-content\/uploads\/2019\/11\/hyd-logo.png\",\"width\":898,\"height\":278,\"caption\":\"HYD Solutions O\u00dc\"},\"image\":{\"@id\":\"https:\/\/hyd.ee\/#\/schema\/logo\/image\/\"},\"sameAs\":[\"https:\/\/www.facebook.com\/Hydraulikalahendused\",\"https:\/\/www.linkedin.com\/company\/hydraulicsestonia\/?viewAsMember=true\"]}]}<\/script>\n<!-- \/ Yoast SEO plugin. -->","yoast_head_json":{"title":"BSP ulkokierreliitin - HYD koduleht","description":"BSP otsik sirge v\u00e4liskeere on meil saadaval erineva tollim\u00f5\u00f5duga voolikutele.Vaata meie kodulehelt j\u00e4rele. BSP ulkokierreliitin","robots":{"index":"index","follow":"follow","max-snippet":"max-snippet:-1","max-image-preview":"max-image-preview:large","max-video-preview":"max-video-preview:-1"},"canonical":"https:\/\/hyd.ee\/fi\/tooted\/otsikud\/bsp-otsikud\/bsp-otsik-sirge-vk\/","twitter_misc":{"Arvioitu lukuaika":"1 minuutti"},"schema":{"@context":"https:\/\/schema.org","@graph":[{"@type":"WebPage","@id":"https:\/\/hyd.ee\/fi\/tooted\/otsikud\/bsp-otsikud\/bsp-otsik-sirge-vk\/","url":"https:\/\/hyd.ee\/fi\/tooted\/otsikud\/bsp-otsikud\/bsp-otsik-sirge-vk\/","name":"BSP ulkokierreliitin - HYD koduleht","isPartOf":{"@id":"https:\/\/hyd.ee\/#website"},"datePublished":"2020-02-18T08:19:54+00:00","dateModified":"2023-05-08T07:06:59+00:00","description":"BSP otsik sirge v\u00e4liskeere on meil saadaval erineva tollim\u00f5\u00f5duga voolikutele.Vaata meie kodulehelt j\u00e4rele. BSP ulkokierreliitin","breadcrumb":{"@id":"https:\/\/hyd.ee\/fi\/tooted\/otsikud\/bsp-otsikud\/bsp-otsik-sirge-vk\/#breadcrumb"},"inLanguage":"fi","potentialAction":[{"@type":"ReadAction","target":["https:\/\/hyd.ee\/fi\/tooted\/otsikud\/bsp-otsikud\/bsp-otsik-sirge-vk\/"]}]},{"@type":"BreadcrumbList","@id":"https:\/\/hyd.ee\/fi\/tooted\/otsikud\/bsp-otsikud\/bsp-otsik-sirge-vk\/#breadcrumb","itemListElement":[{"@type":"ListItem","position":1,"name":"Avaleht","item":"https:\/\/hyd.ee\/fi\/"},{"@type":"ListItem","position":2,"name":"Tuotteet","item":"https:\/\/hyd.ee\/fi\/tooted\/"},{"@type":"ListItem","position":3,"name":"Letkuliittimet","item":"https:\/\/hyd.ee\/fi\/tooted\/otsikud\/"},{"@type":"ListItem","position":4,"name":"BSP letkuliittimet","item":"https:\/\/hyd.ee\/fi\/tooted\/otsikud\/bsp-otsikud\/"},{"@type":"ListItem","position":5,"name":"BSP ulkokierreliitin"}]},{"@type":"WebSite","@id":"https:\/\/hyd.ee\/#website","url":"https:\/\/hyd.ee\/","name":"HYD koduleht","description":"H\u00fcdraulika abi","publisher":{"@id":"https:\/\/hyd.ee\/#organization"},"potentialAction":[{"@type":"SearchAction","target":{"@type":"EntryPoint","urlTemplate":"https:\/\/hyd.ee\/?s={search_term_string}"},"query-input":"required name=search_term_string"}],"inLanguage":"fi"},{"@type":"Organization","@id":"https:\/\/hyd.ee\/#organization","name":"HYD Solutions O\u00dc","url":"https:\/\/hyd.ee\/","logo":{"@type":"ImageObject","inLanguage":"fi","@id":"https:\/\/hyd.ee\/#\/schema\/logo\/image\/","url":"https:\/\/hyd.ee\/wp-content\/uploads\/2019\/11\/hyd-logo.png","contentUrl":"https:\/\/hyd.ee\/wp-content\/uploads\/2019\/11\/hyd-logo.png","width":898,"height":278,"caption":"HYD Solutions O\u00dc"},"image":{"@id":"https:\/\/hyd.ee\/#\/schema\/logo\/image\/"},"sameAs":["https:\/\/www.facebook.com\/Hydraulikalahendused","https:\/\/www.linkedin.com\/company\/hydraulicsestonia\/?viewAsMember=true"]}]}},"_links":{"self":[{"href":"https:\/\/hyd.ee\/fi\/wp-json\/wp\/v2\/pages\/2545"}],"collection":[{"href":"https:\/\/hyd.ee\/fi\/wp-json\/wp\/v2\/pages"}],"about":[{"href":"https:\/\/hyd.ee\/fi\/wp-json\/wp\/v2\/types\/page"}],"author":[{"embeddable":true,"href":"https:\/\/hyd.ee\/fi\/wp-json\/wp\/v2\/users\/1"}],"replies":[{"embeddable":true,"href":"https:\/\/hyd.ee\/fi\/wp-json\/wp\/v2\/comments?post=2545"}],"version-history":[{"count":9,"href":"https:\/\/hyd.ee\/fi\/wp-json\/wp\/v2\/pages\/2545\/revisions"}],"predecessor-version":[{"id":8238,"href":"https:\/\/hyd.ee\/fi\/wp-json\/wp\/v2\/pages\/2545\/revisions\/8238"}],"up":[{"embeddable":true,"href":"https:\/\/hyd.ee\/fi\/wp-json\/wp\/v2\/pages\/2555"}],"wp:featuredmedia":[{"embeddable":true,"href":"https:\/\/hyd.ee\/fi\/wp-json\/wp\/v2\/media\/654"}],"wp:attachment":[{"href":"https:\/\/hyd.ee\/fi\/wp-json\/wp\/v2\/media?parent=2545"}],"curies":[{"name":"wp","href":"https:\/\/api.w.org\/{rel}","templated":true}]}}