{"id":2543,"date":"2020-02-18T08:21:47","date_gmt":"2020-02-18T08:21:47","guid":{"rendered":"https:\/\/hyd.ee\/bsp-otsik-90-madal\/"},"modified":"2023-05-08T07:08:05","modified_gmt":"2023-05-08T07:08:05","slug":"bsp-otsik-90-madal","status":"publish","type":"page","link":"https:\/\/hyd.ee\/fi\/tooted\/otsikud\/bsp-otsikud\/bsp-otsik-90-madal\/","title":{"rendered":"BSP 90\u00b0 sis\u00e4kierreliitin"},"content":{"rendered":"<h2>BSP 90\u00b0 sis\u00e4kierreliitin<\/h2>\n<p><a href=\"https:\/\/hyd.ee\/wp-content\/uploads\/2020\/02\/BSP-otsik-90-madal-sk-100--scaled.jpg\"><img decoding=\"async\" loading=\"lazy\" class=\"size-medium wp-image-643 alignleft\" src=\"https:\/\/hyd.ee\/wp-content\/uploads\/2020\/02\/BSP-otsik-90-madal-sk-100--300x200.jpg\" alt=\"BSP otsik 90 sk madal\" width=\"300\" height=\"200\" srcset=\"https:\/\/hyd.ee\/wp-content\/uploads\/2020\/02\/BSP-otsik-90-madal-sk-100--300x200.jpg 300w, https:\/\/hyd.ee\/wp-content\/uploads\/2020\/02\/BSP-otsik-90-madal-sk-100--1024x683.jpg 1024w, https:\/\/hyd.ee\/wp-content\/uploads\/2020\/02\/BSP-otsik-90-madal-sk-100--768x512.jpg 768w, https:\/\/hyd.ee\/wp-content\/uploads\/2020\/02\/BSP-otsik-90-madal-sk-100--1536x1024.jpg 1536w, https:\/\/hyd.ee\/wp-content\/uploads\/2020\/02\/BSP-otsik-90-madal-sk-100--2048x1365.jpg 2048w\" sizes=\"(max-width: 300px) 100vw, 300px\" \/><\/a><\/p>\n<table width=\"408\">\n<tbody>\n<tr>\n<td style=\"font-weight: 400;\" width=\"95\"><strong><span style=\"color: #f99b1c;\">KOOD<\/span><\/strong><\/td>\n<td style=\"font-weight: 400;\" width=\"313\"><strong><span style=\"color: #f99b1c;\">NIMETUS<\/span><\/strong><\/td>\n<\/tr>\n<tr>\n<td style=\"font-weight: 400;\">100-0404<\/td>\n<td style=\"font-weight: 400;\" width=\"313\">Otsik madal 90\u00b0 1\/4&#8243; sk-1\/4&#8243; voolik<\/td>\n<\/tr>\n<tr>\n<td style=\"font-weight: 400;\">100-0604<\/td>\n<td style=\"font-weight: 400;\" width=\"313\">Otsik madal 90\u00b0 3\/8&#8243; sk-1\/4&#8243; voolik<\/td>\n<\/tr>\n<tr>\n<td style=\"font-weight: 400;\">100-0606<\/td>\n<td style=\"font-weight: 400;\" width=\"313\">Otsik madal 90\u00b0 3\/8&#8243; sk-3\/8&#8243; voolik<\/td>\n<\/tr>\n<tr>\n<td style=\"font-weight: 400;\">100-0808<\/td>\n<td style=\"font-weight: 400;\" width=\"313\">Otsik madal 90\u00b0 1\/2&#8243; sk-1\/2&#8243; voolik<\/td>\n<\/tr>\n<tr>\n<td style=\"font-weight: 400;\">100-1212<\/td>\n<td style=\"font-weight: 400;\" width=\"313\">Otsik madal 90\u00b0 3\/4&#8243; sk-3\/4&#8243; voolik<\/td>\n<\/tr>\n<tr>\n<td style=\"font-weight: 400;\">100-1616<\/td>\n<td style=\"font-weight: 400;\" width=\"313\">Otsik madal 90\u00b0 1&#8243; sk-1&#8243; voolik<\/td>\n<\/tr>\n<\/tbody>\n<\/table>\n","protected":false},"excerpt":{"rendered":"<p>BSP 90\u00b0 sis\u00e4kierreliitin KOOD NIMETUS 100-0404 Otsik madal 90\u00b0 1\/4&#8243; sk-1\/4&#8243; voolik 100-0604 Otsik madal 90\u00b0 3\/8&#8243; sk-1\/4&#8243; voolik 100-0606 Otsik madal 90\u00b0 3\/8&#8243; sk-3\/8&#8243; voolik 100-0808 Otsik madal 90\u00b0 1\/2&#8243; sk-1\/2&#8243; voolik 100-1212 Otsik madal 90\u00b0 3\/4&#8243; sk-3\/4&#8243; voolik 100-1616 Otsik madal 90\u00b0 1&#8243; sk-1&#8243; voolik<\/p>\n","protected":false},"author":1,"featured_media":645,"parent":2555,"menu_order":4,"comment_status":"closed","ping_status":"closed","template":"page-left-sidebar-tooted.php","meta":{"_exactmetrics_skip_tracking":false,"_exactmetrics_sitenote_active":false,"_exactmetrics_sitenote_note":"","_exactmetrics_sitenote_category":0,"_wp_rev_ctl_limit":""},"acf":[],"yoast_head":"<!-- This site is optimized with the Yoast SEO plugin v20.8 - https:\/\/yoast.com\/wordpress\/plugins\/seo\/ -->\n<title>BSP 90\u00b0 sis\u00e4kierreliitin - HYD koduleht<\/title>\n<meta name=\"description\" content=\"BSP otsik 90\u00b0 madal on meil saadaval erineva tollim\u00f5\u00f5duga voolikutele. Vaata meie kodulehelt j\u00e4rele. BSP BSP 90\u00b0 sis\u00e4kierreliitin\" \/>\n<meta name=\"robots\" content=\"index, follow, max-snippet:-1, max-image-preview:large, max-video-preview:-1\" \/>\n<link rel=\"canonical\" href=\"https:\/\/hyd.ee\/fi\/tooted\/otsikud\/bsp-otsikud\/bsp-otsik-90-madal\/\" \/>\n<meta name=\"twitter:label1\" content=\"Arvioitu lukuaika\" \/>\n\t<meta name=\"twitter:data1\" content=\"1 minuutti\" \/>\n<script type=\"application\/ld+json\" class=\"yoast-schema-graph\">{\"@context\":\"https:\/\/schema.org\",\"@graph\":[{\"@type\":\"WebPage\",\"@id\":\"https:\/\/hyd.ee\/fi\/tooted\/otsikud\/bsp-otsikud\/bsp-otsik-90-madal\/\",\"url\":\"https:\/\/hyd.ee\/fi\/tooted\/otsikud\/bsp-otsikud\/bsp-otsik-90-madal\/\",\"name\":\"BSP 90\u00b0 sis\u00e4kierreliitin - HYD koduleht\",\"isPartOf\":{\"@id\":\"https:\/\/hyd.ee\/#website\"},\"datePublished\":\"2020-02-18T08:21:47+00:00\",\"dateModified\":\"2023-05-08T07:08:05+00:00\",\"description\":\"BSP otsik 90\u00b0 madal on meil saadaval erineva tollim\u00f5\u00f5duga voolikutele. Vaata meie kodulehelt j\u00e4rele. BSP BSP 90\u00b0 sis\u00e4kierreliitin\",\"breadcrumb\":{\"@id\":\"https:\/\/hyd.ee\/fi\/tooted\/otsikud\/bsp-otsikud\/bsp-otsik-90-madal\/#breadcrumb\"},\"inLanguage\":\"fi\",\"potentialAction\":[{\"@type\":\"ReadAction\",\"target\":[\"https:\/\/hyd.ee\/fi\/tooted\/otsikud\/bsp-otsikud\/bsp-otsik-90-madal\/\"]}]},{\"@type\":\"BreadcrumbList\",\"@id\":\"https:\/\/hyd.ee\/fi\/tooted\/otsikud\/bsp-otsikud\/bsp-otsik-90-madal\/#breadcrumb\",\"itemListElement\":[{\"@type\":\"ListItem\",\"position\":1,\"name\":\"Avaleht\",\"item\":\"https:\/\/hyd.ee\/fi\/\"},{\"@type\":\"ListItem\",\"position\":2,\"name\":\"Tuotteet\",\"item\":\"https:\/\/hyd.ee\/fi\/tooted\/\"},{\"@type\":\"ListItem\",\"position\":3,\"name\":\"Letkuliittimet\",\"item\":\"https:\/\/hyd.ee\/fi\/tooted\/otsikud\/\"},{\"@type\":\"ListItem\",\"position\":4,\"name\":\"BSP letkuliittimet\",\"item\":\"https:\/\/hyd.ee\/fi\/tooted\/otsikud\/bsp-otsikud\/\"},{\"@type\":\"ListItem\",\"position\":5,\"name\":\"BSP 90\u00b0 sis\u00e4kierreliitin\"}]},{\"@type\":\"WebSite\",\"@id\":\"https:\/\/hyd.ee\/#website\",\"url\":\"https:\/\/hyd.ee\/\",\"name\":\"HYD koduleht\",\"description\":\"H\u00fcdraulika abi\",\"publisher\":{\"@id\":\"https:\/\/hyd.ee\/#organization\"},\"potentialAction\":[{\"@type\":\"SearchAction\",\"target\":{\"@type\":\"EntryPoint\",\"urlTemplate\":\"https:\/\/hyd.ee\/?s={search_term_string}\"},\"query-input\":\"required name=search_term_string\"}],\"inLanguage\":\"fi\"},{\"@type\":\"Organization\",\"@id\":\"https:\/\/hyd.ee\/#organization\",\"name\":\"HYD Solutions O\u00dc\",\"url\":\"https:\/\/hyd.ee\/\",\"logo\":{\"@type\":\"ImageObject\",\"inLanguage\":\"fi\",\"@id\":\"https:\/\/hyd.ee\/#\/schema\/logo\/image\/\",\"url\":\"https:\/\/hyd.ee\/wp-content\/uploads\/2019\/11\/hyd-logo.png\",\"contentUrl\":\"https:\/\/hyd.ee\/wp-content\/uploads\/2019\/11\/hyd-logo.png\",\"width\":898,\"height\":278,\"caption\":\"HYD Solutions O\u00dc\"},\"image\":{\"@id\":\"https:\/\/hyd.ee\/#\/schema\/logo\/image\/\"},\"sameAs\":[\"https:\/\/www.facebook.com\/Hydraulikalahendused\",\"https:\/\/www.linkedin.com\/company\/hydraulicsestonia\/?viewAsMember=true\"]}]}<\/script>\n<!-- \/ Yoast SEO plugin. -->","yoast_head_json":{"title":"BSP 90\u00b0 sis\u00e4kierreliitin - HYD koduleht","description":"BSP otsik 90\u00b0 madal on meil saadaval erineva tollim\u00f5\u00f5duga voolikutele. Vaata meie kodulehelt j\u00e4rele. BSP BSP 90\u00b0 sis\u00e4kierreliitin","robots":{"index":"index","follow":"follow","max-snippet":"max-snippet:-1","max-image-preview":"max-image-preview:large","max-video-preview":"max-video-preview:-1"},"canonical":"https:\/\/hyd.ee\/fi\/tooted\/otsikud\/bsp-otsikud\/bsp-otsik-90-madal\/","twitter_misc":{"Arvioitu lukuaika":"1 minuutti"},"schema":{"@context":"https:\/\/schema.org","@graph":[{"@type":"WebPage","@id":"https:\/\/hyd.ee\/fi\/tooted\/otsikud\/bsp-otsikud\/bsp-otsik-90-madal\/","url":"https:\/\/hyd.ee\/fi\/tooted\/otsikud\/bsp-otsikud\/bsp-otsik-90-madal\/","name":"BSP 90\u00b0 sis\u00e4kierreliitin - HYD koduleht","isPartOf":{"@id":"https:\/\/hyd.ee\/#website"},"datePublished":"2020-02-18T08:21:47+00:00","dateModified":"2023-05-08T07:08:05+00:00","description":"BSP otsik 90\u00b0 madal on meil saadaval erineva tollim\u00f5\u00f5duga voolikutele. Vaata meie kodulehelt j\u00e4rele. BSP BSP 90\u00b0 sis\u00e4kierreliitin","breadcrumb":{"@id":"https:\/\/hyd.ee\/fi\/tooted\/otsikud\/bsp-otsikud\/bsp-otsik-90-madal\/#breadcrumb"},"inLanguage":"fi","potentialAction":[{"@type":"ReadAction","target":["https:\/\/hyd.ee\/fi\/tooted\/otsikud\/bsp-otsikud\/bsp-otsik-90-madal\/"]}]},{"@type":"BreadcrumbList","@id":"https:\/\/hyd.ee\/fi\/tooted\/otsikud\/bsp-otsikud\/bsp-otsik-90-madal\/#breadcrumb","itemListElement":[{"@type":"ListItem","position":1,"name":"Avaleht","item":"https:\/\/hyd.ee\/fi\/"},{"@type":"ListItem","position":2,"name":"Tuotteet","item":"https:\/\/hyd.ee\/fi\/tooted\/"},{"@type":"ListItem","position":3,"name":"Letkuliittimet","item":"https:\/\/hyd.ee\/fi\/tooted\/otsikud\/"},{"@type":"ListItem","position":4,"name":"BSP letkuliittimet","item":"https:\/\/hyd.ee\/fi\/tooted\/otsikud\/bsp-otsikud\/"},{"@type":"ListItem","position":5,"name":"BSP 90\u00b0 sis\u00e4kierreliitin"}]},{"@type":"WebSite","@id":"https:\/\/hyd.ee\/#website","url":"https:\/\/hyd.ee\/","name":"HYD koduleht","description":"H\u00fcdraulika abi","publisher":{"@id":"https:\/\/hyd.ee\/#organization"},"potentialAction":[{"@type":"SearchAction","target":{"@type":"EntryPoint","urlTemplate":"https:\/\/hyd.ee\/?s={search_term_string}"},"query-input":"required name=search_term_string"}],"inLanguage":"fi"},{"@type":"Organization","@id":"https:\/\/hyd.ee\/#organization","name":"HYD Solutions O\u00dc","url":"https:\/\/hyd.ee\/","logo":{"@type":"ImageObject","inLanguage":"fi","@id":"https:\/\/hyd.ee\/#\/schema\/logo\/image\/","url":"https:\/\/hyd.ee\/wp-content\/uploads\/2019\/11\/hyd-logo.png","contentUrl":"https:\/\/hyd.ee\/wp-content\/uploads\/2019\/11\/hyd-logo.png","width":898,"height":278,"caption":"HYD Solutions O\u00dc"},"image":{"@id":"https:\/\/hyd.ee\/#\/schema\/logo\/image\/"},"sameAs":["https:\/\/www.facebook.com\/Hydraulikalahendused","https:\/\/www.linkedin.com\/company\/hydraulicsestonia\/?viewAsMember=true"]}]}},"_links":{"self":[{"href":"https:\/\/hyd.ee\/fi\/wp-json\/wp\/v2\/pages\/2543"}],"collection":[{"href":"https:\/\/hyd.ee\/fi\/wp-json\/wp\/v2\/pages"}],"about":[{"href":"https:\/\/hyd.ee\/fi\/wp-json\/wp\/v2\/types\/page"}],"author":[{"embeddable":true,"href":"https:\/\/hyd.ee\/fi\/wp-json\/wp\/v2\/users\/1"}],"replies":[{"embeddable":true,"href":"https:\/\/hyd.ee\/fi\/wp-json\/wp\/v2\/comments?post=2543"}],"version-history":[{"count":8,"href":"https:\/\/hyd.ee\/fi\/wp-json\/wp\/v2\/pages\/2543\/revisions"}],"predecessor-version":[{"id":8239,"href":"https:\/\/hyd.ee\/fi\/wp-json\/wp\/v2\/pages\/2543\/revisions\/8239"}],"up":[{"embeddable":true,"href":"https:\/\/hyd.ee\/fi\/wp-json\/wp\/v2\/pages\/2555"}],"wp:featuredmedia":[{"embeddable":true,"href":"https:\/\/hyd.ee\/fi\/wp-json\/wp\/v2\/media\/645"}],"wp:attachment":[{"href":"https:\/\/hyd.ee\/fi\/wp-json\/wp\/v2\/media?parent=2543"}],"curies":[{"name":"wp","href":"https:\/\/api.w.org\/{rel}","templated":true}]}}