{"id":2075,"date":"2020-03-04T07:41:21","date_gmt":"2020-03-04T07:41:21","guid":{"rendered":"https:\/\/hyd.ee\/ggl-sirge-poorlev-liide\/"},"modified":"2023-05-10T07:06:11","modified_gmt":"2023-05-10T07:06:11","slug":"ggl-sirge-poorlev-liide","status":"publish","type":"page","link":"https:\/\/hyd.ee\/fi\/tooted\/komponendid\/liited\/ggl-sirge-poorlev-liide\/","title":{"rendered":"GGL sirge p\u00f6\u00f6rlev liide"},"content":{"rendered":"<h2 style=\"text-align: left;\">GGL sirge p\u00f6\u00f6rlev liide<\/h2>\n<h3 style=\"text-align: right;\"><a href=\"https:\/\/hyd.ee\/wp-content\/uploads\/2022\/06\/17.1_GGL.pdf\" target=\"_blank\" rel=\"noopener\">Spetsifikatsioon (pdf) <\/a><a href=\"https:\/\/hyd.ee\/wp-content\/uploads\/2022\/06\/17.1_GGL.pdf\" target=\"_blank\" rel=\"noopener\">17.1_GGL<\/a><\/h3>\n<p><a href=\"https:\/\/hyd.ee\/wp-content\/uploads\/2020\/03\/GGL-SIRGE-P\u00d6\u00d6RLEV-LIIDE-G1090-G1070-G1050-G1080-G1060-1.jpg\"><img decoding=\"async\" loading=\"lazy\" class=\"size-medium wp-image-1688 alignleft\" src=\"https:\/\/hyd.ee\/wp-content\/uploads\/2020\/03\/GGL-SIRGE-P\u00d6\u00d6RLEV-LIIDE-G1090-G1070-G1050-G1080-G1060-1-300x193.jpg\" alt=\"\" width=\"300\" height=\"193\" srcset=\"https:\/\/hyd.ee\/wp-content\/uploads\/2020\/03\/GGL-SIRGE-P\u00d6\u00d6RLEV-LIIDE-G1090-G1070-G1050-G1080-G1060-1-300x193.jpg 300w, https:\/\/hyd.ee\/wp-content\/uploads\/2020\/03\/GGL-SIRGE-P\u00d6\u00d6RLEV-LIIDE-G1090-G1070-G1050-G1080-G1060-1.jpg 554w\" sizes=\"(max-width: 300px) 100vw, 300px\" \/><\/a><\/p>\n<table width=\"408\">\n<tbody>\n<tr>\n<td style=\"font-weight: 400;\" width=\"95\"><span style=\"color: #f99b1c;\"><strong>KOOD<\/strong><\/span><\/td>\n<td style=\"font-weight: 400;\" width=\"313\"><span style=\"color: #f99b1c;\"><strong>NIMETUS<\/strong><\/span><\/td>\n<\/tr>\n<tr>\n<td style=\"font-weight: 400;\"><span style=\"color: #808080;\">G1050<\/span><\/td>\n<td style=\"font-weight: 400;\" width=\"313\"><span style=\"color: #808080;\">GGL 1\/4&#8243; sirge p\u00f6\u00f6rlev liide<\/span><\/td>\n<\/tr>\n<tr>\n<td style=\"font-weight: 400;\"><span style=\"color: #808080;\">G1060<\/span><\/td>\n<td style=\"font-weight: 400;\" width=\"313\"><span style=\"color: #808080;\">GGL 3\/8&#8243; sirge p\u00f6\u00f6rlev liide<\/span><\/td>\n<\/tr>\n<tr>\n<td style=\"font-weight: 400;\"><span style=\"color: #808080;\">G1070<\/span><\/td>\n<td style=\"font-weight: 400;\" width=\"313\"><span style=\"color: #808080;\">GGL 1\/2&#8243; sirge p\u00f6\u00f6rlev liide<\/span><\/td>\n<\/tr>\n<tr>\n<td style=\"font-weight: 400;\"><span style=\"color: #808080;\">G1080<\/span><\/td>\n<td style=\"font-weight: 400;\" width=\"313\"><span style=\"color: #808080;\">GGL 3\/4&#8243; sirge p\u00f6\u00f6rlev liide<\/span><\/td>\n<\/tr>\n<tr>\n<td style=\"font-weight: 400;\"><span style=\"color: #808080;\">G1090<\/span><\/td>\n<td style=\"font-weight: 400;\" width=\"313\"><span style=\"color: #808080;\">GGL 1&#8243; sirge p\u00f6\u00f6rlev liide<\/span><\/td>\n<\/tr>\n<tr>\n<td style=\"font-weight: 400;\"><span style=\"color: #808080;\">G1091<\/span><\/td>\n<td style=\"font-weight: 400;\"><span style=\"color: #808080;\">GGL 1&#8243; 1\/4 sirge p\u00f6\u00f6rlev liide<\/span><\/td>\n<\/tr>\n<tr>\n<td style=\"font-weight: 400;\"><span style=\"color: #808080;\">G1092<\/span><\/td>\n<td style=\"font-weight: 400;\"><span style=\"color: #808080;\">GGL 1&#8243; 1\/2 sirge p\u00f6\u00f6rlev liide<\/span><\/td>\n<\/tr>\n<tr>\n<td style=\"font-weight: 400;\"><span style=\"color: #808080;\">G1093<\/span><\/td>\n<td style=\"font-weight: 400;\"><span style=\"color: #808080;\">GGL 2&#8243; sirge p\u00f6\u00f6rlev liide<\/span><\/td>\n<\/tr>\n<\/tbody>\n<\/table>\n","protected":false},"excerpt":{"rendered":"<p>GGL sirge p\u00f6\u00f6rlev liide Spetsifikatsioon (pdf) 17.1_GGL KOOD NIMETUS G1050 GGL 1\/4&#8243; sirge p\u00f6\u00f6rlev liide G1060 GGL 3\/8&#8243; sirge p\u00f6\u00f6rlev liide G1070 GGL 1\/2&#8243; sirge p\u00f6\u00f6rlev liide G1080 GGL 3\/4&#8243; sirge p\u00f6\u00f6rlev liide G1090 GGL 1&#8243; sirge p\u00f6\u00f6rlev liide G1091 GGL 1&#8243; 1\/4 sirge p\u00f6\u00f6rlev liide G1092 GGL 1&#8243; 1\/2 sirge p\u00f6\u00f6rlev liide G1093 GGL [&#8230;]\n","protected":false},"author":1,"featured_media":1690,"parent":3966,"menu_order":2,"comment_status":"closed","ping_status":"closed","template":"page-left-sidebar-tooted.php","meta":{"_exactmetrics_skip_tracking":false,"_exactmetrics_sitenote_active":false,"_exactmetrics_sitenote_note":"","_exactmetrics_sitenote_category":0,"_wp_rev_ctl_limit":""},"acf":[],"yoast_head":"<!-- This site is optimized with the Yoast SEO plugin v20.8 - https:\/\/yoast.com\/wordpress\/plugins\/seo\/ -->\n<title>GGL sirge p\u00f6\u00f6rlev liide - HYD koduleht<\/title>\n<meta name=\"robots\" content=\"index, follow, max-snippet:-1, max-image-preview:large, max-video-preview:-1\" \/>\n<link rel=\"canonical\" href=\"https:\/\/hyd.ee\/fi\/tooted\/komponendid\/liited\/ggl-sirge-poorlev-liide\/\" \/>\n<meta name=\"twitter:label1\" content=\"Arvioitu lukuaika\" \/>\n\t<meta name=\"twitter:data1\" content=\"1 minuutti\" \/>\n<script type=\"application\/ld+json\" class=\"yoast-schema-graph\">{\"@context\":\"https:\/\/schema.org\",\"@graph\":[{\"@type\":\"WebPage\",\"@id\":\"https:\/\/hyd.ee\/fi\/tooted\/komponendid\/liited\/ggl-sirge-poorlev-liide\/\",\"url\":\"https:\/\/hyd.ee\/fi\/tooted\/komponendid\/liited\/ggl-sirge-poorlev-liide\/\",\"name\":\"GGL sirge p\u00f6\u00f6rlev liide - HYD koduleht\",\"isPartOf\":{\"@id\":\"https:\/\/hyd.ee\/#website\"},\"datePublished\":\"2020-03-04T07:41:21+00:00\",\"dateModified\":\"2023-05-10T07:06:11+00:00\",\"breadcrumb\":{\"@id\":\"https:\/\/hyd.ee\/fi\/tooted\/komponendid\/liited\/ggl-sirge-poorlev-liide\/#breadcrumb\"},\"inLanguage\":\"fi\",\"potentialAction\":[{\"@type\":\"ReadAction\",\"target\":[\"https:\/\/hyd.ee\/fi\/tooted\/komponendid\/liited\/ggl-sirge-poorlev-liide\/\"]}]},{\"@type\":\"BreadcrumbList\",\"@id\":\"https:\/\/hyd.ee\/fi\/tooted\/komponendid\/liited\/ggl-sirge-poorlev-liide\/#breadcrumb\",\"itemListElement\":[{\"@type\":\"ListItem\",\"position\":1,\"name\":\"Avaleht\",\"item\":\"https:\/\/hyd.ee\/fi\/\"},{\"@type\":\"ListItem\",\"position\":2,\"name\":\"Tuotteet\",\"item\":\"https:\/\/hyd.ee\/fi\/tooted\/\"},{\"@type\":\"ListItem\",\"position\":3,\"name\":\"Klapid ja abiventiilid\",\"item\":\"https:\/\/hyd.ee\/fi\/tooted\/komponendid\/\"},{\"@type\":\"ListItem\",\"position\":4,\"name\":\"P\u00f6\u00f6rlevad liited\",\"item\":\"https:\/\/hyd.ee\/fi\/tooted\/komponendid\/liited\/\"},{\"@type\":\"ListItem\",\"position\":5,\"name\":\"GGL sirge p\u00f6\u00f6rlev liide\"}]},{\"@type\":\"WebSite\",\"@id\":\"https:\/\/hyd.ee\/#website\",\"url\":\"https:\/\/hyd.ee\/\",\"name\":\"HYD koduleht\",\"description\":\"H\u00fcdraulika abi\",\"publisher\":{\"@id\":\"https:\/\/hyd.ee\/#organization\"},\"potentialAction\":[{\"@type\":\"SearchAction\",\"target\":{\"@type\":\"EntryPoint\",\"urlTemplate\":\"https:\/\/hyd.ee\/?s={search_term_string}\"},\"query-input\":\"required name=search_term_string\"}],\"inLanguage\":\"fi\"},{\"@type\":\"Organization\",\"@id\":\"https:\/\/hyd.ee\/#organization\",\"name\":\"HYD Solutions O\u00dc\",\"url\":\"https:\/\/hyd.ee\/\",\"logo\":{\"@type\":\"ImageObject\",\"inLanguage\":\"fi\",\"@id\":\"https:\/\/hyd.ee\/#\/schema\/logo\/image\/\",\"url\":\"https:\/\/hyd.ee\/wp-content\/uploads\/2019\/11\/hyd-logo.png\",\"contentUrl\":\"https:\/\/hyd.ee\/wp-content\/uploads\/2019\/11\/hyd-logo.png\",\"width\":898,\"height\":278,\"caption\":\"HYD Solutions O\u00dc\"},\"image\":{\"@id\":\"https:\/\/hyd.ee\/#\/schema\/logo\/image\/\"},\"sameAs\":[\"https:\/\/www.facebook.com\/Hydraulikalahendused\",\"https:\/\/www.linkedin.com\/company\/hydraulicsestonia\/?viewAsMember=true\"]}]}<\/script>\n<!-- \/ Yoast SEO plugin. -->","yoast_head_json":{"title":"GGL sirge p\u00f6\u00f6rlev liide - HYD koduleht","robots":{"index":"index","follow":"follow","max-snippet":"max-snippet:-1","max-image-preview":"max-image-preview:large","max-video-preview":"max-video-preview:-1"},"canonical":"https:\/\/hyd.ee\/fi\/tooted\/komponendid\/liited\/ggl-sirge-poorlev-liide\/","twitter_misc":{"Arvioitu lukuaika":"1 minuutti"},"schema":{"@context":"https:\/\/schema.org","@graph":[{"@type":"WebPage","@id":"https:\/\/hyd.ee\/fi\/tooted\/komponendid\/liited\/ggl-sirge-poorlev-liide\/","url":"https:\/\/hyd.ee\/fi\/tooted\/komponendid\/liited\/ggl-sirge-poorlev-liide\/","name":"GGL sirge p\u00f6\u00f6rlev liide - HYD koduleht","isPartOf":{"@id":"https:\/\/hyd.ee\/#website"},"datePublished":"2020-03-04T07:41:21+00:00","dateModified":"2023-05-10T07:06:11+00:00","breadcrumb":{"@id":"https:\/\/hyd.ee\/fi\/tooted\/komponendid\/liited\/ggl-sirge-poorlev-liide\/#breadcrumb"},"inLanguage":"fi","potentialAction":[{"@type":"ReadAction","target":["https:\/\/hyd.ee\/fi\/tooted\/komponendid\/liited\/ggl-sirge-poorlev-liide\/"]}]},{"@type":"BreadcrumbList","@id":"https:\/\/hyd.ee\/fi\/tooted\/komponendid\/liited\/ggl-sirge-poorlev-liide\/#breadcrumb","itemListElement":[{"@type":"ListItem","position":1,"name":"Avaleht","item":"https:\/\/hyd.ee\/fi\/"},{"@type":"ListItem","position":2,"name":"Tuotteet","item":"https:\/\/hyd.ee\/fi\/tooted\/"},{"@type":"ListItem","position":3,"name":"Klapid ja abiventiilid","item":"https:\/\/hyd.ee\/fi\/tooted\/komponendid\/"},{"@type":"ListItem","position":4,"name":"P\u00f6\u00f6rlevad liited","item":"https:\/\/hyd.ee\/fi\/tooted\/komponendid\/liited\/"},{"@type":"ListItem","position":5,"name":"GGL sirge p\u00f6\u00f6rlev liide"}]},{"@type":"WebSite","@id":"https:\/\/hyd.ee\/#website","url":"https:\/\/hyd.ee\/","name":"HYD koduleht","description":"H\u00fcdraulika abi","publisher":{"@id":"https:\/\/hyd.ee\/#organization"},"potentialAction":[{"@type":"SearchAction","target":{"@type":"EntryPoint","urlTemplate":"https:\/\/hyd.ee\/?s={search_term_string}"},"query-input":"required name=search_term_string"}],"inLanguage":"fi"},{"@type":"Organization","@id":"https:\/\/hyd.ee\/#organization","name":"HYD Solutions O\u00dc","url":"https:\/\/hyd.ee\/","logo":{"@type":"ImageObject","inLanguage":"fi","@id":"https:\/\/hyd.ee\/#\/schema\/logo\/image\/","url":"https:\/\/hyd.ee\/wp-content\/uploads\/2019\/11\/hyd-logo.png","contentUrl":"https:\/\/hyd.ee\/wp-content\/uploads\/2019\/11\/hyd-logo.png","width":898,"height":278,"caption":"HYD Solutions O\u00dc"},"image":{"@id":"https:\/\/hyd.ee\/#\/schema\/logo\/image\/"},"sameAs":["https:\/\/www.facebook.com\/Hydraulikalahendused","https:\/\/www.linkedin.com\/company\/hydraulicsestonia\/?viewAsMember=true"]}]}},"_links":{"self":[{"href":"https:\/\/hyd.ee\/fi\/wp-json\/wp\/v2\/pages\/2075"}],"collection":[{"href":"https:\/\/hyd.ee\/fi\/wp-json\/wp\/v2\/pages"}],"about":[{"href":"https:\/\/hyd.ee\/fi\/wp-json\/wp\/v2\/types\/page"}],"author":[{"embeddable":true,"href":"https:\/\/hyd.ee\/fi\/wp-json\/wp\/v2\/users\/1"}],"replies":[{"embeddable":true,"href":"https:\/\/hyd.ee\/fi\/wp-json\/wp\/v2\/comments?post=2075"}],"version-history":[{"count":26,"href":"https:\/\/hyd.ee\/fi\/wp-json\/wp\/v2\/pages\/2075\/revisions"}],"predecessor-version":[{"id":8311,"href":"https:\/\/hyd.ee\/fi\/wp-json\/wp\/v2\/pages\/2075\/revisions\/8311"}],"up":[{"embeddable":true,"href":"https:\/\/hyd.ee\/fi\/wp-json\/wp\/v2\/pages\/3966"}],"wp:featuredmedia":[{"embeddable":true,"href":"https:\/\/hyd.ee\/fi\/wp-json\/wp\/v2\/media\/1690"}],"wp:attachment":[{"href":"https:\/\/hyd.ee\/fi\/wp-json\/wp\/v2\/media?parent=2075"}],"curies":[{"name":"wp","href":"https:\/\/api.w.org\/{rel}","templated":true}]}}