{"id":1988,"date":"2020-03-17T11:47:23","date_gmt":"2020-03-17T11:47:23","guid":{"rendered":"https:\/\/hyd.ee\/hudraulikakomponentide-muuk\/"},"modified":"2023-01-16T08:58:53","modified_gmt":"2023-01-16T08:58:53","slug":"hudraulikakomponentide-muuk","status":"publish","type":"page","link":"https:\/\/hyd.ee\/fi\/palvelut\/hudraulikakomponentide-muuk\/","title":{"rendered":"Hydraulikomponenttien myynti"},"content":{"rendered":"<p>Myym\u00e4l\u00e4st\u00e4mme l\u00f6ytyy laaja valikoima hydrauli- ja pneumatiikkatuotteita.<\/p>\n<p>Keskitymme laadukkaisiin merkkeihin ja olemme vakuuttuneita siit\u00e4, ett\u00e4 l\u00f6yd\u00e4t kauttamme juuri sinun koneesi tarvitseman tuotteen.<\/p>\n<p>Voit tutustua valikoimaan Tuotteet-kohdasta tai k\u00e4ym\u00e4ll\u00e4 myym\u00e4l\u00e4ss\u00e4mme.<\/p>\n<p><strong style=\"font-size: 110%;\"><img decoding=\"async\" loading=\"lazy\" class=\"alignnone wp-image-1850\" src=\"https:\/\/hyd.ee\/wp-content\/uploads\/2020\/03\/kriidi-4-kauplus-1024x592.jpg\" alt=\"\" width=\"571\" height=\"330\" srcset=\"https:\/\/hyd.ee\/wp-content\/uploads\/2020\/03\/kriidi-4-kauplus-1024x592.jpg 1024w, https:\/\/hyd.ee\/wp-content\/uploads\/2020\/03\/kriidi-4-kauplus-300x173.jpg 300w, https:\/\/hyd.ee\/wp-content\/uploads\/2020\/03\/kriidi-4-kauplus-768x444.jpg 768w, https:\/\/hyd.ee\/wp-content\/uploads\/2020\/03\/kriidi-4-kauplus-1536x888.jpg 1536w, https:\/\/hyd.ee\/wp-content\/uploads\/2020\/03\/kriidi-4-kauplus.jpg 1712w\" sizes=\"(max-width: 571px) 100vw, 571px\" \/><\/strong><\/p>\n<p><img decoding=\"async\" loading=\"lazy\" class=\"alignnone wp-image-1847\" src=\"https:\/\/hyd.ee\/wp-content\/uploads\/2020\/03\/Kriidi-4-kauplus-inside-1024x609.jpg\" alt=\"\" width=\"572\" height=\"340\" srcset=\"https:\/\/hyd.ee\/wp-content\/uploads\/2020\/03\/Kriidi-4-kauplus-inside-1024x609.jpg 1024w, https:\/\/hyd.ee\/wp-content\/uploads\/2020\/03\/Kriidi-4-kauplus-inside-300x178.jpg 300w, https:\/\/hyd.ee\/wp-content\/uploads\/2020\/03\/Kriidi-4-kauplus-inside-768x457.jpg 768w, https:\/\/hyd.ee\/wp-content\/uploads\/2020\/03\/Kriidi-4-kauplus-inside-1536x913.jpg 1536w, https:\/\/hyd.ee\/wp-content\/uploads\/2020\/03\/Kriidi-4-kauplus-inside.jpg 1904w\" sizes=\"(max-width: 572px) 100vw, 572px\" \/><\/p>\n","protected":false},"excerpt":{"rendered":"<p>Myym\u00e4l\u00e4st\u00e4mme l\u00f6ytyy laaja valikoima hydrauli- ja pneumatiikkatuotteita. Keskitymme laadukkaisiin merkkeihin ja olemme vakuuttuneita siit\u00e4, ett\u00e4 l\u00f6yd\u00e4t kauttamme juuri sinun koneesi tarvitseman tuotteen. Voit tutustua valikoimaan Tuotteet-kohdasta tai k\u00e4ym\u00e4ll\u00e4 myym\u00e4l\u00e4ss\u00e4mme.<\/p>\n","protected":false},"author":1,"featured_media":1849,"parent":2605,"menu_order":0,"comment_status":"closed","ping_status":"closed","template":"page-left-sidebar-teenused.php","meta":{"_exactmetrics_skip_tracking":false,"_exactmetrics_sitenote_active":false,"_exactmetrics_sitenote_note":"","_exactmetrics_sitenote_category":0,"_wp_rev_ctl_limit":""},"acf":[],"yoast_head":"<!-- This site is optimized with the Yoast SEO plugin v20.8 - https:\/\/yoast.com\/wordpress\/plugins\/seo\/ -->\n<title>Hydraulikomponenttien myynti - HYD koduleht<\/title>\n<meta name=\"robots\" content=\"index, follow, max-snippet:-1, max-image-preview:large, max-video-preview:-1\" \/>\n<link rel=\"canonical\" href=\"https:\/\/hyd.ee\/fi\/palvelut\/hudraulikakomponentide-muuk\/\" \/>\n<meta name=\"twitter:label1\" content=\"Arvioitu lukuaika\" \/>\n\t<meta name=\"twitter:data1\" content=\"1 minuutti\" \/>\n<script type=\"application\/ld+json\" class=\"yoast-schema-graph\">{\"@context\":\"https:\/\/schema.org\",\"@graph\":[{\"@type\":\"WebPage\",\"@id\":\"https:\/\/hyd.ee\/fi\/palvelut\/hudraulikakomponentide-muuk\/\",\"url\":\"https:\/\/hyd.ee\/fi\/palvelut\/hudraulikakomponentide-muuk\/\",\"name\":\"Hydraulikomponenttien myynti - HYD koduleht\",\"isPartOf\":{\"@id\":\"https:\/\/hyd.ee\/#website\"},\"datePublished\":\"2020-03-17T11:47:23+00:00\",\"dateModified\":\"2023-01-16T08:58:53+00:00\",\"breadcrumb\":{\"@id\":\"https:\/\/hyd.ee\/fi\/palvelut\/hudraulikakomponentide-muuk\/#breadcrumb\"},\"inLanguage\":\"fi\",\"potentialAction\":[{\"@type\":\"ReadAction\",\"target\":[\"https:\/\/hyd.ee\/fi\/palvelut\/hudraulikakomponentide-muuk\/\"]}]},{\"@type\":\"BreadcrumbList\",\"@id\":\"https:\/\/hyd.ee\/fi\/palvelut\/hudraulikakomponentide-muuk\/#breadcrumb\",\"itemListElement\":[{\"@type\":\"ListItem\",\"position\":1,\"name\":\"Avaleht\",\"item\":\"https:\/\/hyd.ee\/fi\/\"},{\"@type\":\"ListItem\",\"position\":2,\"name\":\"Palvelut\",\"item\":\"https:\/\/hyd.ee\/fi\/palvelut\/\"},{\"@type\":\"ListItem\",\"position\":3,\"name\":\"Hydraulikomponenttien myynti\"}]},{\"@type\":\"WebSite\",\"@id\":\"https:\/\/hyd.ee\/#website\",\"url\":\"https:\/\/hyd.ee\/\",\"name\":\"HYD koduleht\",\"description\":\"H\u00fcdraulika abi\",\"publisher\":{\"@id\":\"https:\/\/hyd.ee\/#organization\"},\"potentialAction\":[{\"@type\":\"SearchAction\",\"target\":{\"@type\":\"EntryPoint\",\"urlTemplate\":\"https:\/\/hyd.ee\/?s={search_term_string}\"},\"query-input\":\"required name=search_term_string\"}],\"inLanguage\":\"fi\"},{\"@type\":\"Organization\",\"@id\":\"https:\/\/hyd.ee\/#organization\",\"name\":\"HYD Solutions O\u00dc\",\"url\":\"https:\/\/hyd.ee\/\",\"logo\":{\"@type\":\"ImageObject\",\"inLanguage\":\"fi\",\"@id\":\"https:\/\/hyd.ee\/#\/schema\/logo\/image\/\",\"url\":\"https:\/\/hyd.ee\/wp-content\/uploads\/2019\/11\/hyd-logo.png\",\"contentUrl\":\"https:\/\/hyd.ee\/wp-content\/uploads\/2019\/11\/hyd-logo.png\",\"width\":898,\"height\":278,\"caption\":\"HYD Solutions O\u00dc\"},\"image\":{\"@id\":\"https:\/\/hyd.ee\/#\/schema\/logo\/image\/\"},\"sameAs\":[\"https:\/\/www.facebook.com\/Hydraulikalahendused\",\"https:\/\/www.linkedin.com\/company\/hydraulicsestonia\/?viewAsMember=true\"]}]}<\/script>\n<!-- \/ Yoast SEO plugin. -->","yoast_head_json":{"title":"Hydraulikomponenttien myynti - HYD koduleht","robots":{"index":"index","follow":"follow","max-snippet":"max-snippet:-1","max-image-preview":"max-image-preview:large","max-video-preview":"max-video-preview:-1"},"canonical":"https:\/\/hyd.ee\/fi\/palvelut\/hudraulikakomponentide-muuk\/","twitter_misc":{"Arvioitu lukuaika":"1 minuutti"},"schema":{"@context":"https:\/\/schema.org","@graph":[{"@type":"WebPage","@id":"https:\/\/hyd.ee\/fi\/palvelut\/hudraulikakomponentide-muuk\/","url":"https:\/\/hyd.ee\/fi\/palvelut\/hudraulikakomponentide-muuk\/","name":"Hydraulikomponenttien myynti - HYD koduleht","isPartOf":{"@id":"https:\/\/hyd.ee\/#website"},"datePublished":"2020-03-17T11:47:23+00:00","dateModified":"2023-01-16T08:58:53+00:00","breadcrumb":{"@id":"https:\/\/hyd.ee\/fi\/palvelut\/hudraulikakomponentide-muuk\/#breadcrumb"},"inLanguage":"fi","potentialAction":[{"@type":"ReadAction","target":["https:\/\/hyd.ee\/fi\/palvelut\/hudraulikakomponentide-muuk\/"]}]},{"@type":"BreadcrumbList","@id":"https:\/\/hyd.ee\/fi\/palvelut\/hudraulikakomponentide-muuk\/#breadcrumb","itemListElement":[{"@type":"ListItem","position":1,"name":"Avaleht","item":"https:\/\/hyd.ee\/fi\/"},{"@type":"ListItem","position":2,"name":"Palvelut","item":"https:\/\/hyd.ee\/fi\/palvelut\/"},{"@type":"ListItem","position":3,"name":"Hydraulikomponenttien myynti"}]},{"@type":"WebSite","@id":"https:\/\/hyd.ee\/#website","url":"https:\/\/hyd.ee\/","name":"HYD koduleht","description":"H\u00fcdraulika abi","publisher":{"@id":"https:\/\/hyd.ee\/#organization"},"potentialAction":[{"@type":"SearchAction","target":{"@type":"EntryPoint","urlTemplate":"https:\/\/hyd.ee\/?s={search_term_string}"},"query-input":"required name=search_term_string"}],"inLanguage":"fi"},{"@type":"Organization","@id":"https:\/\/hyd.ee\/#organization","name":"HYD Solutions O\u00dc","url":"https:\/\/hyd.ee\/","logo":{"@type":"ImageObject","inLanguage":"fi","@id":"https:\/\/hyd.ee\/#\/schema\/logo\/image\/","url":"https:\/\/hyd.ee\/wp-content\/uploads\/2019\/11\/hyd-logo.png","contentUrl":"https:\/\/hyd.ee\/wp-content\/uploads\/2019\/11\/hyd-logo.png","width":898,"height":278,"caption":"HYD Solutions O\u00dc"},"image":{"@id":"https:\/\/hyd.ee\/#\/schema\/logo\/image\/"},"sameAs":["https:\/\/www.facebook.com\/Hydraulikalahendused","https:\/\/www.linkedin.com\/company\/hydraulicsestonia\/?viewAsMember=true"]}]}},"_links":{"self":[{"href":"https:\/\/hyd.ee\/fi\/wp-json\/wp\/v2\/pages\/1988"}],"collection":[{"href":"https:\/\/hyd.ee\/fi\/wp-json\/wp\/v2\/pages"}],"about":[{"href":"https:\/\/hyd.ee\/fi\/wp-json\/wp\/v2\/types\/page"}],"author":[{"embeddable":true,"href":"https:\/\/hyd.ee\/fi\/wp-json\/wp\/v2\/users\/1"}],"replies":[{"embeddable":true,"href":"https:\/\/hyd.ee\/fi\/wp-json\/wp\/v2\/comments?post=1988"}],"version-history":[{"count":4,"href":"https:\/\/hyd.ee\/fi\/wp-json\/wp\/v2\/pages\/1988\/revisions"}],"predecessor-version":[{"id":6778,"href":"https:\/\/hyd.ee\/fi\/wp-json\/wp\/v2\/pages\/1988\/revisions\/6778"}],"up":[{"embeddable":true,"href":"https:\/\/hyd.ee\/fi\/wp-json\/wp\/v2\/pages\/2605"}],"wp:featuredmedia":[{"embeddable":true,"href":"https:\/\/hyd.ee\/fi\/wp-json\/wp\/v2\/media\/1849"}],"wp:attachment":[{"href":"https:\/\/hyd.ee\/fi\/wp-json\/wp\/v2\/media?parent=1988"}],"curies":[{"name":"wp","href":"https:\/\/api.w.org\/{rel}","templated":true}]}}