{"id":1986,"date":"2020-03-17T11:48:38","date_gmt":"2020-03-17T11:48:38","guid":{"rendered":"https:\/\/hyd.ee\/hudrovoolikute-valmistamine\/"},"modified":"2023-05-02T06:03:32","modified_gmt":"2023-05-02T06:03:32","slug":"hudrovoolikute-valmistamine","status":"publish","type":"page","link":"https:\/\/hyd.ee\/fi\/palvelut\/hudrovoolikute-valmistamine\/","title":{"rendered":"Hydrauliletkujen valmistus"},"content":{"rendered":"<p><!--StartFragment --><\/p>\n<div>Hydrauliletkun valmistelu vaatii asianmukaisia \u200b\u200bty\u00f6kaluja, laadukkaita laitteita ja asiantuntevaa asiantuntijaa.<\/div>\n<div><\/div>\n<div>Tarjoamme laajan valikoiman hydrauliletkuja ja sopivia suuttimia johtavilta eurooppalaisilta valmistajilta. Letkut on testattu ja sopivat k\u00e4ytett\u00e4v\u00e4ksi Pohjoismaiden ankarissa ilmastoissa.<\/div>\n<div><\/div>\n<div>Letkun k\u00e4ytt\u00f6olosuhteet tuntemalla voimme tarjota sinulle optimaalisimman ratkaisun. Letkun valmistus on nopeaa ja p\u00e4\u00e4osin toteutettavissa meill\u00e4 varaty\u00f6n\u00e4.<\/div>\n<div><\/div>\n<div>Tarvittaessa voimme valmistaa letkut my\u00f6s asiakkaan tiloissa.<\/div>\n<div><\/div>\n<div>Laajan letkuvalikoimamme ansiosta voimme valmistaa sinulle melkein mink\u00e4 tahansa letkukokoonpanon.<\/div>\n<p><a href=\"https:\/\/hyd.ee\/wp-content\/uploads\/2022\/05\/IMG_20200319_122915-scaled.jpg\"><img decoding=\"async\" loading=\"lazy\" class=\"alignnone wp-image-2778 size-thumbnail\" src=\"https:\/\/hyd.ee\/wp-content\/uploads\/2022\/05\/IMG_20200319_122915-150x150.jpg\" alt=\"\" width=\"150\" height=\"150\" \/><\/a> <a href=\"https:\/\/hyd.ee\/wp-content\/uploads\/2022\/05\/IMG_20200320_115710-scaled.jpg\"><img decoding=\"async\" loading=\"lazy\" class=\"alignnone wp-image-2754 size-thumbnail\" src=\"https:\/\/hyd.ee\/wp-content\/uploads\/2022\/05\/IMG_20200320_115710-150x150.jpg\" alt=\"\" width=\"150\" height=\"150\" \/><\/a> <a href=\"https:\/\/hyd.ee\/wp-content\/uploads\/2022\/05\/IMG_20200319_122937-scaled.jpg\"><img decoding=\"async\" loading=\"lazy\" class=\"alignnone wp-image-2736 size-thumbnail\" src=\"https:\/\/hyd.ee\/wp-content\/uploads\/2022\/05\/IMG_20200319_122937-150x150.jpg\" alt=\"\" width=\"150\" height=\"150\" \/> <\/a><\/p>\n<p><a href=\"https:\/\/hyd.ee\/wp-content\/uploads\/2022\/05\/IMG_20200319_123507-scaled.jpg\"><img decoding=\"async\" loading=\"lazy\" class=\"alignnone wp-image-2739 size-thumbnail\" src=\"https:\/\/hyd.ee\/wp-content\/uploads\/2022\/05\/IMG_20200319_123507-150x150.jpg\" alt=\"\" width=\"150\" height=\"150\" \/><\/a> <a href=\"https:\/\/hyd.ee\/wp-content\/uploads\/2022\/05\/IMG_20200319_121600-scaled.jpg\"><img decoding=\"async\" loading=\"lazy\" class=\"alignnone wp-image-2766 size-thumbnail\" src=\"https:\/\/hyd.ee\/wp-content\/uploads\/2022\/05\/IMG_20200319_121600-150x150.jpg\" alt=\"\" width=\"150\" height=\"150\" \/> <\/a><a href=\"https:\/\/hyd.ee\/wp-content\/uploads\/2022\/05\/IMG_20200319_121707-scaled.jpg\"><img decoding=\"async\" loading=\"lazy\" class=\"alignnone wp-image-2769 size-thumbnail\" src=\"https:\/\/hyd.ee\/wp-content\/uploads\/2022\/05\/IMG_20200319_121707-150x150.jpg\" alt=\"\" width=\"150\" height=\"150\" \/><\/a><\/p>\n","protected":false},"excerpt":{"rendered":"<p>Hydrauliletkun valmistelu vaatii asianmukaisia \u200b\u200bty\u00f6kaluja, laadukkaita laitteita ja asiantuntevaa asiantuntijaa. Tarjoamme laajan valikoiman hydrauliletkuja ja sopivia suuttimia johtavilta eurooppalaisilta valmistajilta. Letkut on testattu ja sopivat k\u00e4ytett\u00e4v\u00e4ksi Pohjoismaiden ankarissa ilmastoissa. Letkun k\u00e4ytt\u00f6olosuhteet tuntemalla voimme tarjota sinulle optimaalisimman ratkaisun. Letkun valmistus on nopeaa ja p\u00e4\u00e4osin toteutettavissa meill\u00e4 varaty\u00f6n\u00e4. Tarvittaessa voimme valmistaa letkut my\u00f6s asiakkaan tiloissa. Laajan letkuvalikoimamme [&#8230;]\n","protected":false},"author":1,"featured_media":2780,"parent":2605,"menu_order":1,"comment_status":"closed","ping_status":"closed","template":"page-left-sidebar-teenused.php","meta":{"_exactmetrics_skip_tracking":false,"_exactmetrics_sitenote_active":false,"_exactmetrics_sitenote_note":"","_exactmetrics_sitenote_category":0,"_wp_rev_ctl_limit":""},"acf":[],"yoast_head":"<!-- This site is optimized with the Yoast SEO plugin v20.8 - https:\/\/yoast.com\/wordpress\/plugins\/seo\/ -->\n<title>Hydrauliletkujen valmistus - HYD koduleht<\/title>\n<meta name=\"description\" content=\"Tarjoamme laajan valikoiman hydrauliletkuja ja sopivia suuttimia johtavilta eurooppalaisilta valmistajilta.\" \/>\n<meta name=\"robots\" content=\"index, follow, max-snippet:-1, max-image-preview:large, max-video-preview:-1\" \/>\n<link rel=\"canonical\" href=\"https:\/\/hyd.ee\/fi\/palvelut\/hudrovoolikute-valmistamine\/\" \/>\n<meta name=\"twitter:label1\" content=\"Arvioitu lukuaika\" \/>\n\t<meta name=\"twitter:data1\" content=\"2 minuuttia\" \/>\n<script type=\"application\/ld+json\" class=\"yoast-schema-graph\">{\"@context\":\"https:\/\/schema.org\",\"@graph\":[{\"@type\":\"WebPage\",\"@id\":\"https:\/\/hyd.ee\/fi\/palvelut\/hudrovoolikute-valmistamine\/\",\"url\":\"https:\/\/hyd.ee\/fi\/palvelut\/hudrovoolikute-valmistamine\/\",\"name\":\"Hydrauliletkujen valmistus - HYD koduleht\",\"isPartOf\":{\"@id\":\"https:\/\/hyd.ee\/#website\"},\"datePublished\":\"2020-03-17T11:48:38+00:00\",\"dateModified\":\"2023-05-02T06:03:32+00:00\",\"description\":\"Tarjoamme laajan valikoiman hydrauliletkuja ja sopivia suuttimia johtavilta eurooppalaisilta valmistajilta.\",\"breadcrumb\":{\"@id\":\"https:\/\/hyd.ee\/fi\/palvelut\/hudrovoolikute-valmistamine\/#breadcrumb\"},\"inLanguage\":\"fi\",\"potentialAction\":[{\"@type\":\"ReadAction\",\"target\":[\"https:\/\/hyd.ee\/fi\/palvelut\/hudrovoolikute-valmistamine\/\"]}]},{\"@type\":\"BreadcrumbList\",\"@id\":\"https:\/\/hyd.ee\/fi\/palvelut\/hudrovoolikute-valmistamine\/#breadcrumb\",\"itemListElement\":[{\"@type\":\"ListItem\",\"position\":1,\"name\":\"Avaleht\",\"item\":\"https:\/\/hyd.ee\/fi\/\"},{\"@type\":\"ListItem\",\"position\":2,\"name\":\"Palvelut\",\"item\":\"https:\/\/hyd.ee\/fi\/palvelut\/\"},{\"@type\":\"ListItem\",\"position\":3,\"name\":\"Hydrauliletkujen valmistus\"}]},{\"@type\":\"WebSite\",\"@id\":\"https:\/\/hyd.ee\/#website\",\"url\":\"https:\/\/hyd.ee\/\",\"name\":\"HYD koduleht\",\"description\":\"H\u00fcdraulika abi\",\"publisher\":{\"@id\":\"https:\/\/hyd.ee\/#organization\"},\"potentialAction\":[{\"@type\":\"SearchAction\",\"target\":{\"@type\":\"EntryPoint\",\"urlTemplate\":\"https:\/\/hyd.ee\/?s={search_term_string}\"},\"query-input\":\"required name=search_term_string\"}],\"inLanguage\":\"fi\"},{\"@type\":\"Organization\",\"@id\":\"https:\/\/hyd.ee\/#organization\",\"name\":\"HYD Solutions O\u00dc\",\"url\":\"https:\/\/hyd.ee\/\",\"logo\":{\"@type\":\"ImageObject\",\"inLanguage\":\"fi\",\"@id\":\"https:\/\/hyd.ee\/#\/schema\/logo\/image\/\",\"url\":\"https:\/\/hyd.ee\/wp-content\/uploads\/2019\/11\/hyd-logo.png\",\"contentUrl\":\"https:\/\/hyd.ee\/wp-content\/uploads\/2019\/11\/hyd-logo.png\",\"width\":898,\"height\":278,\"caption\":\"HYD Solutions O\u00dc\"},\"image\":{\"@id\":\"https:\/\/hyd.ee\/#\/schema\/logo\/image\/\"},\"sameAs\":[\"https:\/\/www.facebook.com\/Hydraulikalahendused\",\"https:\/\/www.linkedin.com\/company\/hydraulicsestonia\/?viewAsMember=true\"]}]}<\/script>\n<!-- \/ Yoast SEO plugin. -->","yoast_head_json":{"title":"Hydrauliletkujen valmistus - HYD koduleht","description":"Tarjoamme laajan valikoiman hydrauliletkuja ja sopivia suuttimia johtavilta eurooppalaisilta valmistajilta.","robots":{"index":"index","follow":"follow","max-snippet":"max-snippet:-1","max-image-preview":"max-image-preview:large","max-video-preview":"max-video-preview:-1"},"canonical":"https:\/\/hyd.ee\/fi\/palvelut\/hudrovoolikute-valmistamine\/","twitter_misc":{"Arvioitu lukuaika":"2 minuuttia"},"schema":{"@context":"https:\/\/schema.org","@graph":[{"@type":"WebPage","@id":"https:\/\/hyd.ee\/fi\/palvelut\/hudrovoolikute-valmistamine\/","url":"https:\/\/hyd.ee\/fi\/palvelut\/hudrovoolikute-valmistamine\/","name":"Hydrauliletkujen valmistus - HYD koduleht","isPartOf":{"@id":"https:\/\/hyd.ee\/#website"},"datePublished":"2020-03-17T11:48:38+00:00","dateModified":"2023-05-02T06:03:32+00:00","description":"Tarjoamme laajan valikoiman hydrauliletkuja ja sopivia suuttimia johtavilta eurooppalaisilta valmistajilta.","breadcrumb":{"@id":"https:\/\/hyd.ee\/fi\/palvelut\/hudrovoolikute-valmistamine\/#breadcrumb"},"inLanguage":"fi","potentialAction":[{"@type":"ReadAction","target":["https:\/\/hyd.ee\/fi\/palvelut\/hudrovoolikute-valmistamine\/"]}]},{"@type":"BreadcrumbList","@id":"https:\/\/hyd.ee\/fi\/palvelut\/hudrovoolikute-valmistamine\/#breadcrumb","itemListElement":[{"@type":"ListItem","position":1,"name":"Avaleht","item":"https:\/\/hyd.ee\/fi\/"},{"@type":"ListItem","position":2,"name":"Palvelut","item":"https:\/\/hyd.ee\/fi\/palvelut\/"},{"@type":"ListItem","position":3,"name":"Hydrauliletkujen valmistus"}]},{"@type":"WebSite","@id":"https:\/\/hyd.ee\/#website","url":"https:\/\/hyd.ee\/","name":"HYD koduleht","description":"H\u00fcdraulika abi","publisher":{"@id":"https:\/\/hyd.ee\/#organization"},"potentialAction":[{"@type":"SearchAction","target":{"@type":"EntryPoint","urlTemplate":"https:\/\/hyd.ee\/?s={search_term_string}"},"query-input":"required name=search_term_string"}],"inLanguage":"fi"},{"@type":"Organization","@id":"https:\/\/hyd.ee\/#organization","name":"HYD Solutions O\u00dc","url":"https:\/\/hyd.ee\/","logo":{"@type":"ImageObject","inLanguage":"fi","@id":"https:\/\/hyd.ee\/#\/schema\/logo\/image\/","url":"https:\/\/hyd.ee\/wp-content\/uploads\/2019\/11\/hyd-logo.png","contentUrl":"https:\/\/hyd.ee\/wp-content\/uploads\/2019\/11\/hyd-logo.png","width":898,"height":278,"caption":"HYD Solutions O\u00dc"},"image":{"@id":"https:\/\/hyd.ee\/#\/schema\/logo\/image\/"},"sameAs":["https:\/\/www.facebook.com\/Hydraulikalahendused","https:\/\/www.linkedin.com\/company\/hydraulicsestonia\/?viewAsMember=true"]}]}},"_links":{"self":[{"href":"https:\/\/hyd.ee\/fi\/wp-json\/wp\/v2\/pages\/1986"}],"collection":[{"href":"https:\/\/hyd.ee\/fi\/wp-json\/wp\/v2\/pages"}],"about":[{"href":"https:\/\/hyd.ee\/fi\/wp-json\/wp\/v2\/types\/page"}],"author":[{"embeddable":true,"href":"https:\/\/hyd.ee\/fi\/wp-json\/wp\/v2\/users\/1"}],"replies":[{"embeddable":true,"href":"https:\/\/hyd.ee\/fi\/wp-json\/wp\/v2\/comments?post=1986"}],"version-history":[{"count":28,"href":"https:\/\/hyd.ee\/fi\/wp-json\/wp\/v2\/pages\/1986\/revisions"}],"predecessor-version":[{"id":8172,"href":"https:\/\/hyd.ee\/fi\/wp-json\/wp\/v2\/pages\/1986\/revisions\/8172"}],"up":[{"embeddable":true,"href":"https:\/\/hyd.ee\/fi\/wp-json\/wp\/v2\/pages\/2605"}],"wp:featuredmedia":[{"embeddable":true,"href":"https:\/\/hyd.ee\/fi\/wp-json\/wp\/v2\/media\/2780"}],"wp:attachment":[{"href":"https:\/\/hyd.ee\/fi\/wp-json\/wp\/v2\/media?parent=1986"}],"curies":[{"name":"wp","href":"https:\/\/api.w.org\/{rel}","templated":true}]}}