{"id":1983,"date":"2020-03-17T11:49:35","date_gmt":"2020-03-17T11:49:35","guid":{"rendered":"https:\/\/hyd.ee\/torude-3d-painutus\/"},"modified":"2023-05-02T06:24:42","modified_gmt":"2023-05-02T06:24:42","slug":"3d-putkentaivutus","status":"publish","type":"page","link":"https:\/\/hyd.ee\/fi\/palvelut\/3d-putkentaivutus\/","title":{"rendered":"3D putkentaivutus"},"content":{"rendered":"<p><strong>Tarjoamme palvelua nykyaikaisella CNC-putkien taivutuskoneella.<\/strong><\/p>\n<h4>Kone mahdollistaa:<br \/>\n<a href=\"https:\/\/hyd.ee\/wp-content\/uploads\/2020\/03\/Torupainutus-CNC.jpg\"><img decoding=\"async\" loading=\"lazy\" class=\"alignright wp-image-1889 size-medium\" src=\"https:\/\/hyd.ee\/wp-content\/uploads\/2020\/03\/Torupainutus-CNC-300x227.jpg\" alt=\"\" width=\"300\" height=\"227\" srcset=\"https:\/\/hyd.ee\/wp-content\/uploads\/2020\/03\/Torupainutus-CNC-300x227.jpg 300w, https:\/\/hyd.ee\/wp-content\/uploads\/2020\/03\/Torupainutus-CNC.jpg 741w\" sizes=\"(max-width: 300px) 100vw, 300px\" \/><\/a><\/h4>\n<ul>\n<li style=\"list-style-type: none;\">\n<ul>\n<li>taivutusputket hiiliter\u00e4ksest\u00e4, ruostumattomasta ter\u00e4ksest\u00e4, alumiinista<\/li>\n<li>k\u00e4yt\u00e4 karaa, jolla voidaan saavuttaa pienempi\u00e4 taivutuss\u00e4teit\u00e4 ja varmistaa paras laatu<\/li>\n<li>taivutusputki, jonka halkaisija on 6 &#8211; 42 mm (enint\u00e4\u00e4n 42 x 4,0)<\/li>\n<li>taivuta putkea, jonka taivutuskulma on enint\u00e4\u00e4n 180\u00b0 + 10\u00b0 (taivutustarkkuus ty\u00f6p\u00f6yd\u00e4ll\u00e4 +\/- 0,1\u00b0)<\/li>\n<li>taivuta 6 m putki (ensimm\u00e4inen mutka max 4570 mm)<\/li>\n<\/ul>\n<\/li>\n<\/ul>\n<h4><strong>T\u00e4ll\u00e4 hetkell\u00e4 saatavilla olevat putkity\u00f6kalut:<\/strong><\/h4>\n<p>(Voimme aina t\u00e4ydent\u00e4\u00e4 ty\u00f6kaluvalikoimaamme asiakkaan tarpeen mukaan.)<\/p>\n<table width=\"469\">\n<tbody>\n<tr>\n<td width=\"195\">Py\u00f6re\u00e4n putken halkaisija(mm)<\/td>\n<td width=\"274\">Taivutuss\u00e4de putken keskustasta (CLR)<\/td>\n<\/tr>\n<tr>\n<td>10<\/td>\n<td>24 mm<\/td>\n<\/tr>\n<tr>\n<td>12<\/td>\n<td>24 mm<\/td>\n<\/tr>\n<tr>\n<td>12<\/td>\n<td>34 mm<\/td>\n<\/tr>\n<tr>\n<td>15<\/td>\n<td>30 mm<\/td>\n<\/tr>\n<tr>\n<td>15<\/td>\n<td>45 mm<\/td>\n<\/tr>\n<tr>\n<td>16<\/td>\n<td>34 mm<\/td>\n<\/tr>\n<tr>\n<td>20<\/td>\n<td>40 mm<\/td>\n<\/tr>\n<tr>\n<td>22<\/td>\n<td>55 mm<\/td>\n<\/tr>\n<tr>\n<td>25<\/td>\n<td>50 mm<\/td>\n<\/tr>\n<tr>\n<td>25<\/td>\n<td>65 mm<\/td>\n<\/tr>\n<tr>\n<td>28<\/td>\n<td>56 mm<\/td>\n<\/tr>\n<tr>\n<td>30<\/td>\n<td>90 mm<\/td>\n<\/tr>\n<tr>\n<td>35<\/td>\n<td>70 mm<\/td>\n<\/tr>\n<tr>\n<td>38<\/td>\n<td>76 mm<\/td>\n<\/tr>\n<tr>\n<td>42<\/td>\n<td>84 mm<\/td>\n<\/tr>\n<\/tbody>\n<\/table>\n<p><a href=\"https:\/\/hyd.ee\/wp-content\/uploads\/2022\/05\/IMG_20210403_191950-scaled.jpg\"><img decoding=\"async\" loading=\"lazy\" class=\"alignnone wp-image-2880 size-thumbnail\" src=\"https:\/\/hyd.ee\/wp-content\/uploads\/2022\/05\/IMG_20210403_191950-150x150.jpg\" alt=\"\" width=\"150\" height=\"150\" \/><\/a> <a href=\"https:\/\/hyd.ee\/wp-content\/uploads\/2022\/05\/IMG_20220505_171641-1-scaled.jpg\"><img decoding=\"async\" loading=\"lazy\" class=\"alignnone wp-image-2871 size-thumbnail\" src=\"https:\/\/hyd.ee\/wp-content\/uploads\/2022\/05\/IMG_20220505_171641-1-150x150.jpg\" alt=\"\" width=\"150\" height=\"150\" \/><\/a>\u00a0<a href=\"https:\/\/hyd.ee\/wp-content\/uploads\/2022\/05\/IMG_20200603_100117-scaled.jpg\"><img decoding=\"async\" loading=\"lazy\" class=\"alignnone wp-image-2829 size-thumbnail\" src=\"https:\/\/hyd.ee\/wp-content\/uploads\/2022\/05\/IMG_20200603_100117-150x150.jpg\" alt=\"\" width=\"150\" height=\"150\" \/><\/a> <a href=\"https:\/\/hyd.ee\/wp-content\/uploads\/2022\/05\/IMG_20200811_185815-1-scaled.jpg\"><img decoding=\"async\" loading=\"lazy\" class=\"alignnone wp-image-2903 size-thumbnail\" src=\"https:\/\/hyd.ee\/wp-content\/uploads\/2022\/05\/IMG_20200811_185815-1-150x150.jpg\" alt=\"\" width=\"150\" height=\"150\" \/><\/a><\/p>\n<p><a href=\"https:\/\/hyd.ee\/wp-content\/uploads\/2020\/03\/CNC-torupainutuspink.jpg\"><img decoding=\"async\" loading=\"lazy\" class=\"alignnone wp-image-1895 size-thumbnail\" style=\"font-size: 14.4px;\" src=\"https:\/\/hyd.ee\/wp-content\/uploads\/2020\/03\/CNC-torupainutuspink-150x150.jpg\" alt=\"Painutuspink\" width=\"150\" height=\"150\" \/><\/a><a href=\"https:\/\/hyd.ee\/wp-content\/uploads\/2022\/05\/IMG_20210216_092708-scaled.jpg\">\u00a0<\/a><a href=\"https:\/\/hyd.ee\/wp-content\/uploads\/2022\/05\/IMG_20210216_092708-scaled.jpg\"><img decoding=\"async\" loading=\"lazy\" class=\"alignnone wp-image-3070 size-thumbnail\" src=\"https:\/\/hyd.ee\/wp-content\/uploads\/2022\/05\/IMG_20210216_092708-150x150.jpg\" alt=\"Torupainutamise t\u00f6\u00f6riist\" width=\"150\" height=\"150\" \/> <\/a><a href=\"https:\/\/hyd.ee\/wp-content\/uploads\/2022\/05\/IMG_20210216_093458-scaled.jpg\"><img decoding=\"async\" loading=\"lazy\" class=\"alignnone wp-image-3073 size-thumbnail\" src=\"https:\/\/hyd.ee\/wp-content\/uploads\/2022\/05\/IMG_20210216_093458-150x150.jpg\" alt=\"Torupainutamise t\u00f6\u00f6riist\" width=\"150\" height=\"150\" \/> <\/a><a href=\"https:\/\/hyd.ee\/wp-content\/uploads\/2022\/05\/IMG_20200423_081331-scaled.jpg\"><img decoding=\"async\" loading=\"lazy\" class=\"alignnone wp-image-2808 size-thumbnail\" style=\"font-size: 14.4px;\" src=\"https:\/\/hyd.ee\/wp-content\/uploads\/2022\/05\/IMG_20200423_081331-150x150.jpg\" alt=\"\" width=\"150\" height=\"150\" \/><\/a><\/p>\n","protected":false},"excerpt":{"rendered":"<p>Tarjoamme palvelua nykyaikaisella CNC-putkien taivutuskoneella. Kone mahdollistaa: taivutusputket hiiliter\u00e4ksest\u00e4, ruostumattomasta ter\u00e4ksest\u00e4, alumiinista k\u00e4yt\u00e4 karaa, jolla voidaan saavuttaa pienempi\u00e4 taivutuss\u00e4teit\u00e4 ja varmistaa paras laatu taivutusputki, jonka halkaisija on 6 &#8211; 42 mm (enint\u00e4\u00e4n 42 x 4,0) taivuta putkea, jonka taivutuskulma on enint\u00e4\u00e4n 180\u00b0 + 10\u00b0 (taivutustarkkuus ty\u00f6p\u00f6yd\u00e4ll\u00e4 +\/- 0,1\u00b0) taivuta 6 m putki (ensimm\u00e4inen mutka max [&#8230;]\n","protected":false},"author":1,"featured_media":1881,"parent":2605,"menu_order":2,"comment_status":"closed","ping_status":"closed","template":"page-left-sidebar-teenused.php","meta":{"_exactmetrics_skip_tracking":false,"_exactmetrics_sitenote_active":false,"_exactmetrics_sitenote_note":"","_exactmetrics_sitenote_category":0,"_wp_rev_ctl_limit":""},"acf":[],"yoast_head":"<!-- This site is optimized with the Yoast SEO plugin v20.8 - https:\/\/yoast.com\/wordpress\/plugins\/seo\/ -->\n<title>3D putkentaivutus - HYD koduleht<\/title>\n<meta name=\"description\" content=\"Tarjoamme palvelua nykyaikaisella CNC-putkien taivutuskoneella. Voimme aina t\u00e4ydent\u00e4\u00e4 ty\u00f6kaluvalikoimaamme asiakkaan tarpeen mukaan.\" \/>\n<meta name=\"robots\" content=\"index, follow, max-snippet:-1, max-image-preview:large, max-video-preview:-1\" \/>\n<link rel=\"canonical\" href=\"https:\/\/hyd.ee\/fi\/palvelut\/3d-putkentaivutus\/\" \/>\n<meta name=\"twitter:label1\" content=\"Arvioitu lukuaika\" \/>\n\t<meta name=\"twitter:data1\" content=\"3 minuuttia\" \/>\n<script type=\"application\/ld+json\" class=\"yoast-schema-graph\">{\"@context\":\"https:\/\/schema.org\",\"@graph\":[{\"@type\":\"WebPage\",\"@id\":\"https:\/\/hyd.ee\/fi\/palvelut\/3d-putkentaivutus\/\",\"url\":\"https:\/\/hyd.ee\/fi\/palvelut\/3d-putkentaivutus\/\",\"name\":\"3D putkentaivutus - HYD koduleht\",\"isPartOf\":{\"@id\":\"https:\/\/hyd.ee\/#website\"},\"datePublished\":\"2020-03-17T11:49:35+00:00\",\"dateModified\":\"2023-05-02T06:24:42+00:00\",\"description\":\"Tarjoamme palvelua nykyaikaisella CNC-putkien taivutuskoneella. Voimme aina t\u00e4ydent\u00e4\u00e4 ty\u00f6kaluvalikoimaamme asiakkaan tarpeen mukaan.\",\"breadcrumb\":{\"@id\":\"https:\/\/hyd.ee\/fi\/palvelut\/3d-putkentaivutus\/#breadcrumb\"},\"inLanguage\":\"fi\",\"potentialAction\":[{\"@type\":\"ReadAction\",\"target\":[\"https:\/\/hyd.ee\/fi\/palvelut\/3d-putkentaivutus\/\"]}]},{\"@type\":\"BreadcrumbList\",\"@id\":\"https:\/\/hyd.ee\/fi\/palvelut\/3d-putkentaivutus\/#breadcrumb\",\"itemListElement\":[{\"@type\":\"ListItem\",\"position\":1,\"name\":\"Avaleht\",\"item\":\"https:\/\/hyd.ee\/fi\/\"},{\"@type\":\"ListItem\",\"position\":2,\"name\":\"Palvelut\",\"item\":\"https:\/\/hyd.ee\/fi\/palvelut\/\"},{\"@type\":\"ListItem\",\"position\":3,\"name\":\"3D putkentaivutus\"}]},{\"@type\":\"WebSite\",\"@id\":\"https:\/\/hyd.ee\/#website\",\"url\":\"https:\/\/hyd.ee\/\",\"name\":\"HYD koduleht\",\"description\":\"H\u00fcdraulika abi\",\"publisher\":{\"@id\":\"https:\/\/hyd.ee\/#organization\"},\"potentialAction\":[{\"@type\":\"SearchAction\",\"target\":{\"@type\":\"EntryPoint\",\"urlTemplate\":\"https:\/\/hyd.ee\/?s={search_term_string}\"},\"query-input\":\"required name=search_term_string\"}],\"inLanguage\":\"fi\"},{\"@type\":\"Organization\",\"@id\":\"https:\/\/hyd.ee\/#organization\",\"name\":\"HYD Solutions O\u00dc\",\"url\":\"https:\/\/hyd.ee\/\",\"logo\":{\"@type\":\"ImageObject\",\"inLanguage\":\"fi\",\"@id\":\"https:\/\/hyd.ee\/#\/schema\/logo\/image\/\",\"url\":\"https:\/\/hyd.ee\/wp-content\/uploads\/2019\/11\/hyd-logo.png\",\"contentUrl\":\"https:\/\/hyd.ee\/wp-content\/uploads\/2019\/11\/hyd-logo.png\",\"width\":898,\"height\":278,\"caption\":\"HYD Solutions O\u00dc\"},\"image\":{\"@id\":\"https:\/\/hyd.ee\/#\/schema\/logo\/image\/\"},\"sameAs\":[\"https:\/\/www.facebook.com\/Hydraulikalahendused\",\"https:\/\/www.linkedin.com\/company\/hydraulicsestonia\/?viewAsMember=true\"]}]}<\/script>\n<!-- \/ Yoast SEO plugin. -->","yoast_head_json":{"title":"3D putkentaivutus - HYD koduleht","description":"Tarjoamme palvelua nykyaikaisella CNC-putkien taivutuskoneella. Voimme aina t\u00e4ydent\u00e4\u00e4 ty\u00f6kaluvalikoimaamme asiakkaan tarpeen mukaan.","robots":{"index":"index","follow":"follow","max-snippet":"max-snippet:-1","max-image-preview":"max-image-preview:large","max-video-preview":"max-video-preview:-1"},"canonical":"https:\/\/hyd.ee\/fi\/palvelut\/3d-putkentaivutus\/","twitter_misc":{"Arvioitu lukuaika":"3 minuuttia"},"schema":{"@context":"https:\/\/schema.org","@graph":[{"@type":"WebPage","@id":"https:\/\/hyd.ee\/fi\/palvelut\/3d-putkentaivutus\/","url":"https:\/\/hyd.ee\/fi\/palvelut\/3d-putkentaivutus\/","name":"3D putkentaivutus - HYD koduleht","isPartOf":{"@id":"https:\/\/hyd.ee\/#website"},"datePublished":"2020-03-17T11:49:35+00:00","dateModified":"2023-05-02T06:24:42+00:00","description":"Tarjoamme palvelua nykyaikaisella CNC-putkien taivutuskoneella. Voimme aina t\u00e4ydent\u00e4\u00e4 ty\u00f6kaluvalikoimaamme asiakkaan tarpeen mukaan.","breadcrumb":{"@id":"https:\/\/hyd.ee\/fi\/palvelut\/3d-putkentaivutus\/#breadcrumb"},"inLanguage":"fi","potentialAction":[{"@type":"ReadAction","target":["https:\/\/hyd.ee\/fi\/palvelut\/3d-putkentaivutus\/"]}]},{"@type":"BreadcrumbList","@id":"https:\/\/hyd.ee\/fi\/palvelut\/3d-putkentaivutus\/#breadcrumb","itemListElement":[{"@type":"ListItem","position":1,"name":"Avaleht","item":"https:\/\/hyd.ee\/fi\/"},{"@type":"ListItem","position":2,"name":"Palvelut","item":"https:\/\/hyd.ee\/fi\/palvelut\/"},{"@type":"ListItem","position":3,"name":"3D putkentaivutus"}]},{"@type":"WebSite","@id":"https:\/\/hyd.ee\/#website","url":"https:\/\/hyd.ee\/","name":"HYD koduleht","description":"H\u00fcdraulika abi","publisher":{"@id":"https:\/\/hyd.ee\/#organization"},"potentialAction":[{"@type":"SearchAction","target":{"@type":"EntryPoint","urlTemplate":"https:\/\/hyd.ee\/?s={search_term_string}"},"query-input":"required name=search_term_string"}],"inLanguage":"fi"},{"@type":"Organization","@id":"https:\/\/hyd.ee\/#organization","name":"HYD Solutions O\u00dc","url":"https:\/\/hyd.ee\/","logo":{"@type":"ImageObject","inLanguage":"fi","@id":"https:\/\/hyd.ee\/#\/schema\/logo\/image\/","url":"https:\/\/hyd.ee\/wp-content\/uploads\/2019\/11\/hyd-logo.png","contentUrl":"https:\/\/hyd.ee\/wp-content\/uploads\/2019\/11\/hyd-logo.png","width":898,"height":278,"caption":"HYD Solutions O\u00dc"},"image":{"@id":"https:\/\/hyd.ee\/#\/schema\/logo\/image\/"},"sameAs":["https:\/\/www.facebook.com\/Hydraulikalahendused","https:\/\/www.linkedin.com\/company\/hydraulicsestonia\/?viewAsMember=true"]}]}},"_links":{"self":[{"href":"https:\/\/hyd.ee\/fi\/wp-json\/wp\/v2\/pages\/1983"}],"collection":[{"href":"https:\/\/hyd.ee\/fi\/wp-json\/wp\/v2\/pages"}],"about":[{"href":"https:\/\/hyd.ee\/fi\/wp-json\/wp\/v2\/types\/page"}],"author":[{"embeddable":true,"href":"https:\/\/hyd.ee\/fi\/wp-json\/wp\/v2\/users\/1"}],"replies":[{"embeddable":true,"href":"https:\/\/hyd.ee\/fi\/wp-json\/wp\/v2\/comments?post=1983"}],"version-history":[{"count":27,"href":"https:\/\/hyd.ee\/fi\/wp-json\/wp\/v2\/pages\/1983\/revisions"}],"predecessor-version":[{"id":8174,"href":"https:\/\/hyd.ee\/fi\/wp-json\/wp\/v2\/pages\/1983\/revisions\/8174"}],"up":[{"embeddable":true,"href":"https:\/\/hyd.ee\/fi\/wp-json\/wp\/v2\/pages\/2605"}],"wp:featuredmedia":[{"embeddable":true,"href":"https:\/\/hyd.ee\/fi\/wp-json\/wp\/v2\/media\/1881"}],"wp:attachment":[{"href":"https:\/\/hyd.ee\/fi\/wp-json\/wp\/v2\/media?parent=1983"}],"curies":[{"name":"wp","href":"https:\/\/api.w.org\/{rel}","templated":true}]}}