{"id":1981,"date":"2020-03-17T11:50:12","date_gmt":"2020-03-17T11:50:12","guid":{"rendered":"https:\/\/hyd.ee\/hudrojaamade-projekteerimine-ja-koostamine\/"},"modified":"2023-05-02T06:31:17","modified_gmt":"2023-05-02T06:31:17","slug":"hudrojaamade-projekteerimine-ja-koostamine","status":"publish","type":"page","link":"https:\/\/hyd.ee\/fi\/palvelut\/hudrojaamade-projekteerimine-ja-koostamine\/","title":{"rendered":"Hydroaseman suunnittelu ja rakentaminen"},"content":{"rendered":"<div>Erilaisten hydraulij\u00e4rjestelmien suunnittelu ja hydroasemmaiden rakentaminen on yksi erikoisaloistamme.<\/div>\n<div><\/div>\n<div>Paras ratkaisu on ottaa meid\u00e4t mukaan jo j\u00e4rjestelm\u00e4n suunnitteluvaiheeseen. N\u00e4in voimme auttaa kokemuksellamme ja tiet\u00e4myksell\u00e4mme ja s\u00e4\u00e4st\u00e4\u00e4 n\u00e4in arvokasta aikaa.<\/div>\n<div><\/div>\n<div>Asennamme kaikki asemat tuotantoomme, Kriidi tn. 4, Tallinna.<\/div>\n<div><\/div>\n<div>Tule katsomaan itse, mit\u00e4 teemme t\u00e4\u00e4ll\u00e4 ja miss\u00e4 muussa voimme auttaa sinua.<\/div>\n<p><a href=\"https:\/\/hyd.ee\/wp-content\/uploads\/2022\/05\/IMG_20210827_183301-scaled.jpg\"><img decoding=\"async\" loading=\"lazy\" class=\"alignnone wp-image-2732 size-thumbnail\" src=\"https:\/\/hyd.ee\/wp-content\/uploads\/2022\/05\/IMG_20210827_183301-150x150.jpg\" alt=\"\" width=\"150\" height=\"150\" \/>\u00a0<\/a> <a href=\"https:\/\/hyd.ee\/wp-content\/uploads\/2022\/05\/IMG_20220505_171617-scaled.jpg\"><img decoding=\"async\" loading=\"lazy\" class=\"alignnone wp-image-2720 size-thumbnail\" src=\"https:\/\/hyd.ee\/wp-content\/uploads\/2022\/05\/IMG_20220505_171617-150x150.jpg\" alt=\"\" width=\"150\" height=\"150\" \/>\u00a0<\/a> <a href=\"https:\/\/hyd.ee\/wp-content\/uploads\/2022\/05\/IMG_20210924_131639-scaled.jpg\"><img decoding=\"async\" loading=\"lazy\" class=\"alignnone wp-image-2699 size-thumbnail\" src=\"https:\/\/hyd.ee\/wp-content\/uploads\/2022\/05\/IMG_20210924_131639-150x150.jpg\" alt=\"\" width=\"150\" height=\"150\" \/> <\/a><\/p>\n<p><a href=\"https:\/\/hyd.ee\/wp-content\/uploads\/2022\/05\/IMG_20210827_183425-scaled.jpg\"><img decoding=\"async\" loading=\"lazy\" class=\"alignnone wp-image-2678 size-thumbnail\" src=\"https:\/\/hyd.ee\/wp-content\/uploads\/2022\/05\/IMG_20210827_183425-150x150.jpg\" alt=\"\" width=\"150\" height=\"150\" \/> \u00a0<\/a><a href=\"https:\/\/hyd.ee\/wp-content\/uploads\/2022\/05\/IMG_20211214_085306-scaled.jpg\"><img decoding=\"async\" loading=\"lazy\" class=\"alignnone wp-image-2708 size-thumbnail\" src=\"https:\/\/hyd.ee\/wp-content\/uploads\/2022\/05\/IMG_20211214_085306-150x150.jpg\" alt=\"\" width=\"150\" height=\"150\" \/>\u00a0 <\/a><a href=\"https:\/\/hyd.ee\/wp-content\/uploads\/2022\/05\/IMG_20210924_131725-scaled.jpg\"><img decoding=\"async\" loading=\"lazy\" class=\"alignnone wp-image-2705 size-thumbnail\" src=\"https:\/\/hyd.ee\/wp-content\/uploads\/2022\/05\/IMG_20210924_131725-150x150.jpg\" alt=\"\" width=\"150\" height=\"150\" \/>\u00a0 <\/a><\/p>\n<p><a href=\"https:\/\/hyd.ee\/wp-content\/uploads\/2022\/05\/2021-12-14-11.14.39-scaled.jpg\"><img decoding=\"async\" loading=\"lazy\" class=\"alignnone wp-image-2672 size-thumbnail\" src=\"https:\/\/hyd.ee\/wp-content\/uploads\/2022\/05\/2021-12-14-11.14.39-150x150.jpg\" alt=\"\" width=\"150\" height=\"150\" \/>\u00a0 <\/a> <a href=\"https:\/\/hyd.ee\/wp-content\/uploads\/2022\/05\/IMG_20210827_183024-scaled.jpg\"><img decoding=\"async\" loading=\"lazy\" class=\"alignnone wp-image-2729 size-thumbnail\" src=\"https:\/\/hyd.ee\/wp-content\/uploads\/2022\/05\/IMG_20210827_183024-150x150.jpg\" alt=\"\" width=\"150\" height=\"150\" \/>\u00a0 <\/a><a href=\"https:\/\/hyd.ee\/wp-content\/uploads\/2022\/05\/IMG_20210924_131728-scaled.jpg\"><img decoding=\"async\" loading=\"lazy\" class=\"alignnone wp-image-2988 size-thumbnail\" src=\"https:\/\/hyd.ee\/wp-content\/uploads\/2022\/05\/IMG_20210924_131728-150x150.jpg\" alt=\"\" width=\"150\" height=\"150\" \/><\/a><\/p>\n","protected":false},"excerpt":{"rendered":"<p>Erilaisten hydraulij\u00e4rjestelmien suunnittelu ja hydroasemmaiden rakentaminen on yksi erikoisaloistamme. Paras ratkaisu on ottaa meid\u00e4t mukaan jo j\u00e4rjestelm\u00e4n suunnitteluvaiheeseen. N\u00e4in voimme auttaa kokemuksellamme ja tiet\u00e4myksell\u00e4mme ja s\u00e4\u00e4st\u00e4\u00e4 n\u00e4in arvokasta aikaa. Asennamme kaikki asemat tuotantoomme, Kriidi tn. 4, Tallinna. Tule katsomaan itse, mit\u00e4 teemme t\u00e4\u00e4ll\u00e4 ja miss\u00e4 muussa voimme auttaa sinua. \u00a0 \u00a0 \u00a0\u00a0 \u00a0 \u00a0 \u00a0<\/p>\n","protected":false},"author":1,"featured_media":2674,"parent":2605,"menu_order":3,"comment_status":"closed","ping_status":"closed","template":"page-left-sidebar-teenused.php","meta":{"_exactmetrics_skip_tracking":false,"_exactmetrics_sitenote_active":false,"_exactmetrics_sitenote_note":"","_exactmetrics_sitenote_category":0,"_wp_rev_ctl_limit":""},"acf":[],"yoast_head":"<!-- This site is optimized with the Yoast SEO plugin v20.8 - https:\/\/yoast.com\/wordpress\/plugins\/seo\/ -->\n<title>Hydroaseman suunnittelu ja rakentaminen - HYD koduleht<\/title>\n<meta name=\"description\" content=\"Erilaisten hydraulij\u00e4rjestelmien suunnittelu ja hydroasemmaiden rakentaminen on yksi erikoisaloistamme.Asennamme kaikki asemat tuotantoomme, Kriidi tn. 4, Tallinna.\" \/>\n<meta name=\"robots\" content=\"index, follow, max-snippet:-1, max-image-preview:large, max-video-preview:-1\" \/>\n<link rel=\"canonical\" href=\"https:\/\/hyd.ee\/fi\/palvelut\/hudrojaamade-projekteerimine-ja-koostamine\/\" \/>\n<meta name=\"twitter:label1\" content=\"Arvioitu lukuaika\" \/>\n\t<meta name=\"twitter:data1\" content=\"3 minuuttia\" \/>\n<script type=\"application\/ld+json\" class=\"yoast-schema-graph\">{\"@context\":\"https:\/\/schema.org\",\"@graph\":[{\"@type\":\"WebPage\",\"@id\":\"https:\/\/hyd.ee\/fi\/palvelut\/hudrojaamade-projekteerimine-ja-koostamine\/\",\"url\":\"https:\/\/hyd.ee\/fi\/palvelut\/hudrojaamade-projekteerimine-ja-koostamine\/\",\"name\":\"Hydroaseman suunnittelu ja rakentaminen - HYD koduleht\",\"isPartOf\":{\"@id\":\"https:\/\/hyd.ee\/#website\"},\"datePublished\":\"2020-03-17T11:50:12+00:00\",\"dateModified\":\"2023-05-02T06:31:17+00:00\",\"description\":\"Erilaisten hydraulij\u00e4rjestelmien suunnittelu ja hydroasemmaiden rakentaminen on yksi erikoisaloistamme.Asennamme kaikki asemat tuotantoomme, Kriidi tn. 4, Tallinna.\",\"breadcrumb\":{\"@id\":\"https:\/\/hyd.ee\/fi\/palvelut\/hudrojaamade-projekteerimine-ja-koostamine\/#breadcrumb\"},\"inLanguage\":\"fi\",\"potentialAction\":[{\"@type\":\"ReadAction\",\"target\":[\"https:\/\/hyd.ee\/fi\/palvelut\/hudrojaamade-projekteerimine-ja-koostamine\/\"]}]},{\"@type\":\"BreadcrumbList\",\"@id\":\"https:\/\/hyd.ee\/fi\/palvelut\/hudrojaamade-projekteerimine-ja-koostamine\/#breadcrumb\",\"itemListElement\":[{\"@type\":\"ListItem\",\"position\":1,\"name\":\"Avaleht\",\"item\":\"https:\/\/hyd.ee\/fi\/\"},{\"@type\":\"ListItem\",\"position\":2,\"name\":\"Palvelut\",\"item\":\"https:\/\/hyd.ee\/fi\/palvelut\/\"},{\"@type\":\"ListItem\",\"position\":3,\"name\":\"Hydroaseman suunnittelu ja rakentaminen\"}]},{\"@type\":\"WebSite\",\"@id\":\"https:\/\/hyd.ee\/#website\",\"url\":\"https:\/\/hyd.ee\/\",\"name\":\"HYD koduleht\",\"description\":\"H\u00fcdraulika abi\",\"publisher\":{\"@id\":\"https:\/\/hyd.ee\/#organization\"},\"potentialAction\":[{\"@type\":\"SearchAction\",\"target\":{\"@type\":\"EntryPoint\",\"urlTemplate\":\"https:\/\/hyd.ee\/?s={search_term_string}\"},\"query-input\":\"required name=search_term_string\"}],\"inLanguage\":\"fi\"},{\"@type\":\"Organization\",\"@id\":\"https:\/\/hyd.ee\/#organization\",\"name\":\"HYD Solutions O\u00dc\",\"url\":\"https:\/\/hyd.ee\/\",\"logo\":{\"@type\":\"ImageObject\",\"inLanguage\":\"fi\",\"@id\":\"https:\/\/hyd.ee\/#\/schema\/logo\/image\/\",\"url\":\"https:\/\/hyd.ee\/wp-content\/uploads\/2019\/11\/hyd-logo.png\",\"contentUrl\":\"https:\/\/hyd.ee\/wp-content\/uploads\/2019\/11\/hyd-logo.png\",\"width\":898,\"height\":278,\"caption\":\"HYD Solutions O\u00dc\"},\"image\":{\"@id\":\"https:\/\/hyd.ee\/#\/schema\/logo\/image\/\"},\"sameAs\":[\"https:\/\/www.facebook.com\/Hydraulikalahendused\",\"https:\/\/www.linkedin.com\/company\/hydraulicsestonia\/?viewAsMember=true\"]}]}<\/script>\n<!-- \/ Yoast SEO plugin. -->","yoast_head_json":{"title":"Hydroaseman suunnittelu ja rakentaminen - HYD koduleht","description":"Erilaisten hydraulij\u00e4rjestelmien suunnittelu ja hydroasemmaiden rakentaminen on yksi erikoisaloistamme.Asennamme kaikki asemat tuotantoomme, Kriidi tn. 4, Tallinna.","robots":{"index":"index","follow":"follow","max-snippet":"max-snippet:-1","max-image-preview":"max-image-preview:large","max-video-preview":"max-video-preview:-1"},"canonical":"https:\/\/hyd.ee\/fi\/palvelut\/hudrojaamade-projekteerimine-ja-koostamine\/","twitter_misc":{"Arvioitu lukuaika":"3 minuuttia"},"schema":{"@context":"https:\/\/schema.org","@graph":[{"@type":"WebPage","@id":"https:\/\/hyd.ee\/fi\/palvelut\/hudrojaamade-projekteerimine-ja-koostamine\/","url":"https:\/\/hyd.ee\/fi\/palvelut\/hudrojaamade-projekteerimine-ja-koostamine\/","name":"Hydroaseman suunnittelu ja rakentaminen - HYD koduleht","isPartOf":{"@id":"https:\/\/hyd.ee\/#website"},"datePublished":"2020-03-17T11:50:12+00:00","dateModified":"2023-05-02T06:31:17+00:00","description":"Erilaisten hydraulij\u00e4rjestelmien suunnittelu ja hydroasemmaiden rakentaminen on yksi erikoisaloistamme.Asennamme kaikki asemat tuotantoomme, Kriidi tn. 4, Tallinna.","breadcrumb":{"@id":"https:\/\/hyd.ee\/fi\/palvelut\/hudrojaamade-projekteerimine-ja-koostamine\/#breadcrumb"},"inLanguage":"fi","potentialAction":[{"@type":"ReadAction","target":["https:\/\/hyd.ee\/fi\/palvelut\/hudrojaamade-projekteerimine-ja-koostamine\/"]}]},{"@type":"BreadcrumbList","@id":"https:\/\/hyd.ee\/fi\/palvelut\/hudrojaamade-projekteerimine-ja-koostamine\/#breadcrumb","itemListElement":[{"@type":"ListItem","position":1,"name":"Avaleht","item":"https:\/\/hyd.ee\/fi\/"},{"@type":"ListItem","position":2,"name":"Palvelut","item":"https:\/\/hyd.ee\/fi\/palvelut\/"},{"@type":"ListItem","position":3,"name":"Hydroaseman suunnittelu ja rakentaminen"}]},{"@type":"WebSite","@id":"https:\/\/hyd.ee\/#website","url":"https:\/\/hyd.ee\/","name":"HYD koduleht","description":"H\u00fcdraulika abi","publisher":{"@id":"https:\/\/hyd.ee\/#organization"},"potentialAction":[{"@type":"SearchAction","target":{"@type":"EntryPoint","urlTemplate":"https:\/\/hyd.ee\/?s={search_term_string}"},"query-input":"required name=search_term_string"}],"inLanguage":"fi"},{"@type":"Organization","@id":"https:\/\/hyd.ee\/#organization","name":"HYD Solutions O\u00dc","url":"https:\/\/hyd.ee\/","logo":{"@type":"ImageObject","inLanguage":"fi","@id":"https:\/\/hyd.ee\/#\/schema\/logo\/image\/","url":"https:\/\/hyd.ee\/wp-content\/uploads\/2019\/11\/hyd-logo.png","contentUrl":"https:\/\/hyd.ee\/wp-content\/uploads\/2019\/11\/hyd-logo.png","width":898,"height":278,"caption":"HYD Solutions O\u00dc"},"image":{"@id":"https:\/\/hyd.ee\/#\/schema\/logo\/image\/"},"sameAs":["https:\/\/www.facebook.com\/Hydraulikalahendused","https:\/\/www.linkedin.com\/company\/hydraulicsestonia\/?viewAsMember=true"]}]}},"_links":{"self":[{"href":"https:\/\/hyd.ee\/fi\/wp-json\/wp\/v2\/pages\/1981"}],"collection":[{"href":"https:\/\/hyd.ee\/fi\/wp-json\/wp\/v2\/pages"}],"about":[{"href":"https:\/\/hyd.ee\/fi\/wp-json\/wp\/v2\/types\/page"}],"author":[{"embeddable":true,"href":"https:\/\/hyd.ee\/fi\/wp-json\/wp\/v2\/users\/1"}],"replies":[{"embeddable":true,"href":"https:\/\/hyd.ee\/fi\/wp-json\/wp\/v2\/comments?post=1981"}],"version-history":[{"count":27,"href":"https:\/\/hyd.ee\/fi\/wp-json\/wp\/v2\/pages\/1981\/revisions"}],"predecessor-version":[{"id":8176,"href":"https:\/\/hyd.ee\/fi\/wp-json\/wp\/v2\/pages\/1981\/revisions\/8176"}],"up":[{"embeddable":true,"href":"https:\/\/hyd.ee\/fi\/wp-json\/wp\/v2\/pages\/2605"}],"wp:featuredmedia":[{"embeddable":true,"href":"https:\/\/hyd.ee\/fi\/wp-json\/wp\/v2\/media\/2674"}],"wp:attachment":[{"href":"https:\/\/hyd.ee\/fi\/wp-json\/wp\/v2\/media?parent=1981"}],"curies":[{"name":"wp","href":"https:\/\/api.w.org\/{rel}","templated":true}]}}