{"id":1979,"date":"2020-03-17T11:50:50","date_gmt":"2020-03-17T11:50:50","guid":{"rendered":"https:\/\/hyd.ee\/hudraulikaalane-konsultatsioon\/"},"modified":"2023-05-02T06:55:06","modified_gmt":"2023-05-02T06:55:06","slug":"hydraulikonsultointi","status":"publish","type":"page","link":"https:\/\/hyd.ee\/fi\/palvelut\/hudrojaamade-projekteerimine-ja-koostamine\/hydraulikonsultointi\/","title":{"rendered":"Hydraulikonsultointi"},"content":{"rendered":"<p>Suunnittelemme, rakennamme ja asennamme tilaamasi <a href=\"https:\/\/hyd.ee\/fi\/teenused\/hudrojaamade-projekteerimine-ja-koostamine\/\">hydraulij\u00e4rjestelm\u00e4n<\/a> ja olemme valmiita neuvomaan erilaisissa hydrauliikkaan liittyviss\u00e4 asioissa. Meill\u00e4 on pitk\u00e4 ja monipuolinen kokemus t\u00e4lt\u00e4 alalta, ja meille on t\u00e4rke\u00e4\u00e4, ett\u00e4 asiakkaan mahdollisiin kysymyksiin saadaan oikea vastaus.<\/p>\n<p>Tavoitteenamme on luoda vahva luottamussuhde nykyisiin ja tuleviin asiakkaisiimme tarjoamalla heille kattavaa tukea hydraulisten palveluiden ja tuotteiden muodossa.<\/p>\n<p>Voit ottaa meihin rohkeasti yhteytt\u00e4 sinulle sopivimman kanavan kautta, joko tulemalla myym\u00e4l\u00e4\u00e4mme tai puhelimitse\/s\u00e4hk\u00f6postitse, jonka olemme listanneet <a href=\"https:\/\/hyd.ee\/fi\/kontakt\/\">yhteystiedot-<\/a>kohtaan.<\/p>\n<p>&nbsp;<\/p>\n","protected":false},"excerpt":{"rendered":"<p>Suunnittelemme, rakennamme ja asennamme tilaamasi hydraulij\u00e4rjestelm\u00e4n ja olemme valmiita neuvomaan erilaisissa hydrauliikkaan liittyviss\u00e4 asioissa. Meill\u00e4 on pitk\u00e4 ja monipuolinen kokemus t\u00e4lt\u00e4 alalta, ja meille on t\u00e4rke\u00e4\u00e4, ett\u00e4 asiakkaan mahdollisiin kysymyksiin saadaan oikea vastaus. Tavoitteenamme on luoda vahva luottamussuhde nykyisiin ja tuleviin asiakkaisiimme tarjoamalla heille kattavaa tukea hydraulisten palveluiden ja tuotteiden muodossa. Voit ottaa meihin rohkeasti [&#8230;]\n","protected":false},"author":1,"featured_media":0,"parent":1981,"menu_order":4,"comment_status":"closed","ping_status":"closed","template":"page-left-sidebar-teenused.php","meta":{"_exactmetrics_skip_tracking":false,"_exactmetrics_sitenote_active":false,"_exactmetrics_sitenote_note":"","_exactmetrics_sitenote_category":0,"_wp_rev_ctl_limit":""},"acf":[],"yoast_head":"<!-- This site is optimized with the Yoast SEO plugin v20.8 - https:\/\/yoast.com\/wordpress\/plugins\/seo\/ -->\n<title>Hydraulikonsultointi - HYD koduleht<\/title>\n<meta name=\"description\" content=\"Hydraulikonsultointi. Suunnittelemme, rakennamme ja asennamme tilaamasi hydraulij\u00e4rjestelm\u00e4n ja olemme valmiita neuvomaan erilaisissa hydrauliikkaan liittyviss\u00e4 asioissa.\" \/>\n<meta name=\"robots\" content=\"index, follow, max-snippet:-1, max-image-preview:large, max-video-preview:-1\" \/>\n<link rel=\"canonical\" href=\"https:\/\/hyd.ee\/fi\/palvelut\/hudrojaamade-projekteerimine-ja-koostamine\/hydraulikonsultointi\/\" \/>\n<meta name=\"twitter:label1\" content=\"Arvioitu lukuaika\" \/>\n\t<meta name=\"twitter:data1\" content=\"1 minuutti\" \/>\n<script type=\"application\/ld+json\" class=\"yoast-schema-graph\">{\"@context\":\"https:\/\/schema.org\",\"@graph\":[{\"@type\":\"WebPage\",\"@id\":\"https:\/\/hyd.ee\/fi\/palvelut\/hudrojaamade-projekteerimine-ja-koostamine\/hydraulikonsultointi\/\",\"url\":\"https:\/\/hyd.ee\/fi\/palvelut\/hudrojaamade-projekteerimine-ja-koostamine\/hydraulikonsultointi\/\",\"name\":\"Hydraulikonsultointi - HYD koduleht\",\"isPartOf\":{\"@id\":\"https:\/\/hyd.ee\/#website\"},\"datePublished\":\"2020-03-17T11:50:50+00:00\",\"dateModified\":\"2023-05-02T06:55:06+00:00\",\"description\":\"Hydraulikonsultointi. Suunnittelemme, rakennamme ja asennamme tilaamasi hydraulij\u00e4rjestelm\u00e4n ja olemme valmiita neuvomaan erilaisissa hydrauliikkaan liittyviss\u00e4 asioissa.\",\"breadcrumb\":{\"@id\":\"https:\/\/hyd.ee\/fi\/palvelut\/hudrojaamade-projekteerimine-ja-koostamine\/hydraulikonsultointi\/#breadcrumb\"},\"inLanguage\":\"fi\",\"potentialAction\":[{\"@type\":\"ReadAction\",\"target\":[\"https:\/\/hyd.ee\/fi\/palvelut\/hudrojaamade-projekteerimine-ja-koostamine\/hydraulikonsultointi\/\"]}]},{\"@type\":\"BreadcrumbList\",\"@id\":\"https:\/\/hyd.ee\/fi\/palvelut\/hudrojaamade-projekteerimine-ja-koostamine\/hydraulikonsultointi\/#breadcrumb\",\"itemListElement\":[{\"@type\":\"ListItem\",\"position\":1,\"name\":\"Avaleht\",\"item\":\"https:\/\/hyd.ee\/fi\/\"},{\"@type\":\"ListItem\",\"position\":2,\"name\":\"Palvelut\",\"item\":\"https:\/\/hyd.ee\/fi\/palvelut\/\"},{\"@type\":\"ListItem\",\"position\":3,\"name\":\"Hydroaseman suunnittelu ja rakentaminen\",\"item\":\"https:\/\/hyd.ee\/fi\/palvelut\/hudrojaamade-projekteerimine-ja-koostamine\/\"},{\"@type\":\"ListItem\",\"position\":4,\"name\":\"Hydraulikonsultointi\"}]},{\"@type\":\"WebSite\",\"@id\":\"https:\/\/hyd.ee\/#website\",\"url\":\"https:\/\/hyd.ee\/\",\"name\":\"HYD koduleht\",\"description\":\"H\u00fcdraulika abi\",\"publisher\":{\"@id\":\"https:\/\/hyd.ee\/#organization\"},\"potentialAction\":[{\"@type\":\"SearchAction\",\"target\":{\"@type\":\"EntryPoint\",\"urlTemplate\":\"https:\/\/hyd.ee\/?s={search_term_string}\"},\"query-input\":\"required name=search_term_string\"}],\"inLanguage\":\"fi\"},{\"@type\":\"Organization\",\"@id\":\"https:\/\/hyd.ee\/#organization\",\"name\":\"HYD Solutions O\u00dc\",\"url\":\"https:\/\/hyd.ee\/\",\"logo\":{\"@type\":\"ImageObject\",\"inLanguage\":\"fi\",\"@id\":\"https:\/\/hyd.ee\/#\/schema\/logo\/image\/\",\"url\":\"https:\/\/hyd.ee\/wp-content\/uploads\/2019\/11\/hyd-logo.png\",\"contentUrl\":\"https:\/\/hyd.ee\/wp-content\/uploads\/2019\/11\/hyd-logo.png\",\"width\":898,\"height\":278,\"caption\":\"HYD Solutions O\u00dc\"},\"image\":{\"@id\":\"https:\/\/hyd.ee\/#\/schema\/logo\/image\/\"},\"sameAs\":[\"https:\/\/www.facebook.com\/Hydraulikalahendused\",\"https:\/\/www.linkedin.com\/company\/hydraulicsestonia\/?viewAsMember=true\"]}]}<\/script>\n<!-- \/ Yoast SEO plugin. -->","yoast_head_json":{"title":"Hydraulikonsultointi - HYD koduleht","description":"Hydraulikonsultointi. Suunnittelemme, rakennamme ja asennamme tilaamasi hydraulij\u00e4rjestelm\u00e4n ja olemme valmiita neuvomaan erilaisissa hydrauliikkaan liittyviss\u00e4 asioissa.","robots":{"index":"index","follow":"follow","max-snippet":"max-snippet:-1","max-image-preview":"max-image-preview:large","max-video-preview":"max-video-preview:-1"},"canonical":"https:\/\/hyd.ee\/fi\/palvelut\/hudrojaamade-projekteerimine-ja-koostamine\/hydraulikonsultointi\/","twitter_misc":{"Arvioitu lukuaika":"1 minuutti"},"schema":{"@context":"https:\/\/schema.org","@graph":[{"@type":"WebPage","@id":"https:\/\/hyd.ee\/fi\/palvelut\/hudrojaamade-projekteerimine-ja-koostamine\/hydraulikonsultointi\/","url":"https:\/\/hyd.ee\/fi\/palvelut\/hudrojaamade-projekteerimine-ja-koostamine\/hydraulikonsultointi\/","name":"Hydraulikonsultointi - HYD koduleht","isPartOf":{"@id":"https:\/\/hyd.ee\/#website"},"datePublished":"2020-03-17T11:50:50+00:00","dateModified":"2023-05-02T06:55:06+00:00","description":"Hydraulikonsultointi. Suunnittelemme, rakennamme ja asennamme tilaamasi hydraulij\u00e4rjestelm\u00e4n ja olemme valmiita neuvomaan erilaisissa hydrauliikkaan liittyviss\u00e4 asioissa.","breadcrumb":{"@id":"https:\/\/hyd.ee\/fi\/palvelut\/hudrojaamade-projekteerimine-ja-koostamine\/hydraulikonsultointi\/#breadcrumb"},"inLanguage":"fi","potentialAction":[{"@type":"ReadAction","target":["https:\/\/hyd.ee\/fi\/palvelut\/hudrojaamade-projekteerimine-ja-koostamine\/hydraulikonsultointi\/"]}]},{"@type":"BreadcrumbList","@id":"https:\/\/hyd.ee\/fi\/palvelut\/hudrojaamade-projekteerimine-ja-koostamine\/hydraulikonsultointi\/#breadcrumb","itemListElement":[{"@type":"ListItem","position":1,"name":"Avaleht","item":"https:\/\/hyd.ee\/fi\/"},{"@type":"ListItem","position":2,"name":"Palvelut","item":"https:\/\/hyd.ee\/fi\/palvelut\/"},{"@type":"ListItem","position":3,"name":"Hydroaseman suunnittelu ja rakentaminen","item":"https:\/\/hyd.ee\/fi\/palvelut\/hudrojaamade-projekteerimine-ja-koostamine\/"},{"@type":"ListItem","position":4,"name":"Hydraulikonsultointi"}]},{"@type":"WebSite","@id":"https:\/\/hyd.ee\/#website","url":"https:\/\/hyd.ee\/","name":"HYD koduleht","description":"H\u00fcdraulika abi","publisher":{"@id":"https:\/\/hyd.ee\/#organization"},"potentialAction":[{"@type":"SearchAction","target":{"@type":"EntryPoint","urlTemplate":"https:\/\/hyd.ee\/?s={search_term_string}"},"query-input":"required name=search_term_string"}],"inLanguage":"fi"},{"@type":"Organization","@id":"https:\/\/hyd.ee\/#organization","name":"HYD Solutions O\u00dc","url":"https:\/\/hyd.ee\/","logo":{"@type":"ImageObject","inLanguage":"fi","@id":"https:\/\/hyd.ee\/#\/schema\/logo\/image\/","url":"https:\/\/hyd.ee\/wp-content\/uploads\/2019\/11\/hyd-logo.png","contentUrl":"https:\/\/hyd.ee\/wp-content\/uploads\/2019\/11\/hyd-logo.png","width":898,"height":278,"caption":"HYD Solutions O\u00dc"},"image":{"@id":"https:\/\/hyd.ee\/#\/schema\/logo\/image\/"},"sameAs":["https:\/\/www.facebook.com\/Hydraulikalahendused","https:\/\/www.linkedin.com\/company\/hydraulicsestonia\/?viewAsMember=true"]}]}},"_links":{"self":[{"href":"https:\/\/hyd.ee\/fi\/wp-json\/wp\/v2\/pages\/1979"}],"collection":[{"href":"https:\/\/hyd.ee\/fi\/wp-json\/wp\/v2\/pages"}],"about":[{"href":"https:\/\/hyd.ee\/fi\/wp-json\/wp\/v2\/types\/page"}],"author":[{"embeddable":true,"href":"https:\/\/hyd.ee\/fi\/wp-json\/wp\/v2\/users\/1"}],"replies":[{"embeddable":true,"href":"https:\/\/hyd.ee\/fi\/wp-json\/wp\/v2\/comments?post=1979"}],"version-history":[{"count":9,"href":"https:\/\/hyd.ee\/fi\/wp-json\/wp\/v2\/pages\/1979\/revisions"}],"predecessor-version":[{"id":8180,"href":"https:\/\/hyd.ee\/fi\/wp-json\/wp\/v2\/pages\/1979\/revisions\/8180"}],"up":[{"embeddable":true,"href":"https:\/\/hyd.ee\/fi\/wp-json\/wp\/v2\/pages\/1981"}],"wp:attachment":[{"href":"https:\/\/hyd.ee\/fi\/wp-json\/wp\/v2\/media?parent=1979"}],"curies":[{"name":"wp","href":"https:\/\/api.w.org\/{rel}","templated":true}]}}