{"id":1974,"date":"2020-07-20T12:34:30","date_gmt":"2020-07-20T12:34:30","guid":{"rendered":"https:\/\/hyd.ee\/hudraulikaseadmete-ning-susteemide-hooldus-ja-remont\/"},"modified":"2023-05-02T14:30:24","modified_gmt":"2023-05-02T14:30:24","slug":"hydraulisten-laitteiden-ja-jarjestelmien-huolto-ja-korjaus","status":"publish","type":"page","link":"https:\/\/hyd.ee\/fi\/palvelut\/hydraulisten-laitteiden-ja-jarjestelmien-huolto-ja-korjaus\/","title":{"rendered":"Hydraulisten laitteiden ja j\u00e4rjestelmien huolto ja korjaus"},"content":{"rendered":"<div>Hydraulij\u00e4rjestelm\u00e4t ovat luonteeltaan monimutkaisia, ja jos olet k\u00e4ytt\u00e4nyt sellaista, olet varmasti tietoinen sen tehokkaan toimivuuden t\u00e4rkeydest\u00e4. Niiden ei pit\u00e4isi olla vain oikein suunniteltuja ja valmistettuja, vaan ne my\u00f6s vaativat s\u00e4\u00e4nn\u00f6llist\u00e4 huoltoa koko elinkaarensa ajan pitk\u00e4n k\u00e4ytt\u00f6i\u00e4n ja turvallisuuden takaamiseksi.<\/div>\n<div><\/div>\n<div>Kaikki hydrauli- tai pneumaattisista j\u00e4rjestelmist\u00e4 kiinnostuneet ovat tervetulleita meille. Omassa korjaamossamme (Kriidi 4, Tallinna) tekemiemme huoltojen lis\u00e4ksi tarjoamme my\u00f6s liikkuvaa huoltoa ja korjausta asiakkaan tiloissa.<\/div>\n<p><!--EndFragment --><\/p>\n<p><a href=\"https:\/\/hyd.ee\/wp-content\/uploads\/2022\/05\/IMG_20210216_102427-scaled.jpg\"><img decoding=\"async\" loading=\"lazy\" class=\"alignnone wp-image-3099 size-thumbnail\" src=\"https:\/\/hyd.ee\/wp-content\/uploads\/2022\/05\/IMG_20210216_102427-150x150.jpg\" alt=\"\" width=\"150\" height=\"150\" \/><\/a> <a href=\"https:\/\/hyd.ee\/wp-content\/uploads\/2022\/05\/IMG_20210216_102638-scaled.jpg\"><img decoding=\"async\" loading=\"lazy\" class=\"alignnone wp-image-3093 size-thumbnail\" src=\"https:\/\/hyd.ee\/wp-content\/uploads\/2022\/05\/IMG_20210216_102638-150x150.jpg\" alt=\"\" width=\"150\" height=\"150\" \/><\/a><\/p>\n","protected":false},"excerpt":{"rendered":"<p>Hydraulij\u00e4rjestelm\u00e4t ovat luonteeltaan monimutkaisia, ja jos olet k\u00e4ytt\u00e4nyt sellaista, olet varmasti tietoinen sen tehokkaan toimivuuden t\u00e4rkeydest\u00e4. Niiden ei pit\u00e4isi olla vain oikein suunniteltuja ja valmistettuja, vaan ne my\u00f6s vaativat s\u00e4\u00e4nn\u00f6llist\u00e4 huoltoa koko elinkaarensa ajan pitk\u00e4n k\u00e4ytt\u00f6i\u00e4n ja turvallisuuden takaamiseksi. Kaikki hydrauli- tai pneumaattisista j\u00e4rjestelmist\u00e4 kiinnostuneet ovat tervetulleita meille. Omassa korjaamossamme (Kriidi 4, Tallinna) tekemiemme huoltojen [&#8230;]\n","protected":false},"author":1,"featured_media":3095,"parent":2605,"menu_order":4,"comment_status":"closed","ping_status":"closed","template":"page-left-sidebar-teenused.php","meta":{"_exactmetrics_skip_tracking":false,"_exactmetrics_sitenote_active":false,"_exactmetrics_sitenote_note":"","_exactmetrics_sitenote_category":0,"_wp_rev_ctl_limit":""},"acf":[],"yoast_head":"<!-- This site is optimized with the Yoast SEO plugin v20.8 - https:\/\/yoast.com\/wordpress\/plugins\/seo\/ -->\n<title>Hydraulisten laitteiden ja j\u00e4rjestelmien huolto ja korjaus - HYD koduleht<\/title>\n<meta name=\"description\" content=\"Kaikki hydrauli- tai pneumaattisista j\u00e4rjestelmist\u00e4 kiinnostuneet ovat tervetulleita meille.\" \/>\n<meta name=\"robots\" content=\"index, follow, max-snippet:-1, max-image-preview:large, max-video-preview:-1\" \/>\n<link rel=\"canonical\" href=\"https:\/\/hyd.ee\/fi\/palvelut\/hydraulisten-laitteiden-ja-jarjestelmien-huolto-ja-korjaus\/\" \/>\n<meta name=\"twitter:label1\" content=\"Arvioitu lukuaika\" \/>\n\t<meta name=\"twitter:data1\" content=\"1 minuutti\" \/>\n<script type=\"application\/ld+json\" class=\"yoast-schema-graph\">{\"@context\":\"https:\/\/schema.org\",\"@graph\":[{\"@type\":\"WebPage\",\"@id\":\"https:\/\/hyd.ee\/fi\/palvelut\/hydraulisten-laitteiden-ja-jarjestelmien-huolto-ja-korjaus\/\",\"url\":\"https:\/\/hyd.ee\/fi\/palvelut\/hydraulisten-laitteiden-ja-jarjestelmien-huolto-ja-korjaus\/\",\"name\":\"Hydraulisten laitteiden ja j\u00e4rjestelmien huolto ja korjaus - HYD koduleht\",\"isPartOf\":{\"@id\":\"https:\/\/hyd.ee\/#website\"},\"datePublished\":\"2020-07-20T12:34:30+00:00\",\"dateModified\":\"2023-05-02T14:30:24+00:00\",\"description\":\"Kaikki hydrauli- tai pneumaattisista j\u00e4rjestelmist\u00e4 kiinnostuneet ovat tervetulleita meille.\",\"breadcrumb\":{\"@id\":\"https:\/\/hyd.ee\/fi\/palvelut\/hydraulisten-laitteiden-ja-jarjestelmien-huolto-ja-korjaus\/#breadcrumb\"},\"inLanguage\":\"fi\",\"potentialAction\":[{\"@type\":\"ReadAction\",\"target\":[\"https:\/\/hyd.ee\/fi\/palvelut\/hydraulisten-laitteiden-ja-jarjestelmien-huolto-ja-korjaus\/\"]}]},{\"@type\":\"BreadcrumbList\",\"@id\":\"https:\/\/hyd.ee\/fi\/palvelut\/hydraulisten-laitteiden-ja-jarjestelmien-huolto-ja-korjaus\/#breadcrumb\",\"itemListElement\":[{\"@type\":\"ListItem\",\"position\":1,\"name\":\"Avaleht\",\"item\":\"https:\/\/hyd.ee\/fi\/\"},{\"@type\":\"ListItem\",\"position\":2,\"name\":\"Palvelut\",\"item\":\"https:\/\/hyd.ee\/fi\/palvelut\/\"},{\"@type\":\"ListItem\",\"position\":3,\"name\":\"Hydraulisten laitteiden ja j\u00e4rjestelmien huolto ja korjaus\"}]},{\"@type\":\"WebSite\",\"@id\":\"https:\/\/hyd.ee\/#website\",\"url\":\"https:\/\/hyd.ee\/\",\"name\":\"HYD koduleht\",\"description\":\"H\u00fcdraulika abi\",\"publisher\":{\"@id\":\"https:\/\/hyd.ee\/#organization\"},\"potentialAction\":[{\"@type\":\"SearchAction\",\"target\":{\"@type\":\"EntryPoint\",\"urlTemplate\":\"https:\/\/hyd.ee\/?s={search_term_string}\"},\"query-input\":\"required name=search_term_string\"}],\"inLanguage\":\"fi\"},{\"@type\":\"Organization\",\"@id\":\"https:\/\/hyd.ee\/#organization\",\"name\":\"HYD Solutions O\u00dc\",\"url\":\"https:\/\/hyd.ee\/\",\"logo\":{\"@type\":\"ImageObject\",\"inLanguage\":\"fi\",\"@id\":\"https:\/\/hyd.ee\/#\/schema\/logo\/image\/\",\"url\":\"https:\/\/hyd.ee\/wp-content\/uploads\/2019\/11\/hyd-logo.png\",\"contentUrl\":\"https:\/\/hyd.ee\/wp-content\/uploads\/2019\/11\/hyd-logo.png\",\"width\":898,\"height\":278,\"caption\":\"HYD Solutions O\u00dc\"},\"image\":{\"@id\":\"https:\/\/hyd.ee\/#\/schema\/logo\/image\/\"},\"sameAs\":[\"https:\/\/www.facebook.com\/Hydraulikalahendused\",\"https:\/\/www.linkedin.com\/company\/hydraulicsestonia\/?viewAsMember=true\"]}]}<\/script>\n<!-- \/ Yoast SEO plugin. -->","yoast_head_json":{"title":"Hydraulisten laitteiden ja j\u00e4rjestelmien huolto ja korjaus - HYD koduleht","description":"Kaikki hydrauli- tai pneumaattisista j\u00e4rjestelmist\u00e4 kiinnostuneet ovat tervetulleita meille.","robots":{"index":"index","follow":"follow","max-snippet":"max-snippet:-1","max-image-preview":"max-image-preview:large","max-video-preview":"max-video-preview:-1"},"canonical":"https:\/\/hyd.ee\/fi\/palvelut\/hydraulisten-laitteiden-ja-jarjestelmien-huolto-ja-korjaus\/","twitter_misc":{"Arvioitu lukuaika":"1 minuutti"},"schema":{"@context":"https:\/\/schema.org","@graph":[{"@type":"WebPage","@id":"https:\/\/hyd.ee\/fi\/palvelut\/hydraulisten-laitteiden-ja-jarjestelmien-huolto-ja-korjaus\/","url":"https:\/\/hyd.ee\/fi\/palvelut\/hydraulisten-laitteiden-ja-jarjestelmien-huolto-ja-korjaus\/","name":"Hydraulisten laitteiden ja j\u00e4rjestelmien huolto ja korjaus - HYD koduleht","isPartOf":{"@id":"https:\/\/hyd.ee\/#website"},"datePublished":"2020-07-20T12:34:30+00:00","dateModified":"2023-05-02T14:30:24+00:00","description":"Kaikki hydrauli- tai pneumaattisista j\u00e4rjestelmist\u00e4 kiinnostuneet ovat tervetulleita meille.","breadcrumb":{"@id":"https:\/\/hyd.ee\/fi\/palvelut\/hydraulisten-laitteiden-ja-jarjestelmien-huolto-ja-korjaus\/#breadcrumb"},"inLanguage":"fi","potentialAction":[{"@type":"ReadAction","target":["https:\/\/hyd.ee\/fi\/palvelut\/hydraulisten-laitteiden-ja-jarjestelmien-huolto-ja-korjaus\/"]}]},{"@type":"BreadcrumbList","@id":"https:\/\/hyd.ee\/fi\/palvelut\/hydraulisten-laitteiden-ja-jarjestelmien-huolto-ja-korjaus\/#breadcrumb","itemListElement":[{"@type":"ListItem","position":1,"name":"Avaleht","item":"https:\/\/hyd.ee\/fi\/"},{"@type":"ListItem","position":2,"name":"Palvelut","item":"https:\/\/hyd.ee\/fi\/palvelut\/"},{"@type":"ListItem","position":3,"name":"Hydraulisten laitteiden ja j\u00e4rjestelmien huolto ja korjaus"}]},{"@type":"WebSite","@id":"https:\/\/hyd.ee\/#website","url":"https:\/\/hyd.ee\/","name":"HYD koduleht","description":"H\u00fcdraulika abi","publisher":{"@id":"https:\/\/hyd.ee\/#organization"},"potentialAction":[{"@type":"SearchAction","target":{"@type":"EntryPoint","urlTemplate":"https:\/\/hyd.ee\/?s={search_term_string}"},"query-input":"required name=search_term_string"}],"inLanguage":"fi"},{"@type":"Organization","@id":"https:\/\/hyd.ee\/#organization","name":"HYD Solutions O\u00dc","url":"https:\/\/hyd.ee\/","logo":{"@type":"ImageObject","inLanguage":"fi","@id":"https:\/\/hyd.ee\/#\/schema\/logo\/image\/","url":"https:\/\/hyd.ee\/wp-content\/uploads\/2019\/11\/hyd-logo.png","contentUrl":"https:\/\/hyd.ee\/wp-content\/uploads\/2019\/11\/hyd-logo.png","width":898,"height":278,"caption":"HYD Solutions O\u00dc"},"image":{"@id":"https:\/\/hyd.ee\/#\/schema\/logo\/image\/"},"sameAs":["https:\/\/www.facebook.com\/Hydraulikalahendused","https:\/\/www.linkedin.com\/company\/hydraulicsestonia\/?viewAsMember=true"]}]}},"_links":{"self":[{"href":"https:\/\/hyd.ee\/fi\/wp-json\/wp\/v2\/pages\/1974"}],"collection":[{"href":"https:\/\/hyd.ee\/fi\/wp-json\/wp\/v2\/pages"}],"about":[{"href":"https:\/\/hyd.ee\/fi\/wp-json\/wp\/v2\/types\/page"}],"author":[{"embeddable":true,"href":"https:\/\/hyd.ee\/fi\/wp-json\/wp\/v2\/users\/1"}],"replies":[{"embeddable":true,"href":"https:\/\/hyd.ee\/fi\/wp-json\/wp\/v2\/comments?post=1974"}],"version-history":[{"count":19,"href":"https:\/\/hyd.ee\/fi\/wp-json\/wp\/v2\/pages\/1974\/revisions"}],"predecessor-version":[{"id":8182,"href":"https:\/\/hyd.ee\/fi\/wp-json\/wp\/v2\/pages\/1974\/revisions\/8182"}],"up":[{"embeddable":true,"href":"https:\/\/hyd.ee\/fi\/wp-json\/wp\/v2\/pages\/2605"}],"wp:featuredmedia":[{"embeddable":true,"href":"https:\/\/hyd.ee\/fi\/wp-json\/wp\/v2\/media\/3095"}],"wp:attachment":[{"href":"https:\/\/hyd.ee\/fi\/wp-json\/wp\/v2\/media?parent=1974"}],"curies":[{"name":"wp","href":"https:\/\/api.w.org\/{rel}","templated":true}]}}