{"id":1971,"date":"2020-07-20T12:36:11","date_gmt":"2020-07-20T12:36:11","guid":{"rendered":"https:\/\/hyd.ee\/hudrosilindrite-remont\/"},"modified":"2023-05-05T11:48:36","modified_gmt":"2023-05-05T11:48:36","slug":"hudrosilindrite-remont","status":"publish","type":"page","link":"https:\/\/hyd.ee\/fi\/palvelut\/hudrosilindrite-remont\/","title":{"rendered":"Hydraulisylinterien korjaus"},"content":{"rendered":"<div>Hydraulisylinterien korjauksen yhteydess\u00e4 on eritt\u00e4in t\u00e4rke\u00e4\u00e4 l\u00f6yt\u00e4\u00e4 nopea ratkaisu, koska paikallaan oleva kone tai laite est\u00e4\u00e4 yrityksen normaalin toiminnan. Olipa kyseess\u00e4 osien vaihto tai korjaus, voit olla varma, ett\u00e4 l\u00f6yd\u00e4mme yhdess\u00e4 j\u00e4rkevimm\u00e4n ratkaisun. Varastossamme on laaja valikoima sylinterin tiivisteit\u00e4 ja sylinteritankomateriaaleja, mik\u00e4 takaa lyhyen korjausajan.<\/div>\n<div><\/div>\n<div>Suoritamme seuraavat ty\u00f6t:<\/div>\n<div><\/div>\n<div>-sylinterin vikaantuminen<\/div>\n<div><\/div>\n<div>&#8211; sylinterin tiivisteiden vaihto<\/div>\n<div><\/div>\n<div>&#8211; uuden sylinteritangon valmistus<\/div>\n<div><\/div>\n<div>&#8211; uuden sylinteriholkin valmistus<\/div>\n<div><\/div>\n<div>&#8211; sylinterin testaus<\/div>\n<div><\/div>\n<div><\/div>\n<div>Teemme kaikki ty\u00f6t yhteisty\u00f6ss\u00e4 asiakkaan kanssa h\u00e4nen tarpeet ja mahdollisuudet huomioiden.<\/div>\n<div><\/div>\n<div>Jos hydraulisylinterisi tarvitsee korjausta tai ei toimi niin kuin pit\u00e4isi, ota meihin yhteytt\u00e4.<\/div>\n<p><a href=\"https:\/\/hyd.ee\/wp-content\/uploads\/2021\/02\/silindri-remont-scaled.jpg\">\u00a0 <\/a> <a href=\"https:\/\/hyd.ee\/wp-content\/uploads\/2022\/05\/IMG_20210219_105803-scaled.jpg\"><img decoding=\"async\" loading=\"lazy\" class=\"alignnone wp-image-3016 size-thumbnail\" src=\"https:\/\/hyd.ee\/wp-content\/uploads\/2022\/05\/IMG_20210219_105803-150x150.jpg\" alt=\"\" width=\"150\" height=\"150\" \/><\/a> <a href=\"https:\/\/hyd.ee\/wp-content\/uploads\/2022\/05\/IMG_20210219_105807-scaled.jpg\"><img decoding=\"async\" loading=\"lazy\" class=\"alignnone wp-image-3019 size-thumbnail\" src=\"https:\/\/hyd.ee\/wp-content\/uploads\/2022\/05\/IMG_20210219_105807-150x150.jpg\" alt=\"\" width=\"150\" height=\"150\" \/> <\/a><a href=\"https:\/\/hyd.ee\/wp-content\/uploads\/2022\/05\/IMG_20210219_105648-scaled.jpg\"><img decoding=\"async\" loading=\"lazy\" class=\"alignnone wp-image-3010 size-thumbnail\" src=\"https:\/\/hyd.ee\/wp-content\/uploads\/2022\/05\/IMG_20210219_105648-150x150.jpg\" alt=\"\" width=\"150\" height=\"150\" \/><\/a><\/p>\n","protected":false},"excerpt":{"rendered":"<p>Hydraulisylinterien korjauksen yhteydess\u00e4 on eritt\u00e4in t\u00e4rke\u00e4\u00e4 l\u00f6yt\u00e4\u00e4 nopea ratkaisu, koska paikallaan oleva kone tai laite est\u00e4\u00e4 yrityksen normaalin toiminnan. Olipa kyseess\u00e4 osien vaihto tai korjaus, voit olla varma, ett\u00e4 l\u00f6yd\u00e4mme yhdess\u00e4 j\u00e4rkevimm\u00e4n ratkaisun. Varastossamme on laaja valikoima sylinterin tiivisteit\u00e4 ja sylinteritankomateriaaleja, mik\u00e4 takaa lyhyen korjausajan. Suoritamme seuraavat ty\u00f6t: -sylinterin vikaantuminen &#8211; sylinterin tiivisteiden vaihto &#8211; [&#8230;]\n","protected":false},"author":1,"featured_media":3018,"parent":2605,"menu_order":5,"comment_status":"closed","ping_status":"closed","template":"page-left-sidebar-teenused.php","meta":{"_exactmetrics_skip_tracking":false,"_exactmetrics_sitenote_active":false,"_exactmetrics_sitenote_note":"","_exactmetrics_sitenote_category":0,"_wp_rev_ctl_limit":""},"acf":[],"yoast_head":"<!-- This site is optimized with the Yoast SEO plugin v20.8 - https:\/\/yoast.com\/wordpress\/plugins\/seo\/ -->\n<title>Hydraulisylinterien korjaus - HYD koduleht<\/title>\n<meta name=\"description\" content=\"Tooge meile oma vigane silinder; parandame, hooldame v\u00f5i teeme uue. Voitte meille tuoda viallisen sylinterin; korjaamme, huollamme tai teemme uuden\" \/>\n<meta name=\"robots\" content=\"index, follow, max-snippet:-1, max-image-preview:large, max-video-preview:-1\" \/>\n<link rel=\"canonical\" href=\"https:\/\/hyd.ee\/fi\/palvelut\/hudrosilindrite-remont\/\" \/>\n<meta name=\"twitter:label1\" content=\"Arvioitu lukuaika\" \/>\n\t<meta name=\"twitter:data1\" content=\"2 minuuttia\" \/>\n<script type=\"application\/ld+json\" class=\"yoast-schema-graph\">{\"@context\":\"https:\/\/schema.org\",\"@graph\":[{\"@type\":\"WebPage\",\"@id\":\"https:\/\/hyd.ee\/fi\/palvelut\/hudrosilindrite-remont\/\",\"url\":\"https:\/\/hyd.ee\/fi\/palvelut\/hudrosilindrite-remont\/\",\"name\":\"Hydraulisylinterien korjaus - HYD koduleht\",\"isPartOf\":{\"@id\":\"https:\/\/hyd.ee\/#website\"},\"datePublished\":\"2020-07-20T12:36:11+00:00\",\"dateModified\":\"2023-05-05T11:48:36+00:00\",\"description\":\"Tooge meile oma vigane silinder; parandame, hooldame v\u00f5i teeme uue. Voitte meille tuoda viallisen sylinterin; korjaamme, huollamme tai teemme uuden\",\"breadcrumb\":{\"@id\":\"https:\/\/hyd.ee\/fi\/palvelut\/hudrosilindrite-remont\/#breadcrumb\"},\"inLanguage\":\"fi\",\"potentialAction\":[{\"@type\":\"ReadAction\",\"target\":[\"https:\/\/hyd.ee\/fi\/palvelut\/hudrosilindrite-remont\/\"]}]},{\"@type\":\"BreadcrumbList\",\"@id\":\"https:\/\/hyd.ee\/fi\/palvelut\/hudrosilindrite-remont\/#breadcrumb\",\"itemListElement\":[{\"@type\":\"ListItem\",\"position\":1,\"name\":\"Avaleht\",\"item\":\"https:\/\/hyd.ee\/fi\/\"},{\"@type\":\"ListItem\",\"position\":2,\"name\":\"Palvelut\",\"item\":\"https:\/\/hyd.ee\/fi\/palvelut\/\"},{\"@type\":\"ListItem\",\"position\":3,\"name\":\"Hydraulisylinterien korjaus\"}]},{\"@type\":\"WebSite\",\"@id\":\"https:\/\/hyd.ee\/#website\",\"url\":\"https:\/\/hyd.ee\/\",\"name\":\"HYD koduleht\",\"description\":\"H\u00fcdraulika abi\",\"publisher\":{\"@id\":\"https:\/\/hyd.ee\/#organization\"},\"potentialAction\":[{\"@type\":\"SearchAction\",\"target\":{\"@type\":\"EntryPoint\",\"urlTemplate\":\"https:\/\/hyd.ee\/?s={search_term_string}\"},\"query-input\":\"required name=search_term_string\"}],\"inLanguage\":\"fi\"},{\"@type\":\"Organization\",\"@id\":\"https:\/\/hyd.ee\/#organization\",\"name\":\"HYD Solutions O\u00dc\",\"url\":\"https:\/\/hyd.ee\/\",\"logo\":{\"@type\":\"ImageObject\",\"inLanguage\":\"fi\",\"@id\":\"https:\/\/hyd.ee\/#\/schema\/logo\/image\/\",\"url\":\"https:\/\/hyd.ee\/wp-content\/uploads\/2019\/11\/hyd-logo.png\",\"contentUrl\":\"https:\/\/hyd.ee\/wp-content\/uploads\/2019\/11\/hyd-logo.png\",\"width\":898,\"height\":278,\"caption\":\"HYD Solutions O\u00dc\"},\"image\":{\"@id\":\"https:\/\/hyd.ee\/#\/schema\/logo\/image\/\"},\"sameAs\":[\"https:\/\/www.facebook.com\/Hydraulikalahendused\",\"https:\/\/www.linkedin.com\/company\/hydraulicsestonia\/?viewAsMember=true\"]}]}<\/script>\n<!-- \/ Yoast SEO plugin. -->","yoast_head_json":{"title":"Hydraulisylinterien korjaus - HYD koduleht","description":"Tooge meile oma vigane silinder; parandame, hooldame v\u00f5i teeme uue. Voitte meille tuoda viallisen sylinterin; korjaamme, huollamme tai teemme uuden","robots":{"index":"index","follow":"follow","max-snippet":"max-snippet:-1","max-image-preview":"max-image-preview:large","max-video-preview":"max-video-preview:-1"},"canonical":"https:\/\/hyd.ee\/fi\/palvelut\/hudrosilindrite-remont\/","twitter_misc":{"Arvioitu lukuaika":"2 minuuttia"},"schema":{"@context":"https:\/\/schema.org","@graph":[{"@type":"WebPage","@id":"https:\/\/hyd.ee\/fi\/palvelut\/hudrosilindrite-remont\/","url":"https:\/\/hyd.ee\/fi\/palvelut\/hudrosilindrite-remont\/","name":"Hydraulisylinterien korjaus - HYD koduleht","isPartOf":{"@id":"https:\/\/hyd.ee\/#website"},"datePublished":"2020-07-20T12:36:11+00:00","dateModified":"2023-05-05T11:48:36+00:00","description":"Tooge meile oma vigane silinder; parandame, hooldame v\u00f5i teeme uue. Voitte meille tuoda viallisen sylinterin; korjaamme, huollamme tai teemme uuden","breadcrumb":{"@id":"https:\/\/hyd.ee\/fi\/palvelut\/hudrosilindrite-remont\/#breadcrumb"},"inLanguage":"fi","potentialAction":[{"@type":"ReadAction","target":["https:\/\/hyd.ee\/fi\/palvelut\/hudrosilindrite-remont\/"]}]},{"@type":"BreadcrumbList","@id":"https:\/\/hyd.ee\/fi\/palvelut\/hudrosilindrite-remont\/#breadcrumb","itemListElement":[{"@type":"ListItem","position":1,"name":"Avaleht","item":"https:\/\/hyd.ee\/fi\/"},{"@type":"ListItem","position":2,"name":"Palvelut","item":"https:\/\/hyd.ee\/fi\/palvelut\/"},{"@type":"ListItem","position":3,"name":"Hydraulisylinterien korjaus"}]},{"@type":"WebSite","@id":"https:\/\/hyd.ee\/#website","url":"https:\/\/hyd.ee\/","name":"HYD koduleht","description":"H\u00fcdraulika abi","publisher":{"@id":"https:\/\/hyd.ee\/#organization"},"potentialAction":[{"@type":"SearchAction","target":{"@type":"EntryPoint","urlTemplate":"https:\/\/hyd.ee\/?s={search_term_string}"},"query-input":"required name=search_term_string"}],"inLanguage":"fi"},{"@type":"Organization","@id":"https:\/\/hyd.ee\/#organization","name":"HYD Solutions O\u00dc","url":"https:\/\/hyd.ee\/","logo":{"@type":"ImageObject","inLanguage":"fi","@id":"https:\/\/hyd.ee\/#\/schema\/logo\/image\/","url":"https:\/\/hyd.ee\/wp-content\/uploads\/2019\/11\/hyd-logo.png","contentUrl":"https:\/\/hyd.ee\/wp-content\/uploads\/2019\/11\/hyd-logo.png","width":898,"height":278,"caption":"HYD Solutions O\u00dc"},"image":{"@id":"https:\/\/hyd.ee\/#\/schema\/logo\/image\/"},"sameAs":["https:\/\/www.facebook.com\/Hydraulikalahendused","https:\/\/www.linkedin.com\/company\/hydraulicsestonia\/?viewAsMember=true"]}]}},"_links":{"self":[{"href":"https:\/\/hyd.ee\/fi\/wp-json\/wp\/v2\/pages\/1971"}],"collection":[{"href":"https:\/\/hyd.ee\/fi\/wp-json\/wp\/v2\/pages"}],"about":[{"href":"https:\/\/hyd.ee\/fi\/wp-json\/wp\/v2\/types\/page"}],"author":[{"embeddable":true,"href":"https:\/\/hyd.ee\/fi\/wp-json\/wp\/v2\/users\/1"}],"replies":[{"embeddable":true,"href":"https:\/\/hyd.ee\/fi\/wp-json\/wp\/v2\/comments?post=1971"}],"version-history":[{"count":19,"href":"https:\/\/hyd.ee\/fi\/wp-json\/wp\/v2\/pages\/1971\/revisions"}],"predecessor-version":[{"id":8214,"href":"https:\/\/hyd.ee\/fi\/wp-json\/wp\/v2\/pages\/1971\/revisions\/8214"}],"up":[{"embeddable":true,"href":"https:\/\/hyd.ee\/fi\/wp-json\/wp\/v2\/pages\/2605"}],"wp:featuredmedia":[{"embeddable":true,"href":"https:\/\/hyd.ee\/fi\/wp-json\/wp\/v2\/media\/3018"}],"wp:attachment":[{"href":"https:\/\/hyd.ee\/fi\/wp-json\/wp\/v2\/media?parent=1971"}],"curies":[{"name":"wp","href":"https:\/\/api.w.org\/{rel}","templated":true}]}}